{"id":41307,"date":"2025-07-29T12:45:39","date_gmt":"2025-07-29T12:45:39","guid":{"rendered":"https:\/\/loosen.lt\/produktas\/natures-home-glikozamins-kolagens-hondroitins-msm-n120\/"},"modified":"2025-11-06T14:30:29","modified_gmt":"2025-11-06T14:30:29","slug":"natures-home-glikozamins-kolagens-hondroitins-msm-n120","status":"publish","type":"product","link":"https:\/\/loosen.lt\/lv\/produkts\/natures-home-glikozamins-kolagens-hondroitins-msm-n120\/","title":{"rendered":"Nature&#8217;s Home glikozam\u012bns, kolag\u0113ns, hondroit\u012bns, MSM N120"},"content":{"rendered":"<p>&#8220;Glikozam\u012bns Plus Kolag\u0113ns, Hondroit\u012bns, MSM&#8221; ir sp\u0113c\u012bga se\u0161u akt\u012bvo sast\u0101vda\u013cu kombin\u0101cija, kas rad\u012bta, lai dabiski uztur\u0113tu kust\u012bbu br\u012bv\u012bbu un labu fizisko formu. Katra tablete apvieno siner\u0123iskas sast\u0101vda\u013cas, kas pal\u012bdz saglab\u0101t loc\u012btavu elast\u012bbu un nodro\u0161ina komfortu ikdienas aktivit\u0101t\u0113s.<\/p>\n<p>&nbsp;<\/p>\n<p><strong>Sast\u0101vda\u013cas<\/strong>: glikozam\u012bna sulf\u0101ts (ieg\u016bts no v\u0113\u017eveid\u012bgajiem), pildviela \u2013 mikrokrist\u0101lisk\u0101 celuloze, metilsulfonilmet\u0101ns (MSM), hondroit\u012bna sulf\u0101ts, liellopu kolag\u0113ns, citrusaug\u013cu (Citrus aurantium) bioflavono\u012bdi, pretsalipes vielas \u2013 sil\u012bcija dioks\u012bds un tauksk\u0101bju magnija s\u0101\u013ci, glaz\u016bras l\u012bdzeklis \u2013 hidroksipropilmetilceluloze, ingvera (Zingiber officinale) saknes ekstrakts (koncentr\u0101cija 20:1), k\u0101 ar\u012b glaz\u016bras l\u012bdzek\u013cu sast\u0101vda\u013cas \u2013 glicer\u012bns un karnaubvasks.<\/p>\n<p>&nbsp;<\/p>\n<table style=\"height: 461px;\" width=\"501\">\n<tbody>\n<tr>\n<td width=\"188\"><strong>Divas tabletes satur:<\/strong><\/td>\n<td width=\"188\">&nbsp;<\/td>\n<\/tr>\n<tr>\n<td width=\"188\">Glikozam\u012bna sulf\u0101ts<\/td>\n<td width=\"188\">1000mg<\/td>\n<\/tr>\n<tr>\n<td width=\"188\">Metilsulfonilmet\u0101ns (MSM)<\/td>\n<td width=\"188\">267mg<\/td>\n<\/tr>\n<tr>\n<td width=\"188\">Hondroit\u012bna sulf\u0101ts<\/td>\n<td width=\"188\">200mg<\/td>\n<\/tr>\n<tr>\n<td width=\"188\">Kolag\u0113ns<\/td>\n<td width=\"188\">200mg<\/td>\n<\/tr>\n<tr>\n<td width=\"188\">Citrusaug\u013cu bioflavono\u012bdi<\/td>\n<td width=\"188\">200mg<\/td>\n<\/tr>\n<tr>\n<td width=\"188\">Ingvera ekstrakts,<\/td>\n<td width=\"188\">10mg<\/td>\n<\/tr>\n<tr>\n<td width=\"188\">satur gingerolus<\/td>\n<td width=\"188\">0,5mg<\/td>\n<\/tr>\n<\/tbody>\n<\/table>\n<p>&nbsp;<\/p>\n<p><strong>Lieto\u0161ana<\/strong>: Ieteicams lietot 1 tableti divas reizes dien\u0101 \u0113dienrei\u017eu laik\u0101. Piem\u0113rots b\u0113rniem no 12 gadu vecuma.<\/p>\n<p>&nbsp;<\/p>\n<p><strong>Uzglab\u0101\u0161anas apst\u0101k\u013ci:<\/strong><\/p>\n<p>Uzglab\u0101t v\u0113s\u0101, saus\u0101 viet\u0101. Sarg\u0101t no b\u0113rniem.<\/p>\n<p>Ra\u017eot\u0101js: UAB &#8220;Domus Naturae&#8221;<\/p>\n<p>Neto daudzums: 154,4 g.<\/p>\n<p>Ieteicams l\u012bdz (der\u012bguma termi\u0146\u0161): Ieteicams l\u012bdz datums, kas nor\u0101d\u012bts iepakojuma s\u0101nos, aug\u0161pus\u0113 vai apak\u0161\u0101.<\/p>\n<p><strong>Br\u012bdin\u0101jums:<\/strong><\/p>\n<p>Uztura bag\u0101tin\u0101t\u0101js nav \u0113dienreizes aizvietot\u0101js. Svar\u012bgs ir daudzveid\u012bgs un sabalans\u0113ts uzturs un vesel\u012bgs dz\u012bvesveids. Ja esat gr\u016btniece, barojat b\u0113rnu ar kr\u016bti vai lietojat citas z\u0101les, pirms lieto\u0161anas konsult\u0113jieties ar \u0101rstu vai farmaceitu. Nep\u0101rsniedziet ieteicamo devu.<\/p>\n","protected":false},"excerpt":{"rendered":"<p>Izv\u0113loties &#8220;Glikozam\u012bns Plus Kolag\u0113ns, Hondroit\u012bns, MSM&#8221;, j\u016bs r\u016bp\u0113jaties par sav\u0101m loc\u012btav\u0101m, nodro\u0161inot kust\u012bbu br\u012bv\u012bbu un ikdienas komfortu.<\/p>\n<p>&nbsp;<\/p>\n<p><strong>Galven\u0101s iez\u012bmes:<\/strong><\/p>\n<ul>\n<li>pal\u012bdz uztur\u0113t norm\u0101lu kust\u012bbu un fizisko st\u0101vokli<\/li>\n<\/ul>\n","protected":false},"featured_media":41086,"comment_status":"open","ping_status":"closed","template":"","meta":{"inline_featured_image":false},"product_brand":[],"product_cat":[161,149],"product_tag":[],"class_list":{"0":"post-41307","1":"product","2":"type-product","3":"status-publish","4":"has-post-thumbnail","6":"product_cat-akcijas","7":"product_cat-kauli-un-locitavas","9":"first","10":"instock","11":"sale","12":"shipping-taxable","13":"purchasable","14":"product-type-simple"},"_links":{"self":[{"href":"https:\/\/loosen.lt\/lv\/wp-json\/wp\/v2\/product\/41307","targetHints":{"allow":["GET"]}}],"collection":[{"href":"https:\/\/loosen.lt\/lv\/wp-json\/wp\/v2\/product"}],"about":[{"href":"https:\/\/loosen.lt\/lv\/wp-json\/wp\/v2\/types\/product"}],"replies":[{"embeddable":true,"href":"https:\/\/loosen.lt\/lv\/wp-json\/wp\/v2\/comments?post=41307"}],"wp:featuredmedia":[{"embeddable":true,"href":"https:\/\/loosen.lt\/lv\/wp-json\/wp\/v2\/media\/41086"}],"wp:attachment":[{"href":"https:\/\/loosen.lt\/lv\/wp-json\/wp\/v2\/media?parent=41307"}],"wp:term":[{"taxonomy":"product_brand","embeddable":true,"href":"https:\/\/loosen.lt\/lv\/wp-json\/wp\/v2\/product_brand?post=41307"},{"taxonomy":"product_cat","embeddable":true,"href":"https:\/\/loosen.lt\/lv\/wp-json\/wp\/v2\/product_cat?post=41307"},{"taxonomy":"product_tag","embeddable":true,"href":"https:\/\/loosen.lt\/lv\/wp-json\/wp\/v2\/product_tag?post=41307"}],"curies":[{"name":"wp","href":"https:\/\/api.w.org\/{rel}","templated":true}]}}