{"id":41313,"date":"2025-07-29T12:28:08","date_gmt":"2025-07-29T12:28:08","guid":{"rendered":"https:\/\/loosen.lt\/produktas\/dabas-nams-ginkgo-zensens-n60\/"},"modified":"2025-07-29T12:28:08","modified_gmt":"2025-07-29T12:28:08","slug":"dabas-nams-ginkgo-zensens-n60","status":"publish","type":"product","link":"https:\/\/loosen.lt\/lv\/produkts\/dabas-nams-ginkgo-zensens-n60\/","title":{"rendered":"Dabas nams Ginkgo + \u017de\u0146\u0161e\u0146s N60"},"content":{"rendered":"<p>Ginkgo un \u017ee\u0146\u0161e\u0146a kombin\u0101cija tradicion\u0101li tiek v\u0113rt\u0113ta gar\u012bg\u0101s aktivit\u0101tes un kognit\u012bvo funkciju atbalstam.<\/p>\n<p><strong>Sast\u0101vda\u013cas<\/strong>: pildviela \u2013 mikrokrist\u0101lisk\u0101 celuloze, kapsulas apvalks \u2013 \u017eelat\u012bns, ginkgo biloba (Ginkgo biloba L.) lapu saus\u0101 ekstrakta (attiec\u012bba 50:1), \u0136\u012bnas \u017ee\u0146\u0161e\u0146a (Panax ginseng C.A. Mey) sak\u0146u saus\u0101 ekstrakta (attiec\u012bba 50:1), pretsalipes vielas \u2013 tauksk\u0101bju magnija s\u0101\u013ci un sil\u012bcija dioks\u012bds.<\/p>\n<p>&nbsp;<\/p>\n<table style=\"height: 325px;\" width=\"431\">\n<tbody>\n<tr>\n<td width=\"188\"><strong>VIENA KAPSULA SATUR:<\/strong><\/td>\n<td width=\"188\">&nbsp;<\/td>\n<\/tr>\n<tr>\n<td width=\"188\">Ginkgo biloba lapu ekstrakts (50:1),<\/td>\n<td width=\"188\">90mg<\/td>\n<\/tr>\n<tr>\n<td width=\"188\">satur flavonola glikoz\u012bdus<\/td>\n<td width=\"188\">14,4mg<\/td>\n<\/tr>\n<tr>\n<td width=\"188\">terp\u0113nu laktoni<\/td>\n<td width=\"188\">3,6mg<\/td>\n<\/tr>\n<tr>\n<td width=\"188\">\u0136\u012bnas \u017ee\u0146\u0161e\u0146a saknes ekstrakts (50:1)<\/td>\n<td width=\"188\">20mg<\/td>\n<\/tr>\n<\/tbody>\n<\/table>\n<p>&nbsp;<\/p>\n<p><strong>Lieto\u0161ana<\/strong>: Ieteicams lietot 1-2 kapsulas dien\u0101 pirms \u0113dienreiz\u0113m. Piem\u0113rots b\u0113rniem no 6 gadu vecuma.<\/p>\n<p><strong>Uzglab\u0101\u0161anas apst\u0101k\u013ci:<\/strong><\/p>\n<p>Uzglab\u0101t v\u0113s\u0101, saus\u0101 viet\u0101. Sarg\u0101t no b\u0113rniem.<\/p>\n<p>Ra\u017eot\u0101js: UAB \u201cDomus Naturae\u201d<\/p>\n<p>Neto daudzums: 30 g.<\/p>\n<p>Ieteicams l\u012bdz (der\u012bguma termi\u0146\u0161): ieteicams l\u012bdz datumam, kas nor\u0101d\u012bts iepakojuma s\u0101nos, aug\u0161pus\u0113 vai apak\u0161\u0101.<\/p>\n<p><strong>Br\u012bdin\u0101jums:<\/strong><\/p>\n<p>Uztura bag\u0101tin\u0101t\u0101js neaizst\u0101j uzturu. Svar\u012bgs ir daudzveid\u012bgs un sabalans\u0113ts uzturs un vesel\u012bgs dz\u012bvesveids. Ja esat gr\u016btniece, barojat b\u0113rnu ar kr\u016bti vai lietojat citas z\u0101les, pirms lieto\u0161anas konsult\u0113jieties ar \u0101rstu vai farmaceitu. Nep\u0101rsniedziet ieteicamo devu.<\/p>\n","protected":false},"excerpt":{"rendered":"<p>\u201cGinkgo + Ginseng\u201d ir augstas kvalit\u0101tes uztura bag\u0101tin\u0101t\u0101js, kas apvieno Ginkgo biloba un \u0136\u012bnas \u017ee\u0146\u0161e\u0146u.<\/p>\n<p><strong>Galven\u0101s \u012bpa\u0161\u012bbas:<\/strong><\/p>\n<p><strong>Ginkgo biloba tradicion\u0101li tiek lietots, lai pal\u012bdz\u0113tu uztur\u0113t:<\/strong><\/p>\n<ul>\n<li>norm\u0101lu kognit\u012bvo (gar\u012bgo) funkciju<\/li>\n<li>sirds un asinsvadu sist\u0113mas aktivit\u0101ti<\/li>\n<li>norm\u0101lu asinsrites sist\u0113mas mikrocirkul\u0101ciju<\/li>\n<\/ul>\n<p><strong>\u0136\u012bnas \u017ee\u0146\u0161e\u0146s pal\u012bdz uztur\u0113t:<\/strong><\/p>\n<ul>\n<li>norm\u0101lu kognit\u012bvo un koncentr\u0113\u0161an\u0101s funkciju<\/li>\n<li>im\u016bnsist\u0113mas aktivit\u0101ti<\/li>\n<li>fizisko iztur\u012bbu un ener\u0123ijas metabolismu<\/li>\n<\/ul>\n<p>pal\u012bdz mazin\u0101t nogurumu un nesp\u0113ku<\/p>\n","protected":false},"featured_media":41078,"comment_status":"open","ping_status":"closed","template":"","meta":{"inline_featured_image":false},"product_brand":[],"product_cat":[161,151,152],"product_tag":[],"class_list":{"0":"post-41313","1":"product","2":"type-product","3":"status-publish","4":"has-post-thumbnail","6":"product_cat-akcijas","7":"product_cat-nervu-sistema","8":"product_cat-gariga-aktivitate","10":"first","11":"instock","12":"sale","13":"shipping-taxable","14":"purchasable","15":"product-type-simple"},"_links":{"self":[{"href":"https:\/\/loosen.lt\/lv\/wp-json\/wp\/v2\/product\/41313","targetHints":{"allow":["GET"]}}],"collection":[{"href":"https:\/\/loosen.lt\/lv\/wp-json\/wp\/v2\/product"}],"about":[{"href":"https:\/\/loosen.lt\/lv\/wp-json\/wp\/v2\/types\/product"}],"replies":[{"embeddable":true,"href":"https:\/\/loosen.lt\/lv\/wp-json\/wp\/v2\/comments?post=41313"}],"wp:featuredmedia":[{"embeddable":true,"href":"https:\/\/loosen.lt\/lv\/wp-json\/wp\/v2\/media\/41078"}],"wp:attachment":[{"href":"https:\/\/loosen.lt\/lv\/wp-json\/wp\/v2\/media?parent=41313"}],"wp:term":[{"taxonomy":"product_brand","embeddable":true,"href":"https:\/\/loosen.lt\/lv\/wp-json\/wp\/v2\/product_brand?post=41313"},{"taxonomy":"product_cat","embeddable":true,"href":"https:\/\/loosen.lt\/lv\/wp-json\/wp\/v2\/product_cat?post=41313"},{"taxonomy":"product_tag","embeddable":true,"href":"https:\/\/loosen.lt\/lv\/wp-json\/wp\/v2\/product_tag?post=41313"}],"curies":[{"name":"wp","href":"https:\/\/api.w.org\/{rel}","templated":true}]}}