{"id":41315,"date":"2025-07-29T12:22:24","date_gmt":"2025-07-29T12:22:24","guid":{"rendered":"https:\/\/loosen.lt\/produktas\/natures-home-kurkuma-ar-melnajiem-pipariem-n60\/"},"modified":"2025-07-29T12:22:24","modified_gmt":"2025-07-29T12:22:24","slug":"natures-home-kurkuma-ar-melnajiem-pipariem-n60","status":"publish","type":"product","link":"https:\/\/loosen.lt\/lv\/produkts\/natures-home-kurkuma-ar-melnajiem-pipariem-n60\/","title":{"rendered":"Nature&#8217;s Home kurkuma ar melnajiem pipariem N60"},"content":{"rendered":"<p><strong>Mekl\u0113jat dabisku veidu, k\u0101 r\u016bp\u0113ties par savu labsaj\u016btu?<\/strong><\/p>\n<p>&#8220;Kurkuma ar melnajiem pipariem&#8221; ir augu izcelsmes uztura bag\u0101tin\u0101t\u0101js, kas iedvesmots no sen\u0101m Dienvid\u0101zijas zin\u0101\u0161an\u0101m. Kurkumas akt\u012bvajai vielai kurkum\u012bnam ir pla\u0161s iedarb\u012bbas spektrs, un taj\u0101 eso\u0161ie melnie pipari pal\u012bdz organismam to lab\u0101k absorb\u0113t, nodro\u0161inot efekt\u012bv\u0101ku iedarb\u012bbu.<\/p>\n<p><strong>Sast\u0101vda\u013cas<\/strong>: kurkumas (Curcuma longa) sakne\u0146a sausais ekstrakts un pulveris, augu kapsulas apvalks (hidroksipropilmetilceluloze), melno piparu (Piper nigrum) ogu ekstrakts, mikrokrist\u0101lisk\u0101 celuloze (pildviela), tauksk\u0101bju magnija s\u0101\u013ci (pretsalipes viela).<\/p>\n<p>&nbsp;<\/p>\n<table style=\"height: 315px;\" width=\"556\">\n<tbody>\n<tr>\n<td width=\"188\"><strong>VIENA KAPSULA SATUR:<\/strong><\/td>\n<td width=\"188\">&nbsp;<\/td>\n<\/tr>\n<tr>\n<td width=\"188\">Kurkumas sausais ekstrakts<\/td>\n<td width=\"188\">315.8g<\/td>\n<\/tr>\n<tr>\n<td width=\"188\">satur kurkumino\u012bdus<\/td>\n<td width=\"188\">300.0g<\/td>\n<\/tr>\n<tr>\n<td width=\"188\">Kurkumas pulveris<\/td>\n<td width=\"188\">300.0g<\/td>\n<\/tr>\n<tr>\n<td width=\"188\">Melno piparu ekstrakts<\/td>\n<td width=\"188\">10.53g<\/td>\n<\/tr>\n<tr>\n<td width=\"188\">kas satur piper\u012bnu<\/td>\n<td width=\"188\">10.00g<\/td>\n<\/tr>\n<\/tbody>\n<\/table>\n<p>&nbsp;<\/p>\n<p><strong>Lieto\u0161ana<\/strong>: Lietot 1-2 kapsulas dien\u0101, v\u0113lams p\u0113c \u0113dienreiz\u0113m. Piem\u0113rots b\u0113rniem no 6 gadu vecuma. Lieliski piem\u0113rots gan ve\u0123et\u0101rie\u0161iem, gan veg\u0101niem.<\/p>\n<p><strong>Uzglab\u0101\u0161anas apst\u0101k\u013ci:<\/strong><\/p>\n<p>Uzglab\u0101t v\u0113s\u0101, saus\u0101 viet\u0101. Sarg\u0101t no b\u0113rniem.<\/p>\n<p>Ra\u017eot\u0101js: UAB &#8220;Domus Naturae&#8221;<\/p>\n<p>Neto daudzums: 45,6 g.<\/p>\n<p>Ieteicams l\u012bdz (der\u012bguma termi\u0146\u0161): vislab\u0101k izlietot l\u012bdz datumam, kas nor\u0101d\u012bts iepakojuma s\u0101nos, aug\u0161pus\u0113 vai apak\u0161\u0101.<\/p>\n<p><strong>Br\u012bdin\u0101jums:<\/strong><\/p>\n<p>Uztura bag\u0101tin\u0101t\u0101js neaizst\u0101j uzturu. Svar\u012bgs ir daudzveid\u012bgs un sabalans\u0113ts uzturs un vesel\u012bgs dz\u012bvesveids. Ja esat gr\u016btniece, barojat b\u0113rnu ar kr\u016bti vai lietojat citas z\u0101les, pirms lieto\u0161anas konsult\u0113jieties ar \u0101rstu vai farmaceitu. Nep\u0101rsniedziet ieteicamo devu.<\/p>\n","protected":false},"excerpt":{"rendered":"<p>Kurkuma ar melnajiem pipariem ir dab\u012bgs uztura bag\u0101tin\u0101t\u0101js, kas iedvesmots no sen\u0101m Dienvid\u0101zijas gar\u0161augu trad\u012bcij\u0101m.<\/p>\n<p><strong>Galven\u0101s \u012bpa\u0161\u012bbas:<\/strong><\/p>\n<ul>\n<li>Im\u016bnsist\u0113mas atbalsts<\/li>\n<li>Aizsardz\u012bba pret oksidat\u012bvo stresu<\/li>\n<li>Atbalsta vesel\u012bgu aknu darb\u012bbu<\/li>\n<li>Vienm\u0113r\u012bga gremo\u0161ana<\/li>\n<li>L\u012bdzsvaro un atbalsta nervu sist\u0113mu<\/li>\n<\/ul>\n","protected":false},"featured_media":41072,"comment_status":"open","ping_status":"closed","template":"","meta":{"inline_featured_image":false},"product_brand":[],"product_cat":[161,157],"product_tag":[],"class_list":{"0":"post-41315","1":"product","2":"type-product","3":"status-publish","4":"has-post-thumbnail","6":"product_cat-akcijas","7":"product_cat-gremosana-un-zarnas","9":"first","10":"instock","11":"sale","12":"shipping-taxable","13":"purchasable","14":"product-type-simple"},"_links":{"self":[{"href":"https:\/\/loosen.lt\/lv\/wp-json\/wp\/v2\/product\/41315","targetHints":{"allow":["GET"]}}],"collection":[{"href":"https:\/\/loosen.lt\/lv\/wp-json\/wp\/v2\/product"}],"about":[{"href":"https:\/\/loosen.lt\/lv\/wp-json\/wp\/v2\/types\/product"}],"replies":[{"embeddable":true,"href":"https:\/\/loosen.lt\/lv\/wp-json\/wp\/v2\/comments?post=41315"}],"wp:featuredmedia":[{"embeddable":true,"href":"https:\/\/loosen.lt\/lv\/wp-json\/wp\/v2\/media\/41072"}],"wp:attachment":[{"href":"https:\/\/loosen.lt\/lv\/wp-json\/wp\/v2\/media?parent=41315"}],"wp:term":[{"taxonomy":"product_brand","embeddable":true,"href":"https:\/\/loosen.lt\/lv\/wp-json\/wp\/v2\/product_brand?post=41315"},{"taxonomy":"product_cat","embeddable":true,"href":"https:\/\/loosen.lt\/lv\/wp-json\/wp\/v2\/product_cat?post=41315"},{"taxonomy":"product_tag","embeddable":true,"href":"https:\/\/loosen.lt\/lv\/wp-json\/wp\/v2\/product_tag?post=41315"}],"curies":[{"name":"wp","href":"https:\/\/api.w.org\/{rel}","templated":true}]}}