{"id":41317,"date":"2025-07-29T12:08:03","date_gmt":"2025-07-29T12:08:03","guid":{"rendered":"https:\/\/loosen.lt\/produktas\/natures-home-super-cal500-mag250-zinc15-n90\/"},"modified":"2026-02-27T13:09:20","modified_gmt":"2026-02-27T13:09:20","slug":"natures-home-super-cal500-mag250-zinc15-n90","status":"publish","type":"product","link":"https:\/\/loosen.lt\/lv\/produkts\/natures-home-super-cal500-mag250-zinc15-n90\/","title":{"rendered":"Nature&#8217;s Home SUPER CAL500 MAG250 ZINC15 N90"},"content":{"rendered":"<p><strong>Kam tas paredz\u0113ts?<\/strong><\/p>\n<p>\u0160is uztura bag\u0101tin\u0101t\u0101js ir paredz\u0113ts tiem, kas v\u0113las uztur\u0113t stiprus un vesel\u012bgus kaulus, atbalst\u012bt nervu sist\u0113mas un musku\u013cu darb\u012bbu, k\u0101 ar\u012b stiprin\u0101t imunit\u0101ti. Tas ir \u012bpa\u0161i ieteicams akt\u012bviem cilv\u0113kiem un vec\u0101ka gadag\u0101juma cilv\u0113kiem, kuri v\u0113las uztur\u0113t labu fizisko formu un kop\u0113jo \u0137erme\u0146a iztur\u012bbu.<\/p>\n<p><strong>Sast\u0101vda\u013cas<\/strong>: kalcija karbon\u0101ts, magnija oks\u012bds, mikrokrist\u0101lisk\u0101 celuloze (pildviela), tabletes apvalks, kas sast\u0101v no hidroksipropilmetilcelulozes, kalcija karbon\u0101ta kr\u0101svielas, izomalta, tauksk\u0101bju emulgatora, augu e\u013c\u013cas, cinka oks\u012bda, pretsalipes magnija s\u0101\u013ciem, sil\u012bcija dioks\u012bda un holekalciferola.<\/p>\n<p>&nbsp;<\/p>\n<table style=\"height: 290px;\" width=\"559\">\n<tbody>\n<tr>\n<td width=\"188\"><strong>VIENA TABLETE SATUR:<\/strong><\/td>\n<td width=\"188\">&nbsp;<\/td>\n<td width=\"188\"><strong>Nomin\u0101l\u0101 v\u0113rt\u012bba*, %<\/strong><\/td>\n<\/tr>\n<tr>\n<td width=\"188\">Kalcijs<\/td>\n<td width=\"188\">500mg<\/td>\n<td width=\"188\">63<\/td>\n<\/tr>\n<tr>\n<td width=\"188\">Magnijs<\/td>\n<td width=\"188\">250mg<\/td>\n<td width=\"188\">67<\/td>\n<\/tr>\n<tr>\n<td width=\"188\">Cinks<\/td>\n<td width=\"188\">15mg<\/td>\n<td width=\"188\">150<\/td>\n<\/tr>\n<tr>\n<td width=\"188\">D3 vitam\u012bns<\/td>\n<td width=\"188\">2,5 \u03bcg<\/td>\n<td width=\"188\">50<\/td>\n<\/tr>\n<tr>\n<td width=\"188\">* \u2013 atsauces uzturv\u0113rt\u012bba (RNV).<\/td>\n<td width=\"188\">&nbsp;<\/td>\n<td width=\"188\">&nbsp;<\/td>\n<\/tr>\n<\/tbody>\n<\/table>\n<p>&nbsp;<\/p>\n<p><strong>Lieto\u0161ana<\/strong>: Ieteicams lietot vienu tableti dien\u0101 vakar\u0101, p\u0113c \u0113dienreizes. Piem\u0113rots b\u0113rniem, kas vec\u0101ki par 12 gadiem.<\/p>\n<p><strong>Uzglab\u0101\u0161anas apst\u0101k\u013ci:<\/strong><\/p>\n<p>Uzglab\u0101t v\u0113s\u0101, saus\u0101 viet\u0101. Sarg\u0101t no b\u0113rniem.<\/p>\n<p>Ra\u017eot\u0101js: UAB \u201cDomus Naturae\u201d<\/p>\n<p>Neto daudzums: 213,2 g.<\/p>\n<p>Ieteicams l\u012bdz (der\u012bguma termi\u0146\u0161): ieteicams l\u012bdz datumam, kas nor\u0101d\u012bts iepakojuma s\u0101nos, aug\u0161pus\u0113 vai apak\u0161\u0101.<\/p>\n<p><strong>Br\u012bdin\u0101jums:<\/strong><\/p>\n<p>Uztura bag\u0101tin\u0101t\u0101js neaizst\u0101j uzturu. Svar\u012bgs ir daudzveid\u012bgs un sabalans\u0113ts uzturs un vesel\u012bgs dz\u012bvesveids. Ja esat gr\u016btniece, barojat b\u0113rnu ar kr\u016bti vai lietojat citas z\u0101les, pirms lieto\u0161anas konsult\u0113jieties ar \u0101rstu vai farmaceitu. Nep\u0101rsniedziet ieteicamo devu.<\/p>\n","protected":false},"excerpt":{"rendered":"<p>Augst\u0101k\u0101s kvalit\u0101tes miner\u0101lvielu un D3 vitam\u012bna kombin\u0101cija.<\/p>\n<p><strong>Galven\u0101s \u012bpa\u0161\u012bbas:<\/strong><\/p>\n<ul>\n<li>Kalcijs pal\u012bdz uztur\u0113t stiprus un vesel\u012bgus kaulus un zobus.<\/li>\n<li>Magnijs atbalsta norm\u0101lu nervu sist\u0113mas darb\u012bbu un nodro\u0161ina pareizu musku\u013cu darb\u012bbu.<\/li>\n<li>Cinks stiprina im\u016bnsist\u0113mu.<\/li>\n<li>Cinks atbalsta vesel\u012bgus kaulus, \u0101du, matus un nagus.<\/li>\n<li>D vitam\u012bns pal\u012bdz uztur\u0113t atbilsto\u0161u kalcija l\u012bmeni asin\u012bs.<\/li>\n<\/ul>\n","protected":false},"featured_media":41064,"comment_status":"open","ping_status":"closed","template":"","meta":{"inline_featured_image":false},"product_brand":[],"product_cat":[161,149],"product_tag":[],"class_list":{"0":"post-41317","1":"product","2":"type-product","3":"status-publish","4":"has-post-thumbnail","6":"product_cat-akcijas","7":"product_cat-kauli-un-locitavas","9":"first","10":"instock","11":"sale","12":"shipping-taxable","13":"purchasable","14":"product-type-simple"},"_links":{"self":[{"href":"https:\/\/loosen.lt\/lv\/wp-json\/wp\/v2\/product\/41317","targetHints":{"allow":["GET"]}}],"collection":[{"href":"https:\/\/loosen.lt\/lv\/wp-json\/wp\/v2\/product"}],"about":[{"href":"https:\/\/loosen.lt\/lv\/wp-json\/wp\/v2\/types\/product"}],"replies":[{"embeddable":true,"href":"https:\/\/loosen.lt\/lv\/wp-json\/wp\/v2\/comments?post=41317"}],"wp:featuredmedia":[{"embeddable":true,"href":"https:\/\/loosen.lt\/lv\/wp-json\/wp\/v2\/media\/41064"}],"wp:attachment":[{"href":"https:\/\/loosen.lt\/lv\/wp-json\/wp\/v2\/media?parent=41317"}],"wp:term":[{"taxonomy":"product_brand","embeddable":true,"href":"https:\/\/loosen.lt\/lv\/wp-json\/wp\/v2\/product_brand?post=41317"},{"taxonomy":"product_cat","embeddable":true,"href":"https:\/\/loosen.lt\/lv\/wp-json\/wp\/v2\/product_cat?post=41317"},{"taxonomy":"product_tag","embeddable":true,"href":"https:\/\/loosen.lt\/lv\/wp-json\/wp\/v2\/product_tag?post=41317"}],"curies":[{"name":"wp","href":"https:\/\/api.w.org\/{rel}","templated":true}]}}