{"id":41319,"date":"2025-07-29T12:01:57","date_gmt":"2025-07-29T12:01:57","guid":{"rendered":"https:\/\/loosen.lt\/produktas\/dabas-nams-vitamins-b12folskabe-n90\/"},"modified":"2025-07-29T12:01:57","modified_gmt":"2025-07-29T12:01:57","slug":"dabas-nams-vitamins-b12folskabe-n90","status":"publish","type":"product","link":"https:\/\/loosen.lt\/lv\/produkts\/dabas-nams-vitamins-b12folskabe-n90\/","title":{"rendered":"Dabas nams Vitam\u012bns B12+Folsk\u0101be N90"},"content":{"rendered":"<p>B12 vitam\u012bns kop\u0101 ar folsk\u0101bi ir efekt\u012bva kombin\u0101cija, kas pal\u012bdz atbalst\u012bt ener\u0123ijas ra\u017eo\u0161anu, vesel\u012bgu nervu sist\u0113mas darb\u012bbu un norm\u0101lu asins \u0161\u016bnu veido\u0161anos. Tas ir \u012bpa\u0161i noder\u012bgi sieviet\u0113m, kuras pl\u0101no vai gaida gr\u016btniec\u012bbu, k\u0101 ar\u012b t\u0101m, kur\u0101m r\u016bp sava visp\u0101r\u0113j\u0101 fizisk\u0101 un emocion\u0101l\u0101 labsaj\u016bta.<\/p>\n<p><strong>Sast\u0101vda\u013cas<\/strong>: cianokobalam\u012bns, mikrokrist\u0101lisk\u0101 celuloze (pildviela), tauksk\u0101bju magnija s\u0101\u013ci (lip\u012bguma regul\u0113t\u0101js), kalcija fosf\u0101ts (pildviela) un pteroilmonoglutam\u012bnsk\u0101be (folsk\u0101be).<\/p>\n<p>&nbsp;<\/p>\n<table style=\"height: 220px;\" width=\"475\">\n<tbody>\n<tr>\n<td width=\"188\"><strong>VIENA TABLETE SATUR: RMV*,%<\/strong><\/td>\n<td width=\"188\">&nbsp;<\/td>\n<td width=\"188\">&nbsp;<\/td>\n<\/tr>\n<tr>\n<td width=\"188\">Vitam\u012bns B12<\/td>\n<td width=\"188\">500 \u00b5g<\/td>\n<td width=\"188\">20000<\/td>\n<\/tr>\n<tr>\n<td width=\"188\">Folijsk\u0101be<\/td>\n<td width=\"188\">500 \u00b5g<\/td>\n<td width=\"188\">250<\/td>\n<\/tr>\n<tr>\n<td width=\"188\">* \u2013 atsauces uzturv\u0113rt\u012bba (RNV).<\/td>\n<td width=\"188\">&nbsp;<\/td>\n<td width=\"188\">&nbsp;<\/td>\n<\/tr>\n<\/tbody>\n<\/table>\n<p>&nbsp;<\/p>\n<p><strong>Lieto\u0161ana<\/strong>: Ieteicams lietot vienu l\u012bdz divas tabletes dien\u0101. Nav ieteicams lietot gr\u016btniec\u012bbas, baro\u0161anas ar kr\u016bti laik\u0101 un b\u0113rniem l\u012bdz 6 gadu vecumam. Produkts ir piem\u0113rots ve\u0123et\u0101rie\u0161iem un veg\u0101niem.<\/p>\n<p><strong>Uzglab\u0101\u0161anas apst\u0101k\u013ci:<\/strong><\/p>\n<p>Uzglab\u0101t v\u0113s\u0101, saus\u0101 viet\u0101. Sarg\u0101t no b\u0113rniem.<\/p>\n<p>Ra\u017eot\u0101js: UAB &#8220;Domus Naturae&#8221;<\/p>\n<p>Neto daudzums: 50,4 g.<\/p>\n<p>Ieteicams l\u012bdz (der\u012bguma termi\u0146\u0161): vislab\u0101k izlietot l\u012bdz datumam, kas nor\u0101d\u012bts iepakojuma s\u0101nos, aug\u0161pus\u0113 vai apak\u0161\u0101.<\/p>\n<p><strong>Br\u012bdin\u0101jums:<\/strong><\/p>\n<p>Uztura bag\u0101tin\u0101t\u0101js neaizst\u0101j uzturu. Svar\u012bgs ir daudzveid\u012bgs un sabalans\u0113ts uzturs un vesel\u012bgs dz\u012bvesveids. Ja esat gr\u016btniece, barojat b\u0113rnu ar kr\u016bti vai lietojat citas z\u0101les, pirms lieto\u0161anas konsult\u0113jieties ar \u0101rstu vai farmaceitu. Nep\u0101rsniedziet ieteicamo devu.<\/p>\n","protected":false},"excerpt":{"rendered":"<p>B12 vitam\u012bns kop\u0101 ar folsk\u0101bi ir efekt\u012bvs uztura bag\u0101tin\u0101t\u0101js.<\/p>\n<p><strong>Galven\u0101s \u012bpa\u0161\u012bbas:<\/strong><\/p>\n<p><strong>B12 vitam\u012bns pal\u012bdz:<\/strong><\/p>\n<ul>\n<li>uztur\u0113t norm\u0101lu im\u016bnsist\u0113mas darb\u012bbu<br \/>\nnodro\u0161in\u0101t nervu sist\u0113mas darb\u012bbu un<\/li>\n<li>psiholo\u0123isko l\u012bdzsvaru<\/li>\n<li>uztur\u0113t ener\u0123ijas metabolismu, regul\u0113t homociste\u012bna metabolismu<\/li>\n<li>mazin\u0101t nogurumu un nesp\u0113ku<\/li>\n<li>veidot sarkanos asins\u0137ermen\u012b\u0161us<\/li>\n<li>veikt \u0161\u016bnu dal\u012b\u0161an\u0101s procesus<\/li>\n<\/ul>\n<p><strong>Folijsk\u0101be pal\u012bdz:<\/strong><\/p>\n<ul>\n<li>uztur\u0113t psiholo\u0123isk\u0101s funkcijas<\/li>\n<li>nodro\u0161in\u0101t norm\u0101lu im\u016bnsist\u0113mas darb\u012bbu<\/li>\n<li>veicin\u0101t asinsradi un piedal\u012bties \u0161\u016bnu dal\u012b\u0161an\u0101s procesos<\/li>\n<li>atbalst\u012bt aminosk\u0101bju sint\u0113zi un regul\u0113t<\/li>\n<li>homociste\u012bna metabolismu<\/li>\n<li>mazin\u0101t noguruma un izs\u012bkuma saj\u016btu<\/li>\n<li>nodro\u0161in\u0101t norm\u0101lu m\u0101tes audu<\/li>\n<li>aug\u0161anu gr\u016btniec\u012bbas laik\u0101<\/li>\n<\/ul>\n","protected":false},"featured_media":41060,"comment_status":"open","ping_status":"closed","template":"","meta":{"inline_featured_image":false},"product_brand":[],"product_cat":[161,143,147],"product_tag":[],"class_list":{"0":"post-41319","1":"product","2":"type-product","3":"status-publish","4":"has-post-thumbnail","6":"product_cat-akcijas","7":"product_cat-vispareja-veseliba","8":"product_cat-ilgmuziba","10":"first","11":"instock","12":"sale","13":"shipping-taxable","14":"purchasable","15":"product-type-simple"},"_links":{"self":[{"href":"https:\/\/loosen.lt\/lv\/wp-json\/wp\/v2\/product\/41319","targetHints":{"allow":["GET"]}}],"collection":[{"href":"https:\/\/loosen.lt\/lv\/wp-json\/wp\/v2\/product"}],"about":[{"href":"https:\/\/loosen.lt\/lv\/wp-json\/wp\/v2\/types\/product"}],"replies":[{"embeddable":true,"href":"https:\/\/loosen.lt\/lv\/wp-json\/wp\/v2\/comments?post=41319"}],"wp:featuredmedia":[{"embeddable":true,"href":"https:\/\/loosen.lt\/lv\/wp-json\/wp\/v2\/media\/41060"}],"wp:attachment":[{"href":"https:\/\/loosen.lt\/lv\/wp-json\/wp\/v2\/media?parent=41319"}],"wp:term":[{"taxonomy":"product_brand","embeddable":true,"href":"https:\/\/loosen.lt\/lv\/wp-json\/wp\/v2\/product_brand?post=41319"},{"taxonomy":"product_cat","embeddable":true,"href":"https:\/\/loosen.lt\/lv\/wp-json\/wp\/v2\/product_cat?post=41319"},{"taxonomy":"product_tag","embeddable":true,"href":"https:\/\/loosen.lt\/lv\/wp-json\/wp\/v2\/product_tag?post=41319"}],"curies":[{"name":"wp","href":"https:\/\/api.w.org\/{rel}","templated":true}]}}