{"id":41321,"date":"2025-07-24T15:44:12","date_gmt":"2025-07-24T15:44:12","guid":{"rendered":"https:\/\/loosen.lt\/produktas\/dabas-nama-b-vitaminu-komplekss-n90\/"},"modified":"2025-07-24T15:44:12","modified_gmt":"2025-07-24T15:44:12","slug":"dabas-nama-b-vitaminu-komplekss-n90","status":"publish","type":"product","link":"https:\/\/loosen.lt\/lv\/produkts\/dabas-nama-b-vitaminu-komplekss-n90\/","title":{"rendered":"Dabas nama B vitam\u012bnu komplekss N90"},"content":{"rendered":"<p><strong>K\u0101da ir B grupas vitam\u012bnu kompleksa priek\u0161roc\u012bba?<\/strong><\/p>\n<p>Nepiecie\u0161am\u012bba p\u0113c B grupas vitam\u012bniem palielin\u0101s, ja organisms nesa\u0146em pietiekami daudz to nepietiekama uztura, trauc\u0113tas uzs\u016bk\u0161an\u0101s vai paaugstin\u0101tas fiziolo\u0123isk\u0101s vajadz\u012bbas d\u0113\u013c. \u0160is komplekss ir \u012bpa\u0161i ieteicams veg\u0101niem, vec\u0101ka gadag\u0101juma cilv\u0113kiem un tiem, kas \u0113d maz daudzveid\u012bgu, barojo\u0161u p\u0101rtiku. Regul\u0101ra lieto\u0161ana pal\u012bdz uztur\u0113t optim\u0101lu B grupas vitam\u012bnu daudzumu organism\u0101 un nodro\u0161ina labu pa\u0161saj\u016btu un ener\u0123iju katru dienu.<\/p>\n<p><strong>Sast\u0101vda\u013cas<\/strong>: Pildviela mikrokrist\u0101lisk\u0101 celuloze, pildviela kalcija fosf\u0101ts, cianokobalam\u012bns, nikot\u012bnam\u012bds, kalcija D-pantoten\u0101ts, hol\u012bna dihidrogencitr\u0101ts, piridoks\u012bna hidrohlor\u012bds, riboflav\u012bns, inozitols, pretsalipes viela tauksk\u0101bju magnija s\u0101\u013ci, tiam\u012bna hidrohlor\u012bds, pteroilmonoglutam\u012bnsk\u0101be (folsk\u0101be), D-biot\u012bns.<\/p>\n<p>&nbsp;<\/p>\n<table style=\"height: 732px;\" width=\"512\">\n<tbody>\n<tr>\n<td width=\"188\"><strong>VIENA TABLETE SATUR:<\/strong><\/td>\n<td width=\"188\">&nbsp;<\/td>\n<td width=\"188\"><strong>Nomin\u0101l\u0101 v\u0113rt\u012bba*, %<\/strong><\/td>\n<\/tr>\n<tr>\n<td width=\"188\">Tiam\u012bns (B1 vitam\u012bns)<\/td>\n<td width=\"188\">4.2mg<\/td>\n<td width=\"188\">382<\/td>\n<\/tr>\n<tr>\n<td width=\"188\">Riboflav\u012bns (B2 vitam\u012bns)<\/td>\n<td width=\"188\">5mg<\/td>\n<td width=\"188\">357<\/td>\n<\/tr>\n<tr>\n<td width=\"188\">Niac\u012bns (B3 vitam\u012bns)<\/td>\n<td width=\"188\">30.1mg NE<\/td>\n<td width=\"188\">188<\/td>\n<\/tr>\n<tr>\n<td width=\"188\">Pantot\u0113nsk\u0101be (B5 vitam\u012bns)<\/td>\n<td width=\"188\">18mg<\/td>\n<td width=\"188\">300<\/td>\n<\/tr>\n<tr>\n<td width=\"188\">B6 vitam\u012bns<\/td>\n<td width=\"188\">5mg<\/td>\n<td width=\"188\">375<\/td>\n<\/tr>\n<tr>\n<td width=\"188\">D-biot\u012bns (B7 vitam\u012bns)<\/td>\n<td width=\"188\">145 \u00b5g<\/td>\n<td width=\"188\">290<\/td>\n<\/tr>\n<tr>\n<td width=\"188\">Folijsk\u0101be (B9 vitam\u012bns)<\/td>\n<td width=\"188\">200 \u00b5g<\/td>\n<td width=\"188\">100<\/td>\n<\/tr>\n<tr>\n<td width=\"188\">Vitam\u012bns B12<\/td>\n<td width=\"188\">100 \u00b5g<\/td>\n<td width=\"188\">4000<\/td>\n<\/tr>\n<tr>\n<td width=\"188\">Hol\u012bns<\/td>\n<td width=\"188\">5mg<\/td>\n<td width=\"188\">**<\/td>\n<\/tr>\n<tr>\n<td width=\"188\">Inozitols<\/td>\n<td width=\"188\">5mg<\/td>\n<td width=\"188\">**<\/td>\n<\/tr>\n<tr>\n<td width=\"188\">* \u2013 uzturv\u0113rt\u012bbas atsauces v\u0113rt\u012bba (NRV);<\/td>\n<td width=\"188\">&nbsp;<\/td>\n<td width=\"188\">&nbsp;<\/td>\n<\/tr>\n<tr>\n<td width=\"188\">** \u2013 uzturv\u0113rt\u012bbas atsauces v\u0113rt\u012bba nav noteikta.<\/td>\n<td width=\"188\">&nbsp;<\/td>\n<td width=\"188\">&nbsp;<\/td>\n<\/tr>\n<\/tbody>\n<\/table>\n<p>&nbsp;<\/p>\n<p><strong>Lieto\u0161ana:<\/strong><\/p>\n<p>Ieteicams lietot vienu tableti dien\u0101. Piem\u0113rots b\u0113rniem no 7 gadu vecuma. Produkts ir piem\u0113rots gan ve\u0123et\u0101rie\u0161iem, gan veg\u0101niem.<\/p>\n<p><strong>Uzglab\u0101\u0161anas apst\u0101k\u013ci:<\/strong><\/p>\n<p>Uzglab\u0101t v\u0113s\u0101, saus\u0101 viet\u0101. Sarg\u0101t no b\u0113rniem.<\/p>\n<p>Ra\u017eot\u0101js: UAB &#8220;Domus Naturae&#8221;<\/p>\n<p>Neto daudzums: 45 g.<\/p>\n<p>Ieteicams l\u012bdz (der\u012bguma termi\u0146\u0161): vislab\u0101k izlietot l\u012bdz datumam, kas nor\u0101d\u012bts iepakojuma s\u0101nos, aug\u0161pus\u0113 vai apak\u0161\u0101.<\/p>\n<p><strong>Br\u012bdin\u0101jums:<\/strong><\/p>\n<p>Uztura bag\u0101tin\u0101t\u0101js neaizst\u0101j p\u0101rtiku. Svar\u012bgs ir daudzveid\u012bgs un sabalans\u0113ts uzturs un vesel\u012bgs dz\u012bvesveids. Ja esat gr\u016btniece, barojat b\u0113rnu ar kr\u016bti vai lietojat citas z\u0101les, pirms lieto\u0161anas konsult\u0113jieties ar \u0101rstu vai farmaceitu. Nep\u0101rsniedziet ieteicamo devu.<\/p>\n","protected":false},"excerpt":{"rendered":"<p>B grupas vitam\u012bnu kombin\u0101cija \u2013 visaptvero\u0161s ikdienas atbalsts j\u016bsu visp\u0101r\u0113jai labsaj\u016btai.<\/p>\n<p><strong>Galven\u0101s \u012bpa\u0161\u012bbas:<\/strong><\/p>\n<ul>\n<li>Mazina nogurumu un ener\u0123ijas tr\u016bkumu<\/li>\n<li>Atbalsta norm\u0101lu nervu sist\u0113mas un psiholo\u0123isko funkciju<\/li>\n<li>Veicina ener\u0123ijas metabolismu<\/li>\n<li>Turkl\u0101t <strong>C, D, B6 vitam\u012bni, cinks, var\u0161, mang\u0101ns un sel\u0113ns pal\u012bdz<\/strong>:<\/li>\n<li>Stiprin\u0101t im\u016bnsist\u0113mu<\/li>\n<li>Aizsarg\u0101t \u0161\u016bnas no oksidat\u012bv\u0101 stresa<\/li>\n<\/ul>\n","protected":false},"featured_media":41052,"comment_status":"open","ping_status":"closed","template":"","meta":{"inline_featured_image":false},"product_brand":[],"product_cat":[161,143,147],"product_tag":[],"class_list":{"0":"post-41321","1":"product","2":"type-product","3":"status-publish","4":"has-post-thumbnail","6":"product_cat-akcijas","7":"product_cat-vispareja-veseliba","8":"product_cat-ilgmuziba","10":"first","11":"instock","12":"sale","13":"shipping-taxable","14":"purchasable","15":"product-type-simple"},"_links":{"self":[{"href":"https:\/\/loosen.lt\/lv\/wp-json\/wp\/v2\/product\/41321","targetHints":{"allow":["GET"]}}],"collection":[{"href":"https:\/\/loosen.lt\/lv\/wp-json\/wp\/v2\/product"}],"about":[{"href":"https:\/\/loosen.lt\/lv\/wp-json\/wp\/v2\/types\/product"}],"replies":[{"embeddable":true,"href":"https:\/\/loosen.lt\/lv\/wp-json\/wp\/v2\/comments?post=41321"}],"wp:featuredmedia":[{"embeddable":true,"href":"https:\/\/loosen.lt\/lv\/wp-json\/wp\/v2\/media\/41052"}],"wp:attachment":[{"href":"https:\/\/loosen.lt\/lv\/wp-json\/wp\/v2\/media?parent=41321"}],"wp:term":[{"taxonomy":"product_brand","embeddable":true,"href":"https:\/\/loosen.lt\/lv\/wp-json\/wp\/v2\/product_brand?post=41321"},{"taxonomy":"product_cat","embeddable":true,"href":"https:\/\/loosen.lt\/lv\/wp-json\/wp\/v2\/product_cat?post=41321"},{"taxonomy":"product_tag","embeddable":true,"href":"https:\/\/loosen.lt\/lv\/wp-json\/wp\/v2\/product_tag?post=41321"}],"curies":[{"name":"wp","href":"https:\/\/api.w.org\/{rel}","templated":true}]}}