{"id":41323,"date":"2025-07-24T15:36:40","date_gmt":"2025-07-24T15:36:40","guid":{"rendered":"https:\/\/loosen.lt\/produktas\/natures-home-griffonia-seklu-ekstrakts-5-htp-100-mg-n90\/"},"modified":"2025-12-26T18:01:58","modified_gmt":"2025-12-26T18:01:58","slug":"natures-home-griffonia-seklu-ekstrakts-5-htp-100-mg-n90","status":"publish","type":"product","link":"https:\/\/loosen.lt\/lv\/produkts\/natures-home-griffonia-seklu-ekstrakts-5-htp-100-mg-n90\/","title":{"rendered":"Nature&#8217;s Home Griffonia s\u0113klu ekstrakts 5 HTP 100 mg N90"},"content":{"rendered":"<p>SAPIENS 5-HTP satur 100 mg 5-HTP, kas ieg\u016bts no augstas kvalit\u0101tes Griffonia simplicifolia s\u0113kl\u0101m, kas aug Rietum\u0101frik\u0101.<\/p>\n<p><strong>Sast\u0101vda\u013cas<\/strong>: Griffonia simplicifolia s\u0113klu sausais ekstrakts (satur 5-hidroksitriptof\u0101nu (5-HTP)), augu kapsulas apvalks (hidroksipropilmetilceluloze), pildviela mikrokrist\u0101lisk\u0101 celuloze, pretsalipes vielas tauksk\u0101bju magnija s\u0101\u013ci un sil\u012bcija dioks\u012bds.<\/p>\n<p>&nbsp;<\/p>\n<table style=\"height: 162px;\" width=\"491\">\n<tbody>\n<tr>\n<td width=\"188\"><strong>VIENA KAPSULA SATUR:<\/strong><\/td>\n<td width=\"188\">&nbsp;<\/td>\n<\/tr>\n<tr>\n<td width=\"188\">Grifonijas s\u0113klu ekstrakts,<\/td>\n<td width=\"188\">500mg<\/td>\n<\/tr>\n<tr>\n<td width=\"188\">kas satur 5-HTP<\/td>\n<td width=\"188\">100mg<\/td>\n<\/tr>\n<\/tbody>\n<\/table>\n<p>&nbsp;<\/p>\n<p><strong>Lieto\u0161ana<\/strong>: Ieteicams lietot 1-3 kapsulas dien\u0101, v\u0113lams vakar\u0101. Piem\u0113rots b\u0113rniem no 12 gadu vecuma.<\/p>\n<p><strong>Uzglab\u0101\u0161anas apst\u0101k\u013ci:<\/strong><\/p>\n<p>Uzglab\u0101t v\u0113s\u0101, saus\u0101 viet\u0101. Sarg\u0101t no b\u0113rniem.<\/p>\n<p>Ra\u017eot\u0101js: UAB \u201cDomus Naturae\u201d<\/p>\n<p>Neto svars: 67,5 g.<\/p>\n<p>Ieteicams l\u012bdz (der\u012bguma termi\u0146\u0161): vislab\u0101k izlietot l\u012bdz datumam, kas nor\u0101d\u012bts iepakojuma s\u0101nos, aug\u0161pus\u0113 vai apak\u0161\u0101.<\/p>\n<p><strong>Br\u012bdin\u0101jums:<\/strong><\/p>\n<p>Uztura bag\u0101tin\u0101t\u0101js neaizst\u0101j uzturu. Svar\u012bgs ir daudzveid\u012bgs un sabalans\u0113ts uzturs un vesel\u012bgs dz\u012bvesveids. Ja esat gr\u016btniece, barojat b\u0113rnu ar kr\u016bti vai lietojat citas z\u0101les, pirms lieto\u0161anas konsult\u0113jieties ar \u0101rstu vai farmaceitu. Nep\u0101rsniedziet ieteicamo devu.<\/p>\n","protected":false},"excerpt":{"rendered":"<p>5-HTP ir augstas kvalit\u0101tes uztura bag\u0101tin\u0101t\u0101js, kas ieg\u016bts no grifonijas s\u0113klu ekstrakta.<\/p>\n<p><strong>Galven\u0101s \u012bpa\u0161\u012bbas:<\/strong><\/p>\n<ul>\n<li>Uzlabo nervu sist\u0113mas st\u0101vokli<\/li>\n<li>Atbalsta gar\u012bgo aktivit\u0101ti<\/li>\n<li>Atbalsta miega kvalit\u0101ti<\/li>\n<\/ul>\n","protected":false},"featured_media":41048,"comment_status":"open","ping_status":"closed","template":"","meta":{"inline_featured_image":false},"product_brand":[],"product_cat":[151,152],"product_tag":[],"class_list":{"0":"post-41323","1":"product","2":"type-product","3":"status-publish","4":"has-post-thumbnail","6":"product_cat-nervu-sistema","7":"product_cat-gariga-aktivitate","9":"first","10":"instock","11":"shipping-taxable","12":"purchasable","13":"product-type-simple"},"_links":{"self":[{"href":"https:\/\/loosen.lt\/lv\/wp-json\/wp\/v2\/product\/41323","targetHints":{"allow":["GET"]}}],"collection":[{"href":"https:\/\/loosen.lt\/lv\/wp-json\/wp\/v2\/product"}],"about":[{"href":"https:\/\/loosen.lt\/lv\/wp-json\/wp\/v2\/types\/product"}],"replies":[{"embeddable":true,"href":"https:\/\/loosen.lt\/lv\/wp-json\/wp\/v2\/comments?post=41323"}],"wp:featuredmedia":[{"embeddable":true,"href":"https:\/\/loosen.lt\/lv\/wp-json\/wp\/v2\/media\/41048"}],"wp:attachment":[{"href":"https:\/\/loosen.lt\/lv\/wp-json\/wp\/v2\/media?parent=41323"}],"wp:term":[{"taxonomy":"product_brand","embeddable":true,"href":"https:\/\/loosen.lt\/lv\/wp-json\/wp\/v2\/product_brand?post=41323"},{"taxonomy":"product_cat","embeddable":true,"href":"https:\/\/loosen.lt\/lv\/wp-json\/wp\/v2\/product_cat?post=41323"},{"taxonomy":"product_tag","embeddable":true,"href":"https:\/\/loosen.lt\/lv\/wp-json\/wp\/v2\/product_tag?post=41323"}],"curies":[{"name":"wp","href":"https:\/\/api.w.org\/{rel}","templated":true}]}}