{"id":41325,"date":"2025-07-24T15:26:30","date_gmt":"2025-07-24T15:26:30","guid":{"rendered":"https:\/\/loosen.lt\/produktas\/dabas-majas-biotins-10-000-n60\/"},"modified":"2026-04-15T10:05:13","modified_gmt":"2026-04-15T10:05:13","slug":"dabas-majas-biotins-10-000-n60","status":"publish","type":"product","link":"https:\/\/loosen.lt\/lv\/produkts\/dabas-majas-biotins-10-000-n60\/","title":{"rendered":"Dabas m\u0101jas biot\u012bns 10 000 N60"},"content":{"rendered":"<p>Biot\u012bns ir vit\u0101li svar\u012bgs, \u016bden\u012b \u0161\u0137\u012bsto\u0161s vitam\u012bns, ko organisms neuzkr\u0101j, t\u0101p\u0113c tas ir j\u0101uz\u0146em katru dienu. Lai gan da\u013ca biot\u012bna tiek ra\u017eota zarn\u0101s, t\u0101 papildterapija pal\u012bdz nodro\u0161in\u0101t efekt\u012bvu iedarb\u012bbu. Pats v\u0101rds \u201cbiot\u012bns\u201d c\u0113lies no grie\u0137u v\u0101rda \u201cbiotos\u201d, kas noz\u012bm\u0113 \u201cdz\u012bv\u012bba\u201d, un tas atspogu\u013co \u0161\u012b vitam\u012bna noz\u012bmi vesel\u012bb\u0101.<\/p>\n<p><strong>Kam tas ir noder\u012bgs?<\/strong><\/p>\n<p>\u0160is uztura bag\u0101tin\u0101t\u0101js ir paredz\u0113ts tiem, kas v\u0113las r\u016bp\u0113ties par savu matu, \u0101das un nagu st\u0101vokli, uztur\u0113t sp\u0113c\u012bgu nervu sist\u0113mu, vielmai\u0146as l\u012bdzsvaru un ikdienas ener\u0123iju un labsaj\u016btu.<\/p>\n<p><strong>Sast\u0101vda\u013cas<\/strong>: mikrokrist\u0101lisk\u0101 celuloze un dikalcija fosf\u0101ts (pildvielas), D-biot\u012bns, tauksk\u0101bju magnija s\u0101\u013ci (pretsalipes viela).<\/p>\n<p>Sast\u0101vda\u013cu izcelsmes valsts: Eiropas Savien\u012bba.<\/p>\n<p>&nbsp;<\/p>\n<table style=\"height: 172px;\" width=\"315\">\n<tbody>\n<tr>\n<td width=\"188\"><strong>Viena tablete satur:<\/strong><\/td>\n<td width=\"188\">&nbsp;<\/td>\n<td width=\"188\"><strong>Nomin\u0101l\u0101 v\u0113rt\u012bba*, %<\/strong><\/td>\n<\/tr>\n<tr>\n<td width=\"188\">Biot\u012bns<\/td>\n<td width=\"188\">10 000 \u00b5g<\/td>\n<td width=\"188\">20.000<\/td>\n<\/tr>\n<tr>\n<td width=\"188\">* \u2013 atsauces uzturv\u0113rt\u012bba (RNV).<\/td>\n<td width=\"188\">&nbsp;<\/td>\n<td width=\"188\">&nbsp;<\/td>\n<\/tr>\n<\/tbody>\n<\/table>\n<p>&nbsp;<\/p>\n<p><strong>Lieto\u0161ana<\/strong>: Ieteicams lietot vienu tableti dien\u0101. Piem\u0113rots b\u0113rniem, kas vec\u0101ki par 12 gadiem. Lieliski piem\u0113rots gan ve\u0123et\u0101rie\u0161iem, gan veg\u0101niem.<\/p>\n<p><strong>Uzglab\u0101\u0161anas apst\u0101k\u013ci:<\/strong><\/p>\n<p>Uzglab\u0101t v\u0113s\u0101, saus\u0101 viet\u0101. Sarg\u0101t no b\u0113rniem.<\/p>\n<p>Ra\u017eot\u0101js: UAB \u201eDomus Naturae\u201c<\/p>\n<p>Neto daudzums: 30 g.<\/p>\n<p>Ieteicams l\u012bdz (der\u012bguma termi\u0146\u0161): vislab\u0101k izlietot l\u012bdz datumam, kas nor\u0101d\u012bts iepakojuma s\u0101nos, aug\u0161pus\u0113 vai apak\u0161\u0101.<\/p>\n<p><strong>Br\u012bdin\u0101jums:<\/strong><\/p>\n<p>Uztura bag\u0101tin\u0101t\u0101js neaizst\u0101j p\u0101rtiku. Svar\u012bgs ir daudzveid\u012bgs un sabalans\u0113ts uzturs un vesel\u012bgs dz\u012bvesveids. Ja esat gr\u016btniece, barojat b\u0113rnu ar kr\u016bti vai lietojat citas z\u0101les, pirms lieto\u0161anas konsult\u0113jieties ar \u0101rstu vai farmaceitu. Nep\u0101rsniedziet ieteicamo devu.<\/p>\n","protected":false},"excerpt":{"rendered":"<p>&#8220;Biot\u012bns 10 000 \u00b5g&#8221; ir \u013coti koncentr\u0113ts un augstas kvalit\u0101tes biot\u012bna avots.<\/p>\n<p><strong>Galven\u0101s \u012bpa\u0161\u012bbas:<\/strong><\/p>\n<p><strong>Biot\u012bns pal\u012bdz uztur\u0113t:<\/strong><\/p>\n<ul>\n<li>norm\u0101lu \u0101das st\u0101vokli<\/li>\n<li>vesel\u012bgu matu st\u0101vokli<\/li>\n<li>g\u013cot\u0101du integrit\u0101ti un vesel\u012bbu<\/li>\n<li>pareizu makroelementu metabolismu<\/li>\n<li>norm\u0101lu nervu sist\u0113mas darb\u012bbu<\/li>\n<li>psiholo\u0123isk\u0101s aktivit\u0101tes stabilit\u0101ti<\/li>\n<li>efekt\u012bvu ener\u0123ijas metabolismu<\/li>\n<\/ul>\n","protected":false},"featured_media":41056,"comment_status":"open","ping_status":"closed","template":"","meta":{"inline_featured_image":false},"product_brand":[],"product_cat":[161,145],"product_tag":[],"class_list":{"0":"post-41325","1":"product","2":"type-product","3":"status-publish","4":"has-post-thumbnail","6":"product_cat-akcijas","7":"product_cat-gan","9":"first","10":"instock","11":"sale","12":"shipping-taxable","13":"purchasable","14":"product-type-simple"},"_links":{"self":[{"href":"https:\/\/loosen.lt\/lv\/wp-json\/wp\/v2\/product\/41325","targetHints":{"allow":["GET"]}}],"collection":[{"href":"https:\/\/loosen.lt\/lv\/wp-json\/wp\/v2\/product"}],"about":[{"href":"https:\/\/loosen.lt\/lv\/wp-json\/wp\/v2\/types\/product"}],"replies":[{"embeddable":true,"href":"https:\/\/loosen.lt\/lv\/wp-json\/wp\/v2\/comments?post=41325"}],"wp:featuredmedia":[{"embeddable":true,"href":"https:\/\/loosen.lt\/lv\/wp-json\/wp\/v2\/media\/41056"}],"wp:attachment":[{"href":"https:\/\/loosen.lt\/lv\/wp-json\/wp\/v2\/media?parent=41325"}],"wp:term":[{"taxonomy":"product_brand","embeddable":true,"href":"https:\/\/loosen.lt\/lv\/wp-json\/wp\/v2\/product_brand?post=41325"},{"taxonomy":"product_cat","embeddable":true,"href":"https:\/\/loosen.lt\/lv\/wp-json\/wp\/v2\/product_cat?post=41325"},{"taxonomy":"product_tag","embeddable":true,"href":"https:\/\/loosen.lt\/lv\/wp-json\/wp\/v2\/product_tag?post=41325"}],"curies":[{"name":"wp","href":"https:\/\/api.w.org\/{rel}","templated":true}]}}