{"id":41795,"date":"2025-08-19T15:07:47","date_gmt":"2025-08-19T15:07:47","guid":{"rendered":"https:\/\/loosen.lt\/produktas\/vitalharmony-kreatina-monohidrats-200-g-tropisko-auglu-garsa\/"},"modified":"2026-03-02T20:28:10","modified_gmt":"2026-03-02T20:28:10","slug":"vitalharmony-kreatina-monohidrats-200-g-tropisko-auglu-garsa","status":"publish","type":"product","link":"https:\/\/loosen.lt\/lv\/produkts\/vitalharmony-kreatina-monohidrats-200-g-tropisko-auglu-garsa\/","title":{"rendered":"VitalHarmony kreat\u012bna monohidr\u0101ts 200 g tropisko aug\u013cu gar\u0161a"},"content":{"rendered":"<p><strong>Sast\u0101vda\u013cas<\/strong>: kreat\u012bna monohidr\u0101ts.<\/p>\n<table>\n<tbody>\n<tr>\n<td width=\"388\"><strong>Kreat\u012bna tropisko aug\u013cu gar\u0161a, uzturv\u0113rt\u012bba<\/strong><\/td>\n<td width=\"388\"><strong>Uz 5 g porcijas<\/strong><\/td>\n<td width=\"388\"><strong>100g<\/strong><\/td>\n<\/tr>\n<tr>\n<td width=\"388\">Kreat\u012bna monohidr\u0101ts<\/td>\n<td width=\"388\">4,4g<\/td>\n<td width=\"388\">88g<\/td>\n<\/tr>\n<tr>\n<td width=\"388\">Kreat\u012bns<\/td>\n<td width=\"388\">3,5g<\/td>\n<td width=\"388\">77,4g<\/td>\n<\/tr>\n<\/tbody>\n<\/table>\n<div><strong>Lieto\u0161ana<\/strong>: Nom\u0113riet vienu porciju (5 g \u2013 1 m\u0113rkarote) un sajauciet ar 200\u2013250 ml \u016bdens. Lietojiet vienu reizi dien\u0101 \u2013 pirms vai p\u0113c treni\u0146a. Izdzeriet t\u016bl\u012bt p\u0113c pagatavo\u0161anas.<\/div>\n<div><\/div>\n<div><strong>Uzglab\u0101\u0161anas apst\u0101k\u013ci:<\/strong><\/div>\n<div><\/div>\n<div>Uzglab\u0101t v\u0113s\u0101, saus\u0101 viet\u0101. Sarg\u0101t no b\u0113rniem.<\/div>\n<div><\/div>\n<div>Ra\u017eot\u0101js: SIA Matrixsoftlabs<\/div>\n<div><\/div>\n<div>Neto daudzums: 200 g.<\/div>\n<div><\/div>\n<div>Ieteicams l\u012bdz (der\u012bguma termi\u0146\u0161): ieteicams l\u012bdz datumam, kas nor\u0101d\u012bts iepakojuma s\u0101nos, aug\u0161pus\u0113 vai apak\u0161\u0101.<\/div>\n<div><\/div>\n<div><strong>Br\u012bdin\u0101jums:<\/strong><\/div>\n<div><\/div>\n<div>Uztura bag\u0101tin\u0101t\u0101js neaizst\u0101j uzturu. Svar\u012bgs ir daudzveid\u012bgs un sabalans\u0113ts uzturs un vesel\u012bgs dz\u012bvesveids. Ja esat gr\u016btniece, barojat b\u0113rnu ar kr\u016bti vai lietojat citas z\u0101les, pirms lieto\u0161anas konsult\u0113jieties ar \u0101rstu vai farmaceitu. Nep\u0101rsniedziet ieteicamo devu.<\/div>\n","protected":false},"excerpt":{"rendered":"<div>VitalHarmony kreat\u012bna monohidr\u0101ts ar tropisko aug\u013cu gar\u0161u satur tikai t\u012bru kreat\u012bna monohidr\u0101tu (100%).<\/div>\n<div><\/div>\n<div><strong>Galven\u0101s \u012bpa\u0161\u012bbas:<\/strong><\/div>\n<div><\/div>\n<ul>\n<li>Pal\u012bdz uzlabot fizisko sniegumu \u012bslaic\u012bgu, intens\u012bvu, atk\u0101rtotu fizisko vingrin\u0101jumu laik\u0101<\/li>\n<li>Veicina musku\u013cu sp\u0113ka aug\u0161anu<\/li>\n<li>Veicina lies\u0101s musku\u013cu masas aug\u0161anu<\/li>\n<li>Pal\u012bdz \u0101tr\u0101k atg\u016bties p\u0113c intens\u012bviem treni\u0146iem<\/li>\n<li>Uzlabo sportisko sniegumu, \u012bpa\u0161i spr\u0101dzienb\u012bstam\u012bbu<\/li>\n<li>Var pal\u012bdz\u0113t saglab\u0101t musku\u013cu masu noveco\u0161an\u0101s laik\u0101<\/li>\n<\/ul>\n","protected":false},"featured_media":41788,"comment_status":"open","ping_status":"closed","template":"","meta":{"inline_featured_image":false},"product_brand":[],"product_cat":[161,153],"product_tag":[],"class_list":{"0":"post-41795","1":"product","2":"type-product","3":"status-publish","4":"has-post-thumbnail","6":"product_cat-akcijas","7":"product_cat-muskuli","9":"first","10":"instock","11":"sale","12":"shipping-taxable","13":"purchasable","14":"product-type-simple"},"_links":{"self":[{"href":"https:\/\/loosen.lt\/lv\/wp-json\/wp\/v2\/product\/41795","targetHints":{"allow":["GET"]}}],"collection":[{"href":"https:\/\/loosen.lt\/lv\/wp-json\/wp\/v2\/product"}],"about":[{"href":"https:\/\/loosen.lt\/lv\/wp-json\/wp\/v2\/types\/product"}],"replies":[{"embeddable":true,"href":"https:\/\/loosen.lt\/lv\/wp-json\/wp\/v2\/comments?post=41795"}],"wp:featuredmedia":[{"embeddable":true,"href":"https:\/\/loosen.lt\/lv\/wp-json\/wp\/v2\/media\/41788"}],"wp:attachment":[{"href":"https:\/\/loosen.lt\/lv\/wp-json\/wp\/v2\/media?parent=41795"}],"wp:term":[{"taxonomy":"product_brand","embeddable":true,"href":"https:\/\/loosen.lt\/lv\/wp-json\/wp\/v2\/product_brand?post=41795"},{"taxonomy":"product_cat","embeddable":true,"href":"https:\/\/loosen.lt\/lv\/wp-json\/wp\/v2\/product_cat?post=41795"},{"taxonomy":"product_tag","embeddable":true,"href":"https:\/\/loosen.lt\/lv\/wp-json\/wp\/v2\/product_tag?post=41795"}],"curies":[{"name":"wp","href":"https:\/\/api.w.org\/{rel}","templated":true}]}}