{"id":41799,"date":"2025-08-19T14:25:02","date_gmt":"2025-08-19T14:25:02","guid":{"rendered":"https:\/\/loosen.lt\/produktas\/vitalharmony-apetites-kontrole-60-kapsulas\/"},"modified":"2025-10-31T17:25:26","modified_gmt":"2025-10-31T17:25:26","slug":"vitalharmony-apetites-kontrole-60-kapsulas","status":"publish","type":"product","link":"https:\/\/loosen.lt\/lv\/produkts\/vitalharmony-apetites-kontrole-60-kapsulas\/","title":{"rendered":"VitalHarmony apet\u012btes kontrole &#8211; 60 kapsulas"},"content":{"rendered":"<div><strong>Sast\u0101vda\u013cas<\/strong>: Garcinia cambogia aug\u013cu ekstrakts, standartiz\u0113ts, lai satur\u0113tu 60% hidroksicitronsk\u0101bes (HCA); \u0100frikas mango (Irvingia gabonensis) s\u0113klu ekstrakts; Gymnema sylvestre lapu ekstrakts, standartiz\u0113ts, lai satur\u0113tu 25% gimnema sk\u0101bju; n\u0101tru (Urtica dioica) lapu ekstrakts. Kapsulas apvalks: liellopu \u017eelat\u012bns, att\u012br\u012bts \u016bdens.<\/div>\n<div><\/div>\n<div><strong>Var satur\u0113t alerg\u0113nu p\u0113das:<\/strong> pienu (ieskaitot laktozi), soju, zemesriekstus, citus riekstus, sezama s\u0113klas, glut\u0113nu saturo\u0161us graudaugus, olas, v\u0113\u017eveid\u012bgos un zivis.<\/div>\n<div><\/div>\n<div>\n<table>\n<tbody>\n<tr>\n<td width=\"388\"><strong>Sast\u0101vs:<\/strong><\/td>\n<td width=\"388\"><strong>Porcijas lielums: 2 kapsulas<\/strong><\/td>\n<td width=\"388\"><strong>Daudzums vien\u0101 kapsul\u0101<\/strong><\/td>\n<\/tr>\n<tr>\n<td width=\"388\">Malabar tamarinda aug\u013cu ekstrakts<\/td>\n<td width=\"388\">400mgg<\/td>\n<td width=\"388\">200mg<\/td>\n<\/tr>\n<tr>\n<td width=\"388\">\u2014 tostarp hidroksicitronsk\u0101be (HCA)<\/td>\n<td width=\"388\">240mg<\/td>\n<td width=\"388\">120mg<\/td>\n<\/tr>\n<tr>\n<td width=\"388\">\u0100frikas mango s\u0113klu ekstrakts<\/td>\n<td width=\"388\">400mg<\/td>\n<td width=\"388\">200mg<\/td>\n<\/tr>\n<tr>\n<td width=\"388\">Gurmar lapu ekstrakts<\/td>\n<td width=\"388\">100mg<\/td>\n<td width=\"388\">50mg<\/td>\n<\/tr>\n<tr>\n<td width=\"388\">\u2014 tostarp gimne\u012bnsk\u0101bes<\/td>\n<td width=\"388\">25mg<\/td>\n<td width=\"388\">12,5mg<\/td>\n<\/tr>\n<tr>\n<td width=\"388\">N\u0101tru lapu ekstrakts<\/td>\n<td width=\"388\">100mg<\/td>\n<td width=\"388\">50mg<\/td>\n<\/tr>\n<\/tbody>\n<\/table>\n<\/div>\n<p>&nbsp;<\/p>\n<div><strong>Lieto\u0161ana<\/strong>: Ieteicams lietot 2 kapsulas dien\u0101, uzdzerot \u016bdeni pirms \u0113dienreiz\u0113m, ja vien vesel\u012bbas apr\u016bpes speci\u0101lists nav nor\u0101d\u012bjis cit\u0101di.<\/div>\n<div><\/div>\n<div><strong>Uzglab\u0101\u0161anas apst\u0101k\u013ci:<\/strong><\/div>\n<div><\/div>\n<div>Uzglab\u0101t v\u0113s\u0101, saus\u0101 viet\u0101. Sarg\u0101t no b\u0113rniem.<\/div>\n<div><\/div>\n<div>Ra\u017eot\u0101js: SIA Matrixsoftlabs<\/div>\n<div><\/div>\n<div>Neto saturs: 37 g.<\/div>\n<div><\/div>\n<div>Ieteicams l\u012bdz (der\u012bguma termi\u0146\u0161): Ieteicams l\u012bdz datumam, kas nor\u0101d\u012bts iepakojuma s\u0101nos, aug\u0161pus\u0113 vai apak\u0161\u0101.<\/div>\n<div><\/div>\n<div><strong>Br\u012bdin\u0101jums:<\/strong><\/div>\n<div><\/div>\n<div>Uztura bag\u0101tin\u0101t\u0101js neaizst\u0101j uzturu. Svar\u012bgs ir daudzveid\u012bgs un sabalans\u0113ts uzturs un vesel\u012bgs dz\u012bvesveids. Ja esat gr\u016btniece, barojat b\u0113rnu ar kr\u016bti vai lietojat citas z\u0101les, pirms lieto\u0161anas konsult\u0113jieties ar \u0101rstu vai farmaceitu. Nep\u0101rsniedziet ieteicamo devu.<\/div>\n","protected":false},"excerpt":{"rendered":"<div>VitalHarmony Appetite Control \u2013 uztura bag\u0101tin\u0101t\u0101js, kas ra\u017eots no dab\u012bg\u0101m sast\u0101vda\u013c\u0101m.<\/div>\n<div><\/div>\n<div><strong>Galven\u0101s iez\u012bmes:<\/strong><\/div>\n<div><\/div>\n<ul>\n<li><strong>Dab\u012bgas sast\u0101vda\u013cas<\/strong> \u2013 augu izcelsmes ekstrakti<\/li>\n<li><strong>Atbalsta svara kontroli<\/strong> \u2013 sast\u0101vs ir piel\u0101gots vesel\u012bga dz\u012bvesveida programm\u0101m<\/li>\n<li><strong>Popul\u0101rs labsaj\u016btas kontekst\u0101<\/strong> \u2013 lieto k\u0101 da\u013cu no sabalans\u0113ta uztura un akt\u012bva dz\u012bvesveida<\/li>\n<\/ul>\n","protected":false},"featured_media":41638,"comment_status":"open","ping_status":"closed","template":"","meta":{"inline_featured_image":false},"product_brand":[],"product_cat":[161,155],"product_tag":[],"class_list":{"0":"post-41799","1":"product","2":"type-product","3":"status-publish","4":"has-post-thumbnail","6":"product_cat-akcijas","7":"product_cat-svara-kontrole","9":"first","10":"instock","11":"sale","12":"shipping-taxable","13":"purchasable","14":"product-type-simple"},"_links":{"self":[{"href":"https:\/\/loosen.lt\/lv\/wp-json\/wp\/v2\/product\/41799","targetHints":{"allow":["GET"]}}],"collection":[{"href":"https:\/\/loosen.lt\/lv\/wp-json\/wp\/v2\/product"}],"about":[{"href":"https:\/\/loosen.lt\/lv\/wp-json\/wp\/v2\/types\/product"}],"replies":[{"embeddable":true,"href":"https:\/\/loosen.lt\/lv\/wp-json\/wp\/v2\/comments?post=41799"}],"wp:featuredmedia":[{"embeddable":true,"href":"https:\/\/loosen.lt\/lv\/wp-json\/wp\/v2\/media\/41638"}],"wp:attachment":[{"href":"https:\/\/loosen.lt\/lv\/wp-json\/wp\/v2\/media?parent=41799"}],"wp:term":[{"taxonomy":"product_brand","embeddable":true,"href":"https:\/\/loosen.lt\/lv\/wp-json\/wp\/v2\/product_brand?post=41799"},{"taxonomy":"product_cat","embeddable":true,"href":"https:\/\/loosen.lt\/lv\/wp-json\/wp\/v2\/product_cat?post=41799"},{"taxonomy":"product_tag","embeddable":true,"href":"https:\/\/loosen.lt\/lv\/wp-json\/wp\/v2\/product_tag?post=41799"}],"curies":[{"name":"wp","href":"https:\/\/api.w.org\/{rel}","templated":true}]}}