{"id":41801,"date":"2025-08-19T14:20:15","date_gmt":"2025-08-19T14:20:15","guid":{"rendered":"https:\/\/loosen.lt\/produktas\/vitalharmony-alfa-lipoinskabe-100-mg-90-kapsulas\/"},"modified":"2025-11-25T17:27:45","modified_gmt":"2025-11-25T17:27:45","slug":"vitalharmony-alfa-lipoinskabe-100-mg-90-kapsulas","status":"publish","type":"product","link":"https:\/\/loosen.lt\/lv\/produkts\/vitalharmony-alfa-lipoinskabe-100-mg-90-kapsulas\/","title":{"rendered":"VitalHarmony alfa lipo\u012bnsk\u0101be 100 mg 90 kapsulas"},"content":{"rendered":"<div><strong>K\u0101p\u0113c VitalHarmony?<\/strong><\/div>\n<div><\/div>\n<div>Izv\u0113lieties kvalit\u0101ti \u2013 t\u012bru alfa-liposk\u0101bi bez liek\u0101m piedev\u0101m, kas rad\u012bta, lai atbalst\u012btu j\u016bsu organisma dabiskos procesus.<\/div>\n<div><\/div>\n<div><strong>Sast\u0101vda\u013cas<\/strong>: mikrokrist\u0101lisk\u0101 celuloze (pildviela), alfa lipo\u012bnsk\u0101be, hidroksipropilmetilceluloze (HPMC kapsulas apvalks).<\/div>\n<div><\/div>\n<div><strong>Var satur\u0113t alerg\u0113nu p\u0113das:<\/strong> pienu (ieskaitot laktozi), soju, zemesriekstus un citus riekstus, sezama s\u0113klas, glut\u0113nu saturo\u0161us graudaugus, olas, v\u0113\u017eveid\u012bgos un zivis.<\/div>\n<div><\/div>\n<div><\/div>\n<div>\n<table>\n<tbody>\n<tr>\n<td width=\"388\">&nbsp;<\/td>\n<td width=\"388\"><strong>Porcijas lielums: 1 kapsula<\/strong><\/td>\n<\/tr>\n<tr>\n<td width=\"388\"><strong>Daudzums vien\u0101 porcij\u0101<\/strong><\/td>\n<td width=\"388\"><strong>Dienas v\u0113rt\u012bba %<\/strong><\/td>\n<\/tr>\n<tr>\n<td width=\"388\">Alfa lipo\u012bnsk\u0101be \u2013 100 mg<\/td>\n<td width=\"388\">*<\/td>\n<\/tr>\n<\/tbody>\n<\/table>\n<\/div>\n<div>Dienas deva nav noteikta.<\/div>\n<div><\/div>\n<div><strong>Nor\u0101d\u012bjumi<\/strong>: Lietot 1 kapsulu dien\u0101, uzdzerot \u016bdeni, v\u0113lams \u0113dienreizes laik\u0101.<\/div>\n<div><\/div>\n<div><strong>Uzglab\u0101\u0161anas apst\u0101k\u013ci:<\/strong><\/div>\n<div><\/div>\n<div>Uzglab\u0101t v\u0113s\u0101, saus\u0101 viet\u0101. Sarg\u0101t no b\u0113rniem.<\/div>\n<div><\/div>\n<div>Ra\u017eot\u0101js: SIA Matrixsoftlabs<\/div>\n<div><\/div>\n<div>Neto saturs: 25 g.<\/div>\n<div><\/div>\n<div>Ieteicams l\u012bdz (der\u012bguma termi\u0146\u0161): Ieteicams l\u012bdz datumam, kas nor\u0101d\u012bts iepakojuma s\u0101nos, aug\u0161pus\u0113 vai apak\u0161\u0101.<\/div>\n<div><\/div>\n<div><strong>Br\u012bdin\u0101jums:<\/strong><\/div>\n<div><\/div>\n<div>Uztura bag\u0101tin\u0101t\u0101js neaizst\u0101j p\u0101rtiku. Svar\u012bgs ir daudzveid\u012bgs un sabalans\u0113ts uzturs un vesel\u012bgs dz\u012bvesveids. Ja esat gr\u016btniece, barojat b\u0113rnu ar kr\u016bti vai lietojat citas z\u0101les, pirms lieto\u0161anas konsult\u0113jieties ar \u0101rstu vai farmaceitu. Nep\u0101rsniedziet ieteicamo devu.<\/div>\n","protected":false},"excerpt":{"rendered":"<div>Alfa-lipo\u012bnsk\u0101bei (ALA) piem\u012bt sp\u0113c\u012bgas antioksidanta \u012bpa\u0161\u012bbas.<\/div>\n<div><\/div>\n<div><strong>Galven\u0101s iez\u012bmes:<\/strong><\/div>\n<div><\/div>\n<ul>\n<li>Viela, kas atrodama organism\u0101 un ir iesaist\u012bta vielmai\u0146as procesos.<\/li>\n<li>Darbojas k\u0101 kofaktors noteiktiem enz\u012bmiem, kas iesaist\u012bti ener\u0123ijas ra\u017eo\u0161an\u0101.<\/li>\n<li>Pla\u0161i p\u0113t\u012bta t\u0101s antioksidanta \u012bpa\u0161\u012bbu d\u0113\u013c \u2013 pal\u012bdz atbalst\u012bt organisma \u0161\u016bnu aizsardz\u012bbu pret oksidat\u012bvo stresu.<\/li>\n<li>Organiz\u0101cija to izmanto k\u0101 pamatelementu \u0161\u016bnu funkciju atbalstam.<\/li>\n<\/ul>\n","protected":false},"featured_media":41634,"comment_status":"open","ping_status":"closed","template":"","meta":{"inline_featured_image":false},"product_brand":[],"product_cat":[161,144],"product_tag":[],"class_list":{"0":"post-41801","1":"product","2":"type-product","3":"status-publish","4":"has-post-thumbnail","6":"product_cat-akcijas","7":"product_cat-energija","9":"first","10":"instock","11":"sale","12":"shipping-taxable","13":"purchasable","14":"product-type-simple"},"_links":{"self":[{"href":"https:\/\/loosen.lt\/lv\/wp-json\/wp\/v2\/product\/41801","targetHints":{"allow":["GET"]}}],"collection":[{"href":"https:\/\/loosen.lt\/lv\/wp-json\/wp\/v2\/product"}],"about":[{"href":"https:\/\/loosen.lt\/lv\/wp-json\/wp\/v2\/types\/product"}],"replies":[{"embeddable":true,"href":"https:\/\/loosen.lt\/lv\/wp-json\/wp\/v2\/comments?post=41801"}],"wp:featuredmedia":[{"embeddable":true,"href":"https:\/\/loosen.lt\/lv\/wp-json\/wp\/v2\/media\/41634"}],"wp:attachment":[{"href":"https:\/\/loosen.lt\/lv\/wp-json\/wp\/v2\/media?parent=41801"}],"wp:term":[{"taxonomy":"product_brand","embeddable":true,"href":"https:\/\/loosen.lt\/lv\/wp-json\/wp\/v2\/product_brand?post=41801"},{"taxonomy":"product_cat","embeddable":true,"href":"https:\/\/loosen.lt\/lv\/wp-json\/wp\/v2\/product_cat?post=41801"},{"taxonomy":"product_tag","embeddable":true,"href":"https:\/\/loosen.lt\/lv\/wp-json\/wp\/v2\/product_tag?post=41801"}],"curies":[{"name":"wp","href":"https:\/\/api.w.org\/{rel}","templated":true}]}}