{"id":41803,"date":"2025-08-19T14:18:16","date_gmt":"2025-08-19T14:18:16","guid":{"rendered":"https:\/\/loosen.lt\/produktas\/vitalharmony-asvaganda-90-kapsulas\/"},"modified":"2025-10-31T17:26:22","modified_gmt":"2025-10-31T17:26:22","slug":"vitalharmony-asvaganda-90-kapsulas","status":"publish","type":"product","link":"https:\/\/loosen.lt\/lv\/produkts\/vitalharmony-asvaganda-90-kapsulas\/","title":{"rendered":"VitalHarmony A\u0161vaganda &#8211; 90 kapsulas"},"content":{"rendered":"<div><strong>Sast\u0101vda\u013cas<\/strong>: a\u0161vagandas (Withania somnifera) saknes ekstrakts, standartiz\u0113ts, lai satur\u0113tu 5% vitan\u012bdu; pildviela: mikrokrist\u0101lisk\u0101 celuloze; kapsulas apvalks: liellopu \u017eelat\u012bns un att\u012br\u012bts \u016bdens; pretsalipes viela: sil\u012bcija dioks\u012bds.<\/div>\n<div><\/div>\n<div><strong>Var satur\u0113t alerg\u0113nu p\u0113das:<\/strong> pienu (ieskaitot laktozi), soju, zemesriekstus un citus riekstus, sezama s\u0113klas, glut\u0113nu saturo\u0161us graudaugus, olas, v\u0113\u017eveid\u012bgos un zivis.<\/div>\n<div><\/div>\n<div>\n<table>\n<tbody>\n<tr>\n<td width=\"388\"><strong>Sast\u0101vda\u013cas<\/strong><\/td>\n<td width=\"388\"><strong>Daudzums vien\u0101 porcij\u0101<\/strong><\/td>\n<\/tr>\n<tr>\n<td width=\"388\">A\u0161vagandas saknes ekstrakts (Withania somnifera)<\/td>\n<td width=\"388\">299mg<\/td>\n<\/tr>\n<tr>\n<td width=\"388\">No tiem vitanolidi<\/td>\n<td width=\"388\">14,95mg<\/td>\n<\/tr>\n<\/tbody>\n<\/table>\n<\/div>\n<p>&nbsp;<\/p>\n<div><strong>Lieto\u0161ana<\/strong>: Lietot 1 kapsulu dien\u0101, uzdzerot gl\u0101zi \u016bdens.<\/div>\n<div><\/div>\n<div><strong>Uzglab\u0101\u0161anas apst\u0101k\u013ci:<\/strong><\/div>\n<div><\/div>\n<div>Uzglab\u0101t v\u0113s\u0101, saus\u0101 viet\u0101. Sarg\u0101t no b\u0113rniem.<\/div>\n<div><\/div>\n<div>Ra\u017eot\u0101js: SIA Matrixsoftlabs<\/div>\n<div><\/div>\n<div>Neto daudzums: 90 kapsulas<\/div>\n<div><\/div>\n<div>Der\u012bguma termi\u0146\u0161: ieteicams lietot l\u012bdz datumam, kas nor\u0101d\u012bts iepakojuma s\u0101nos, aug\u0161pus\u0113 vai apak\u0161\u0101.<\/div>\n<div><\/div>\n<div><strong>Br\u012bdin\u0101jums:<\/strong><\/div>\n<div><\/div>\n<div>Uztura bag\u0101tin\u0101t\u0101js neaizst\u0101j uzturu. Svar\u012bgs ir daudzveid\u012bgs un sabalans\u0113ts uzturs un vesel\u012bgs dz\u012bvesveids. Ja esat gr\u016btniece, barojat b\u0113rnu ar kr\u016bti vai lietojat citas z\u0101les, pirms lieto\u0161anas konsult\u0113jieties ar \u0101rstu vai farmaceitu. Nep\u0101rsniedziet ieteicamo devu.<\/div>\n","protected":false},"excerpt":{"rendered":"<div>VitalHarmony Ashwagandha ir augst\u0101k\u0101s kvalit\u0101tes Withania somnifera (miega vit\u0101nijas) ekstrakts.<\/div>\n<div><\/div>\n<div><strong>Galven\u0101s \u012bpa\u0161\u012bbas:<\/strong><\/div>\n<div><\/div>\n<ul>\n<li>Pal\u012bdz uztur\u0113t emocion\u0101lo l\u012bdzsvaru un iztur\u012bbu pret stresu<\/li>\n<li>Pal\u012bdz uztur\u0113t visp\u0101r\u0113jo \u0137erme\u0146a l\u012bdzsvaru un vitalit\u0101ti<\/li>\n<li>Izmanto tradicion\u0101laj\u0101 \u0100jurv\u0113das medic\u012bn\u0101, lai uztur\u0113tu iztur\u012bbu un ener\u0123iju<\/li>\n<li>Pal\u012bdz uztur\u0113t gar\u012bgo aktivit\u0101ti un modr\u012bbu<\/li>\n<li>Izmanto tradicion\u0101laj\u0101 medic\u012bn\u0101, lai uztur\u0113tu mieru un relaks\u0101ciju<\/li>\n<\/ul>\n","protected":false},"featured_media":41642,"comment_status":"open","ping_status":"closed","template":"","meta":{"inline_featured_image":false},"product_brand":[],"product_cat":[161,151],"product_tag":[],"class_list":{"0":"post-41803","1":"product","2":"type-product","3":"status-publish","4":"has-post-thumbnail","6":"product_cat-akcijas","7":"product_cat-nervu-sistema","9":"first","10":"instock","11":"sale","12":"shipping-taxable","13":"purchasable","14":"product-type-simple"},"_links":{"self":[{"href":"https:\/\/loosen.lt\/lv\/wp-json\/wp\/v2\/product\/41803","targetHints":{"allow":["GET"]}}],"collection":[{"href":"https:\/\/loosen.lt\/lv\/wp-json\/wp\/v2\/product"}],"about":[{"href":"https:\/\/loosen.lt\/lv\/wp-json\/wp\/v2\/types\/product"}],"replies":[{"embeddable":true,"href":"https:\/\/loosen.lt\/lv\/wp-json\/wp\/v2\/comments?post=41803"}],"wp:featuredmedia":[{"embeddable":true,"href":"https:\/\/loosen.lt\/lv\/wp-json\/wp\/v2\/media\/41642"}],"wp:attachment":[{"href":"https:\/\/loosen.lt\/lv\/wp-json\/wp\/v2\/media?parent=41803"}],"wp:term":[{"taxonomy":"product_brand","embeddable":true,"href":"https:\/\/loosen.lt\/lv\/wp-json\/wp\/v2\/product_brand?post=41803"},{"taxonomy":"product_cat","embeddable":true,"href":"https:\/\/loosen.lt\/lv\/wp-json\/wp\/v2\/product_cat?post=41803"},{"taxonomy":"product_tag","embeddable":true,"href":"https:\/\/loosen.lt\/lv\/wp-json\/wp\/v2\/product_tag?post=41803"}],"curies":[{"name":"wp","href":"https:\/\/api.w.org\/{rel}","templated":true}]}}