{"id":41828,"date":"2025-08-19T14:07:50","date_gmt":"2025-08-19T14:07:50","guid":{"rendered":"https:\/\/loosen.lt\/produktas\/vitalharmony-chromium-90-kapsulas\/"},"modified":"2025-10-31T17:26:49","modified_gmt":"2025-10-31T17:26:49","slug":"vitalharmony-chromium-90-kapsulas","status":"publish","type":"product","link":"https:\/\/loosen.lt\/lv\/produkts\/vitalharmony-chromium-90-kapsulas\/","title":{"rendered":"VitalHarmony Chromium 90 kapsulas"},"content":{"rendered":"<div><strong>Sast\u0101vda\u013cas<\/strong>: pildviela: mikrokrist\u0101lisk\u0101 celuloze; akt\u012bv\u0101 viela: hroms (hroma pikolin\u0101ta veid\u0101); kapsulas apvalks: hidroksipropilmetilceluloze (HPMC).<\/div>\n<div><\/div>\n<div><strong>Var satur\u0113t alerg\u0113nu p\u0113das:<\/strong> pienu (ieskaitot laktozi), soju, zemesriekstus un citus riekstus, sezama s\u0113klas, glut\u0113nu saturo\u0161us graudaugus, olas, v\u0113\u017eveid\u012bgos un zivis.<\/div>\n<div><\/div>\n<div>\n<table>\n<tbody>\n<tr>\n<td width=\"388\"><strong>Materi\u0101ls<\/strong><\/td>\n<td width=\"388\"><strong>Daudzums vien\u0101 porcij\u0101<\/strong><\/td>\n<td width=\"388\"><strong>% NRL*<\/strong><\/td>\n<\/tr>\n<tr>\n<td width=\"388\">Hroma pikolin\u0101ts<\/td>\n<td width=\"388\">1,63mg<\/td>\n<td width=\"388\">&nbsp;<\/td>\n<\/tr>\n<tr>\n<td width=\"388\">Hroms<\/td>\n<td width=\"388\">200 \u03bcg<\/td>\n<td width=\"388\">500,0%<\/td>\n<\/tr>\n<\/tbody>\n<\/table>\n<\/div>\n<div>*NRV: Uzturvielu atsauces v\u0113rt\u012bbas<\/div>\n<div><\/div>\n<div><strong>Deva<\/strong>: Ieteicams lietot 1 kapsulu dien\u0101, uzdzerot pietiekamu daudzumu \u016bdens. Nep\u0101rsniegt ieteicamo dienas devu.<\/div>\n<div><\/div>\n<div><strong>Uzglab\u0101\u0161anas apst\u0101k\u013ci:<\/strong><\/div>\n<div><\/div>\n<div>Uzglab\u0101t v\u0113s\u0101, saus\u0101 viet\u0101. Sarg\u0101t no b\u0113rniem.<\/div>\n<div><\/div>\n<div>Ra\u017eot\u0101js: SIA Matrixsoftlabs<\/div>\n<div><\/div>\n<div>Neto saturs: 38,4 g.<\/div>\n<div><\/div>\n<div>Ieteicams l\u012bdz (der\u012bguma termi\u0146\u0161): Ieteicams l\u012bdz datumam, kas nor\u0101d\u012bts iepakojuma s\u0101nos, aug\u0161pus\u0113 vai apak\u0161\u0101.<\/div>\n<div><\/div>\n<div><strong>Br\u012bdin\u0101jums:<\/strong><\/div>\n<div><\/div>\n<div>Uztura bag\u0101tin\u0101t\u0101js neaizst\u0101j p\u0101rtiku. Svar\u012bgs ir daudzveid\u012bgs un sabalans\u0113ts uzturs un vesel\u012bgs dz\u012bvesveids. Ja esat gr\u016btniece, barojat b\u0113rnu ar kr\u016bti vai lietojat citas z\u0101les, pirms lieto\u0161anas konsult\u0113jieties ar \u0101rstu vai farmaceitu. Nep\u0101rsniedziet ieteicamo devu.<\/div>\n","protected":false},"excerpt":{"rendered":"<div>VitalHarmony Chromium ir augstas kvalit\u0101tes uztura bag\u0101tin\u0101t\u0101js.<\/div>\n<div><\/div>\n<div><strong>Galven\u0101s \u012bpa\u0161\u012bbas:<\/strong><\/div>\n<div><\/div>\n<ul>\n<li>Hroms pal\u012bdz uztur\u0113t norm\u0101lu glikozes l\u012bmeni asin\u012bs<\/li>\n<li>Hroms pal\u012bdz uztur\u0113t norm\u0101lu makroelementu metabolismu<\/li>\n<li>Piem\u0113rots ve\u0123et\u0101rie\u0161iem<\/li>\n<\/ul>\n","protected":false},"featured_media":41672,"comment_status":"open","ping_status":"closed","template":"","meta":{"inline_featured_image":false},"product_brand":[],"product_cat":[161,155],"product_tag":[],"class_list":{"0":"post-41828","1":"product","2":"type-product","3":"status-publish","4":"has-post-thumbnail","6":"product_cat-akcijas","7":"product_cat-svara-kontrole","9":"first","10":"instock","11":"sale","12":"shipping-taxable","13":"purchasable","14":"product-type-simple"},"_links":{"self":[{"href":"https:\/\/loosen.lt\/lv\/wp-json\/wp\/v2\/product\/41828","targetHints":{"allow":["GET"]}}],"collection":[{"href":"https:\/\/loosen.lt\/lv\/wp-json\/wp\/v2\/product"}],"about":[{"href":"https:\/\/loosen.lt\/lv\/wp-json\/wp\/v2\/types\/product"}],"replies":[{"embeddable":true,"href":"https:\/\/loosen.lt\/lv\/wp-json\/wp\/v2\/comments?post=41828"}],"wp:featuredmedia":[{"embeddable":true,"href":"https:\/\/loosen.lt\/lv\/wp-json\/wp\/v2\/media\/41672"}],"wp:attachment":[{"href":"https:\/\/loosen.lt\/lv\/wp-json\/wp\/v2\/media?parent=41828"}],"wp:term":[{"taxonomy":"product_brand","embeddable":true,"href":"https:\/\/loosen.lt\/lv\/wp-json\/wp\/v2\/product_brand?post=41828"},{"taxonomy":"product_cat","embeddable":true,"href":"https:\/\/loosen.lt\/lv\/wp-json\/wp\/v2\/product_cat?post=41828"},{"taxonomy":"product_tag","embeddable":true,"href":"https:\/\/loosen.lt\/lv\/wp-json\/wp\/v2\/product_tag?post=41828"}],"curies":[{"name":"wp","href":"https:\/\/api.w.org\/{rel}","templated":true}]}}