{"id":41830,"date":"2025-08-19T14:06:18","date_gmt":"2025-08-19T14:06:18","guid":{"rendered":"https:\/\/loosen.lt\/produktas\/vitalharmony-fat-burner-plus-60-kapsulas\/"},"modified":"2026-03-17T13:20:14","modified_gmt":"2026-03-17T13:20:14","slug":"vitalharmony-fat-burner-plus-60-kapsulas","status":"publish","type":"product","link":"https:\/\/loosen.lt\/lv\/produkts\/vitalharmony-fat-burner-plus-60-kapsulas\/","title":{"rendered":"VitalHarmony FAT BURNER PLUS &#8211; 60 kapsulas"},"content":{"rendered":"<p><strong>Var satur\u0113t alerg\u0113nu p\u0113das:<\/strong> pienu (ieskaitot laktozi), soju, zemesriekstus un citus riekstus, sezama s\u0113klas, glut\u0113nu saturo\u0161us graudaugus, olas, v\u0113\u017eveid\u012bgos un zivis.<\/p>\n<p>&nbsp;<\/p>\n<table>\n<tbody>\n<tr>\n<td width=\"581\"><strong>Sast\u0101vda\u013cas<\/strong><\/td>\n<td width=\"581\"><strong>Daudzums<\/strong><\/td>\n<\/tr>\n<tr>\n<td width=\"581\">L-karnit\u012bna tartr\u0101ts<\/td>\n<td width=\"581\">300mg<\/td>\n<\/tr>\n<tr>\n<td width=\"581\">Za\u013c\u0101s t\u0113jas lapu ekstrakts<\/td>\n<td width=\"581\">250mg<\/td>\n<\/tr>\n<tr>\n<td width=\"581\">Polifenoli<\/td>\n<td width=\"581\">245mg<\/td>\n<\/tr>\n<tr>\n<td width=\"581\">Kateh\u012bni<\/td>\n<td width=\"581\">175mg<\/td>\n<\/tr>\n<tr>\n<td width=\"581\">EGCG<\/td>\n<td width=\"581\">137,5mg<\/td>\n<\/tr>\n<tr>\n<td width=\"581\">Kofe\u012bns (no za\u013c\u0101s t\u0113jas)<\/td>\n<td width=\"581\">2,5mg<\/td>\n<\/tr>\n<tr>\n<td width=\"581\">Bez\u016bdens kofe\u012bns<\/td>\n<td width=\"581\">140mg<\/td>\n<\/tr>\n<tr>\n<td width=\"581\">R\u016bgto apels\u012bnu aug\u013cu ekstrakts<\/td>\n<td width=\"581\">200mg<\/td>\n<\/tr>\n<tr>\n<td width=\"581\">Sinefr\u012bns<\/td>\n<td width=\"581\">12mg<\/td>\n<\/tr>\n<tr>\n<td width=\"581\">L-tiroz\u012bns<\/td>\n<td width=\"581\">180mg<\/td>\n<\/tr>\n<tr>\n<td width=\"581\">Malabar tamarinds (Garcinia Cambogia)<\/td>\n<td width=\"581\">150mg<\/td>\n<\/tr>\n<tr>\n<td width=\"581\">Hidroksicitronsk\u0101be (HCA)<\/td>\n<td width=\"581\">97,5mg<\/td>\n<\/tr>\n<tr>\n<td width=\"581\">Ave\u0146u aug\u013cu ekstrakts<\/td>\n<td width=\"581\">120mg<\/td>\n<\/tr>\n<tr>\n<td width=\"581\">Ketoni<\/td>\n<td width=\"581\">6mg<\/td>\n<\/tr>\n<tr>\n<td width=\"581\">Kaj\u0113nas piparu ekstrakts<\/td>\n<td width=\"581\">100mg<\/td>\n<\/tr>\n<tr>\n<td width=\"581\">Kapsaic\u012bns<\/td>\n<td width=\"581\">10mg<\/td>\n<\/tr>\n<tr>\n<td width=\"581\">Melno piparu ekstrakts<\/td>\n<td width=\"581\">2,1mg<\/td>\n<\/tr>\n<tr>\n<td width=\"581\">Piper\u012bns<\/td>\n<td width=\"581\">2mg<\/td>\n<\/tr>\n<tr>\n<td width=\"581\">Hroms (no hroma pikolin\u0101ta)<\/td>\n<td width=\"581\">80 \u03bcg (200% no ieteicam\u0101s dienas devas*)<\/td>\n<\/tr>\n<\/tbody>\n<\/table>\n<div><strong>Lieto\u0161ana<\/strong>: Ieteicams lietot 2 kapsulas 1 reizi dien\u0101, uzdzerot pietiekamu daudzumu \u016bdens.<\/div>\n<div><\/div>\n<div><strong>Uzglab\u0101\u0161anas apst\u0101k\u013ci:<\/strong><\/div>\n<div><\/div>\n<div>Uzglab\u0101t v\u0113s\u0101, saus\u0101 viet\u0101. Sarg\u0101t no b\u0113rniem.<\/div>\n<div><\/div>\n<div>Ra\u017eot\u0101js: SIA Matrixsoftlabs<\/div>\n<div><\/div>\n<div>Neto daudzums: 60 kapsulas.<\/div>\n<div><\/div>\n<div>Ieteicams l\u012bdz (der\u012bguma termi\u0146\u0161): ieteicams l\u012bdz datumam, kas nor\u0101d\u012bts iepakojuma s\u0101nos, aug\u0161pus\u0113 vai apak\u0161\u0101.<\/div>\n<div><\/div>\n<div><strong>Br\u012bdin\u0101jums:<\/strong><\/div>\n<div><\/div>\n<div>Uztura bag\u0101tin\u0101t\u0101js neaizst\u0101j uzturu. Svar\u012bgs ir daudzveid\u012bgs un sabalans\u0113ts uzturs un vesel\u012bgs dz\u012bvesveids. Ja esat gr\u016btniece, barojat b\u0113rnu ar kr\u016bti vai lietojat citas z\u0101les, pirms lieto\u0161anas konsult\u0113jieties ar \u0101rstu vai farmaceitu. Nep\u0101rsniedziet ieteicamo devu.<\/div>\n","protected":false},"excerpt":{"rendered":"<div>VitalHarmony FAT BURNER PLUSS ir uztura bag\u0101tin\u0101t\u0101js ar \u012bpa\u0161i atlas\u012bt\u0101m sast\u0101vda\u013c\u0101m vielmai\u0146as un svara kontroles atbalstam.<\/div>\n<div><\/div>\n<div><strong>Galven\u0101s \u012bpa\u0161\u012bbas:<\/strong><\/div>\n<div><\/div>\n<ul>\n<li>Pal\u012bdz uztur\u0113t norm\u0101lu cukura l\u012bmeni asin\u012bs<\/li>\n<li>Atbalsta tauku oksid\u0101ciju un svara kontroli<\/li>\n<li>Pal\u012bdz uztur\u0113t ener\u0123iju un modr\u012bbu<\/li>\n<li>Veicina iztur\u012bbu fizisk\u0101s slodzes laik\u0101<\/li>\n<\/ul>\n","protected":false},"featured_media":41676,"comment_status":"open","ping_status":"closed","template":"","meta":{"inline_featured_image":false},"product_brand":[],"product_cat":[161,155],"product_tag":[],"class_list":{"0":"post-41830","1":"product","2":"type-product","3":"status-publish","4":"has-post-thumbnail","6":"product_cat-akcijas","7":"product_cat-svara-kontrole","9":"first","10":"instock","11":"sale","12":"shipping-taxable","13":"purchasable","14":"product-type-simple"},"_links":{"self":[{"href":"https:\/\/loosen.lt\/lv\/wp-json\/wp\/v2\/product\/41830","targetHints":{"allow":["GET"]}}],"collection":[{"href":"https:\/\/loosen.lt\/lv\/wp-json\/wp\/v2\/product"}],"about":[{"href":"https:\/\/loosen.lt\/lv\/wp-json\/wp\/v2\/types\/product"}],"replies":[{"embeddable":true,"href":"https:\/\/loosen.lt\/lv\/wp-json\/wp\/v2\/comments?post=41830"}],"wp:featuredmedia":[{"embeddable":true,"href":"https:\/\/loosen.lt\/lv\/wp-json\/wp\/v2\/media\/41676"}],"wp:attachment":[{"href":"https:\/\/loosen.lt\/lv\/wp-json\/wp\/v2\/media?parent=41830"}],"wp:term":[{"taxonomy":"product_brand","embeddable":true,"href":"https:\/\/loosen.lt\/lv\/wp-json\/wp\/v2\/product_brand?post=41830"},{"taxonomy":"product_cat","embeddable":true,"href":"https:\/\/loosen.lt\/lv\/wp-json\/wp\/v2\/product_cat?post=41830"},{"taxonomy":"product_tag","embeddable":true,"href":"https:\/\/loosen.lt\/lv\/wp-json\/wp\/v2\/product_tag?post=41830"}],"curies":[{"name":"wp","href":"https:\/\/api.w.org\/{rel}","templated":true}]}}