{"id":41832,"date":"2025-08-19T14:04:12","date_gmt":"2025-08-19T14:04:12","guid":{"rendered":"https:\/\/loosen.lt\/produktas\/vitalharmony-gaba-700-mg-90-kapsulas\/"},"modified":"2025-10-31T17:27:33","modified_gmt":"2025-10-31T17:27:33","slug":"vitalharmony-gaba-700-mg-90-kapsulas","status":"publish","type":"product","link":"https:\/\/loosen.lt\/lv\/produkts\/vitalharmony-gaba-700-mg-90-kapsulas\/","title":{"rendered":"VitalHarmony GABA 700 mg 90 kapsulas"},"content":{"rendered":"<div><strong>Kas ir GABA?<\/strong><\/div>\n<div><\/div>\n<div>Gamma-aminosviestsk\u0101be (GABA) ir dabisks neirotransmiters smadzen\u0113s, kas ir iesaist\u012bts nervu sign\u0101lu regul\u0113\u0161an\u0101. T\u0101 pal\u012bdz uztur\u0113t l\u012bdzsvaru nervu sist\u0113m\u0101 un veicina dabisku relaks\u0101cijas saj\u016btu. GABA bie\u017ei tiek izv\u0113l\u0113ta k\u0101 uztura bag\u0101tin\u0101t\u0101js cilv\u0113kiem, kas v\u0113las uztur\u0113t labsaj\u016btu.<\/div>\n<div><\/div>\n<div><strong>Sast\u0101vda\u013cas<\/strong>: gamma-aminosviestsk\u0101be (GABA), sil\u012bcija dioks\u012bds (dab\u012bgs pretsalipes l\u012bdzeklis), liellopu \u017eelat\u012bns (kapsulas apvalks), att\u012br\u012bts \u016bdens.<\/div>\n<div><\/div>\n<div><strong>Var satur\u0113t alerg\u0113nu p\u0113das:<\/strong> pienu (ieskaitot laktozi), soju, zemesriekstus un citus riekstus, sezama s\u0113klas, glut\u0113nu saturo\u0161us graudaugus, olas, v\u0113\u017eveid\u012bgos un zivis.<\/div>\n<div><\/div>\n<div>\n<table>\n<tbody>\n<tr>\n<td width=\"581\"><strong>Uzturv\u0113rt\u012bba<\/strong><\/td>\n<td width=\"581\"><strong>Daudzums vien\u0101 kapsul\u0101<\/strong><\/td>\n<\/tr>\n<tr>\n<td width=\"581\">Gamma-aminosviestsk\u0101be<\/td>\n<td width=\"581\">700mg<\/td>\n<\/tr>\n<\/tbody>\n<\/table>\n<div><strong>Lieto\u0161ana<\/strong>: Ieteicams lietot 1 kapsulu dien\u0101, uzdzerot pietiekamu daudzumu \u016bdens.<\/div>\n<div><\/div>\n<div><strong>Uzglab\u0101\u0161anas apst\u0101k\u013ci:<\/strong><\/div>\n<div><\/div>\n<div>Uzglab\u0101t v\u0113s\u0101, saus\u0101 viet\u0101. Sarg\u0101t no b\u0113rniem.<\/div>\n<div><\/div>\n<div>Ra\u017eot\u0101js: ,,SIA Matrixsoftlabs\u201c<\/div>\n<div><\/div>\n<div>Neto daudzums: 90 kapsulas.<\/div>\n<div><\/div>\n<div>Ieteicams l\u012bdz (der\u012bguma termi\u0146\u0161): ieteicams l\u012bdz datumam, kas nor\u0101d\u012bts iepakojuma s\u0101nos, aug\u0161pus\u0113 vai apak\u0161\u0101.<\/div>\n<div><\/div>\n<div><strong>Br\u012bdin\u0101jums:<\/strong><\/div>\n<div><\/div>\n<div>Uztura bag\u0101tin\u0101t\u0101js neaizst\u0101j uzturu. Svar\u012bgs ir daudzveid\u012bgs un sabalans\u0113ts uzturs un vesel\u012bgs dz\u012bvesveids. Ja esat gr\u016btniece, barojat b\u0113rnu ar kr\u016bti vai lietojat citas z\u0101les, pirms lieto\u0161anas konsult\u0113jieties ar \u0101rstu vai farmaceitu. Nep\u0101rsniedziet ieteicamo devu.<\/div>\n<\/div>\n","protected":false},"excerpt":{"rendered":"<div>GABA ir dabisks neirotransmiters, kas pal\u012bdz nom\u0101kt p\u0101rm\u0113r\u012bgu nervu sist\u0113mas aktivit\u0101ti.<\/div>\n<div><\/div>\n<div><strong>Galven\u0101s \u012bpa\u0161\u012bbas:<\/strong><\/div>\n<div><\/div>\n<ul>\n<li>piedal\u0101s nervu sign\u0101lu regul\u0113\u0161an\u0101<\/li>\n<li>pal\u012bdz uztur\u0113t nervu sist\u0113mas dabisko darb\u012bbu<\/li>\n<li>atbalsta visp\u0101r\u0113jo labsaj\u016btu<\/li>\n<\/ul>\n","protected":false},"featured_media":41680,"comment_status":"open","ping_status":"closed","template":"","meta":{"inline_featured_image":false},"product_brand":[],"product_cat":[161,151],"product_tag":[],"class_list":{"0":"post-41832","1":"product","2":"type-product","3":"status-publish","4":"has-post-thumbnail","6":"product_cat-akcijas","7":"product_cat-nervu-sistema","9":"first","10":"instock","11":"sale","12":"shipping-taxable","13":"purchasable","14":"product-type-simple"},"_links":{"self":[{"href":"https:\/\/loosen.lt\/lv\/wp-json\/wp\/v2\/product\/41832","targetHints":{"allow":["GET"]}}],"collection":[{"href":"https:\/\/loosen.lt\/lv\/wp-json\/wp\/v2\/product"}],"about":[{"href":"https:\/\/loosen.lt\/lv\/wp-json\/wp\/v2\/types\/product"}],"replies":[{"embeddable":true,"href":"https:\/\/loosen.lt\/lv\/wp-json\/wp\/v2\/comments?post=41832"}],"wp:featuredmedia":[{"embeddable":true,"href":"https:\/\/loosen.lt\/lv\/wp-json\/wp\/v2\/media\/41680"}],"wp:attachment":[{"href":"https:\/\/loosen.lt\/lv\/wp-json\/wp\/v2\/media?parent=41832"}],"wp:term":[{"taxonomy":"product_brand","embeddable":true,"href":"https:\/\/loosen.lt\/lv\/wp-json\/wp\/v2\/product_brand?post=41832"},{"taxonomy":"product_cat","embeddable":true,"href":"https:\/\/loosen.lt\/lv\/wp-json\/wp\/v2\/product_cat?post=41832"},{"taxonomy":"product_tag","embeddable":true,"href":"https:\/\/loosen.lt\/lv\/wp-json\/wp\/v2\/product_tag?post=41832"}],"curies":[{"name":"wp","href":"https:\/\/api.w.org\/{rel}","templated":true}]}}