{"id":41834,"date":"2025-08-19T14:01:35","date_gmt":"2025-08-19T14:01:35","guid":{"rendered":"https:\/\/loosen.lt\/produktas\/vitalharmony-hialuronskabe-70-mg-90-kapsulas\/"},"modified":"2025-08-19T14:01:35","modified_gmt":"2025-08-19T14:01:35","slug":"vitalharmony-hialuronskabe-70-mg-90-kapsulas","status":"publish","type":"product","link":"https:\/\/loosen.lt\/lv\/produkts\/vitalharmony-hialuronskabe-70-mg-90-kapsulas\/","title":{"rendered":"VitalHarmony hialuronsk\u0101be 70 mg 90 kapsulas"},"content":{"rendered":"<div><strong>Sast\u0101vda\u013cas<\/strong>: hialuronsk\u0101be, pildviela \u2013 mikrokrist\u0101lisk\u0101 celuloze, kapsulas apvalks \u2013 liellopa \u017eelat\u012bns un att\u012br\u012bts \u016bdens.<\/div>\n<div><\/div>\n<div><strong>Var satur\u0113t alerg\u0113nu p\u0113das:<\/strong> pienu (ieskaitot laktozi), soju, zemesriekstus un citus riekstus, sezama s\u0113klas, glut\u0113nu saturo\u0161us graudaugus, olas, v\u0113\u017eveid\u012bgos un zivis.<\/div>\n<div><\/div>\n<div>\n<table>\n<tbody>\n<tr>\n<td width=\"581\"><strong>Uzturv\u0113rt\u012bba<\/strong><\/td>\n<td width=\"581\"><strong>Porcijas lielums: 1 kapsula<\/strong><\/td>\n<\/tr>\n<tr>\n<td width=\"581\">Daudzums vien\u0101 porcij\u0101<\/td>\n<td width=\"581\">Dienas v\u0113rt\u012bba %<\/td>\n<\/tr>\n<tr>\n<td width=\"581\">Hialuronsk\u0101be \u2013 70 mg<\/td>\n<td width=\"581\">*<\/td>\n<\/tr>\n<\/tbody>\n<\/table>\n<\/div>\n<div>Dienas deva nav noteikta<\/div>\n<div><\/div>\n<div><strong>Deva<\/strong>: Ieteicams lietot 1 kapsulu dien\u0101, v\u0113lams \u0113dienreizes laik\u0101, uzdzerot \u016bdeni.<\/div>\n<div><\/div>\n<div><strong>Uzglab\u0101\u0161anas apst\u0101k\u013ci:<\/strong><\/div>\n<div><\/div>\n<div>Uzglab\u0101t v\u0113s\u0101, saus\u0101 viet\u0101. Sarg\u0101t no b\u0113rniem.<\/div>\n<div><\/div>\n<div>Ra\u017eot\u0101js: SIA Matrixsoftlabs<\/div>\n<div><\/div>\n<div>Neto daudzums: 90 kapsulas.<\/div>\n<div><\/div>\n<div>Der\u012bguma termi\u0146\u0161: Ieteicams l\u012bdz: Ieteicams l\u012bdz datumam, kas nor\u0101d\u012bts iepakojuma s\u0101nos, aug\u0161pus\u0113 vai apak\u0161\u0101.<\/div>\n<div><\/div>\n<div><strong>Br\u012bdin\u0101jums:<\/strong><\/div>\n<div><\/div>\n<div>Uztura bag\u0101tin\u0101t\u0101js neaizst\u0101j p\u0101rtiku. Svar\u012bgs ir daudzveid\u012bgs un sabalans\u0113ts uzturs un vesel\u012bgs dz\u012bvesveids. Ja esat gr\u016btniece, barojat b\u0113rnu ar kr\u016bti vai lietojat citas z\u0101les, pirms lieto\u0161anas konsult\u0113jieties ar \u0101rstu vai farmaceitu. Nep\u0101rsniedziet ieteicamo devu.<\/div>\n","protected":false},"excerpt":{"rendered":"<div>VitalHarmony hialuronsk\u0101be ir dabiska viela, kas atrodama organism\u0101, iecien\u012bta \u0101das un loc\u012btavu kop\u0161an\u0101.<\/div>\n<div><\/div>\n<div><strong>Galven\u0101s \u012bpa\u0161\u012bbas:<\/strong><\/div>\n<div><\/div>\n<ul>\n<li>Dab\u012bga viela, kas atrodama organism\u0101<\/li>\n<li>Popul\u0101ra sast\u0101vda\u013ca skaistumkop\u0161anas un loc\u012btavu uztura bag\u0101tin\u0101t\u0101jos<\/li>\n<li>Mitrumu saisto\u0161a sp\u0113ja<\/li>\n<\/ul>\n","protected":false},"featured_media":41684,"comment_status":"open","ping_status":"closed","template":"","meta":{"inline_featured_image":false},"product_brand":[],"product_cat":[161,149,145],"product_tag":[],"class_list":{"0":"post-41834","1":"product","2":"type-product","3":"status-publish","4":"has-post-thumbnail","6":"product_cat-akcijas","7":"product_cat-kauli-un-locitavas","8":"product_cat-gan","10":"first","11":"instock","12":"sale","13":"shipping-taxable","14":"purchasable","15":"product-type-simple"},"_links":{"self":[{"href":"https:\/\/loosen.lt\/lv\/wp-json\/wp\/v2\/product\/41834","targetHints":{"allow":["GET"]}}],"collection":[{"href":"https:\/\/loosen.lt\/lv\/wp-json\/wp\/v2\/product"}],"about":[{"href":"https:\/\/loosen.lt\/lv\/wp-json\/wp\/v2\/types\/product"}],"replies":[{"embeddable":true,"href":"https:\/\/loosen.lt\/lv\/wp-json\/wp\/v2\/comments?post=41834"}],"wp:featuredmedia":[{"embeddable":true,"href":"https:\/\/loosen.lt\/lv\/wp-json\/wp\/v2\/media\/41684"}],"wp:attachment":[{"href":"https:\/\/loosen.lt\/lv\/wp-json\/wp\/v2\/media?parent=41834"}],"wp:term":[{"taxonomy":"product_brand","embeddable":true,"href":"https:\/\/loosen.lt\/lv\/wp-json\/wp\/v2\/product_brand?post=41834"},{"taxonomy":"product_cat","embeddable":true,"href":"https:\/\/loosen.lt\/lv\/wp-json\/wp\/v2\/product_cat?post=41834"},{"taxonomy":"product_tag","embeddable":true,"href":"https:\/\/loosen.lt\/lv\/wp-json\/wp\/v2\/product_tag?post=41834"}],"curies":[{"name":"wp","href":"https:\/\/api.w.org\/{rel}","templated":true}]}}