{"id":41842,"date":"2025-08-19T13:50:50","date_gmt":"2025-08-19T13:50:50","guid":{"rendered":"https:\/\/loosen.lt\/produktas\/vitalharmony-omega-3-6-9-90-kapsulas\/"},"modified":"2026-02-02T11:20:30","modified_gmt":"2026-02-02T11:20:30","slug":"vitalharmony-omega-3-6-9-90-kapsulas","status":"publish","type":"product","link":"https:\/\/loosen.lt\/lv\/produkts\/vitalharmony-omega-3-6-9-90-kapsulas\/","title":{"rendered":"VitalHarmony Omega 3-6-9 &#8211; 90 kapsulas"},"content":{"rendered":"<div><strong>Sast\u0101vda\u013cas<\/strong>: zivju e\u013c\u013ca, lins\u0113klu e\u013c\u013ca, saulespu\u0137u e\u013c\u013ca; kapsulas apvalks \u2013 \u017eelat\u012bns; mitrin\u0101t\u0101js \u2013 glicer\u012bns; \u016bdens; E vitam\u012bns (DL-alfa-tokoferilacet\u0101ts).<\/div>\n<div><\/div>\n<div><strong>Var satur\u0113t alerg\u0113nu p\u0113das:<\/strong> pienu (ieskaitot laktozi), soju, zemesriekstus un citus riekstus, sezama s\u0113klas, glut\u0113nu saturo\u0161us graudaugus, olas, v\u0113\u017eveid\u012bgos un zivis.<\/div>\n<div><\/div>\n<div>\n<table style=\"height: 663px;\" width=\"566\">\n<tbody>\n<tr>\n<td width=\"581\"><strong>Uzturv\u0113rt\u012bba<\/strong><\/td>\n<td width=\"581\"><strong>Daudzums vien\u0101 kapsul\u0101<\/strong><\/td>\n<\/tr>\n<tr>\n<td width=\"581\">Zivju e\u013c\u013ca<\/td>\n<td width=\"581\">400mg<\/td>\n<\/tr>\n<tr>\n<td width=\"581\">Eikozapenta\u0113nsk\u0101be (EPA)<\/td>\n<td width=\"581\">72mg<\/td>\n<\/tr>\n<tr>\n<td width=\"581\">Dokozaheksa\u0113nsk\u0101be (DHA)<\/td>\n<td width=\"581\">48mg<\/td>\n<\/tr>\n<tr>\n<td width=\"581\">Lins\u0113klu e\u013c\u013ca<\/td>\n<td width=\"581\">300mg<\/td>\n<\/tr>\n<tr>\n<td width=\"581\">Alfa-linol\u0113nsk\u0101be (ALA)<\/td>\n<td width=\"581\">150mg<\/td>\n<\/tr>\n<tr>\n<td width=\"581\">Linolsk\u0101be (LA)<\/td>\n<td width=\"581\">45mg<\/td>\n<\/tr>\n<tr>\n<td width=\"581\">Ole\u012bnsk\u0101be (OA)<\/td>\n<td width=\"581\">60mg<\/td>\n<\/tr>\n<tr>\n<td width=\"581\">Saulespu\u0137u s\u0113klu e\u013c\u013ca<\/td>\n<td width=\"581\">290mg<\/td>\n<\/tr>\n<tr>\n<td width=\"581\">Linolsk\u0101be (LA)<\/td>\n<td width=\"581\">145mg<\/td>\n<\/tr>\n<tr>\n<td width=\"581\">Linolsk\u0101be (LA)<\/td>\n<td width=\"581\">43,5mg<\/td>\n<\/tr>\n<tr>\n<td width=\"581\">E vitam\u012bns<\/td>\n<td width=\"581\">10,5mg<\/td>\n<\/tr>\n<\/tbody>\n<\/table>\n<\/div>\n<div><strong>Lieto\u0161ana<\/strong>: Lai sasniegtu lab\u0101kos rezult\u0101tus, lietojiet vienu kapsulu dien\u0101, uzdzerot pietiekamu daudzumu \u016bdens.<\/div>\n<div><\/div>\n<div><strong>Uzglab\u0101\u0161anas apst\u0101k\u013ci:<\/strong><\/div>\n<div><\/div>\n<div>Uzglab\u0101t v\u0113s\u0101, saus\u0101 viet\u0101. Sarg\u0101t no b\u0113rniem.<\/div>\n<div><\/div>\n<div>Ra\u017eot\u0101js: SIA Matrixsoftlabs<\/div>\n<div><\/div>\n<div>Neto svars: 126 g.<\/div>\n<div><\/div>\n<div>Ieteicams l\u012bdz (der\u012bguma termi\u0146\u0161): Ieteicams l\u012bdz datumam, kas nor\u0101d\u012bts iepakojuma s\u0101nos, aug\u0161pus\u0113 vai apak\u0161\u0101.<\/div>\n<div><\/div>\n<div><strong>Br\u012bdin\u0101jums:<\/strong><\/div>\n<div><\/div>\n<div>Uztura bag\u0101tin\u0101t\u0101js neaizst\u0101j p\u0101rtiku. Svar\u012bgs ir daudzveid\u012bgs un sabalans\u0113ts uzturs un vesel\u012bgs dz\u012bvesveids. Ja esat gr\u016btniece, barojat b\u0113rnu ar kr\u016bti vai lietojat citas z\u0101les, pirms lieto\u0161anas konsult\u0113jieties ar \u0101rstu vai farmaceitu. Nep\u0101rsniedziet ieteicamo devu.<\/div>\n","protected":false},"excerpt":{"rendered":"<div>VitalHarmony Omega 3-6-9 ir augst\u0101k\u0101s kvalit\u0101tes produkts, kas rad\u012bts no r\u016bp\u012bgi atlas\u012bt\u0101m augst\u0101k\u0101s kvalit\u0101tes sast\u0101vda\u013c\u0101m.<\/div>\n<div><\/div>\n<div><strong>Galven\u0101s \u012bpa\u0161\u012bbas:<\/strong><\/div>\n<div><\/div>\n<ul>\n<li>Atbalsta sirds vesel\u012bbu<\/li>\n<li>Atbalsta smadze\u0146u darb\u012bbu<\/li>\n<li>E vitam\u012bns pal\u012bdz aizsarg\u0101t \u0161\u016bnas no oksidat\u012bviem boj\u0101jumiem<\/li>\n<li>Omega-6 un Omega-9 tauksk\u0101bes ir dabiskas organisma sast\u0101vda\u013cas<\/li>\n<\/ul>\n","protected":false},"featured_media":41717,"comment_status":"open","ping_status":"closed","template":"","meta":{"inline_featured_image":false},"product_brand":[],"product_cat":[161,158],"product_tag":[],"class_list":{"0":"post-41842","1":"product","2":"type-product","3":"status-publish","4":"has-post-thumbnail","6":"product_cat-akcijas","7":"product_cat-sirds-un-asins-plusma","9":"first","10":"instock","11":"sale","12":"shipping-taxable","13":"purchasable","14":"product-type-simple"},"_links":{"self":[{"href":"https:\/\/loosen.lt\/lv\/wp-json\/wp\/v2\/product\/41842","targetHints":{"allow":["GET"]}}],"collection":[{"href":"https:\/\/loosen.lt\/lv\/wp-json\/wp\/v2\/product"}],"about":[{"href":"https:\/\/loosen.lt\/lv\/wp-json\/wp\/v2\/types\/product"}],"replies":[{"embeddable":true,"href":"https:\/\/loosen.lt\/lv\/wp-json\/wp\/v2\/comments?post=41842"}],"wp:featuredmedia":[{"embeddable":true,"href":"https:\/\/loosen.lt\/lv\/wp-json\/wp\/v2\/media\/41717"}],"wp:attachment":[{"href":"https:\/\/loosen.lt\/lv\/wp-json\/wp\/v2\/media?parent=41842"}],"wp:term":[{"taxonomy":"product_brand","embeddable":true,"href":"https:\/\/loosen.lt\/lv\/wp-json\/wp\/v2\/product_brand?post=41842"},{"taxonomy":"product_cat","embeddable":true,"href":"https:\/\/loosen.lt\/lv\/wp-json\/wp\/v2\/product_cat?post=41842"},{"taxonomy":"product_tag","embeddable":true,"href":"https:\/\/loosen.lt\/lv\/wp-json\/wp\/v2\/product_tag?post=41842"}],"curies":[{"name":"wp","href":"https:\/\/api.w.org\/{rel}","templated":true}]}}