{"id":41844,"date":"2025-08-19T13:38:07","date_gmt":"2025-08-19T13:38:07","guid":{"rendered":"https:\/\/loosen.lt\/produktas\/vitalharmony-natrija-butirats-butirats-90-kapsulas\/"},"modified":"2025-08-19T13:38:07","modified_gmt":"2025-08-19T13:38:07","slug":"vitalharmony-natrija-butirats-butirats-90-kapsulas","status":"publish","type":"product","link":"https:\/\/loosen.lt\/lv\/produkts\/vitalharmony-natrija-butirats-butirats-90-kapsulas\/","title":{"rendered":"VitalHarmony n\u0101trija butir\u0101ts Butir\u0101ts \u2013 90 kapsulas"},"content":{"rendered":"<div><strong>Sast\u0101vda\u013cas<\/strong>: mikrokapsul\u0113ts n\u0101trija butir\u0101ts (satur n\u0101trija butir\u0101tu, mikrokapsulas ir veidotas no tauksk\u0101b\u0113m), kapsulas apvalks \u2013 liellopu \u017eelat\u012bns, att\u012br\u012bts \u016bdens.<\/div>\n<div><\/div>\n<div><strong>Var satur\u0113t alerg\u0113nu p\u0113das:<\/strong> pienu (ieskaitot laktozi), soju, zemesriekstus un citus riekstus, sezama s\u0113klas, glut\u0113nu saturo\u0161us graudaugus, olas, v\u0113\u017eveid\u012bgos un zivis.<\/div>\n<div><\/div>\n<div>\n<table>\n<tbody>\n<tr>\n<td width=\"581\"><strong>Uzturv\u0113rt\u012bba<\/strong><\/td>\n<td width=\"581\"><strong>1 kapsula (dien\u0101)<\/strong><\/td>\n<\/tr>\n<tr>\n<td width=\"581\">Mikrokapsul\u0113ts n\u0101trija butir\u0101ts<\/td>\n<td width=\"581\">500mg<\/td>\n<\/tr>\n<tr>\n<td width=\"581\">no t\u0101 n\u0101trija butir\u0101ts<\/td>\n<td width=\"581\">421mg<\/td>\n<\/tr>\n<tr>\n<td width=\"581\">sviestsk\u0101be no t\u0101<\/td>\n<td width=\"581\">284mg<\/td>\n<\/tr>\n<\/tbody>\n<\/table>\n<\/div>\n<div><strong>Lieto\u0161ana<\/strong>: Ieteicams lietot 1 kapsulu dien\u0101, uzdzerot pietiekamu daudzumu \u016bdens. Nep\u0101rsniegt noteikto dienas devu.<\/div>\n<div><\/div>\n<div><strong>Uzglab\u0101\u0161anas apst\u0101k\u013ci:<\/strong><\/div>\n<div><\/div>\n<div>Uzglab\u0101t v\u0113s\u0101, saus\u0101 viet\u0101. Sarg\u0101t no b\u0113rniem.<\/div>\n<div><\/div>\n<div>Ra\u017eot\u0101js: ,,SIA Matrixsoftlabs\u201c<\/div>\n<div><\/div>\n<div>Neto daudzums: 90 kapsulas.<\/div>\n<div><\/div>\n<div>Ieteicams l\u012bdz (der\u012bguma termi\u0146\u0161): ieteicams l\u012bdz datumam, kas nor\u0101d\u012bts iepakojuma s\u0101nos, aug\u0161pus\u0113 vai apak\u0161\u0101.<\/div>\n<div><\/div>\n<div><strong>Br\u012bdin\u0101jums:<\/strong><\/div>\n<div><\/div>\n<div>Uztura bag\u0101tin\u0101t\u0101js neaizst\u0101j uzturu. Svar\u012bgs ir daudzveid\u012bgs un sabalans\u0113ts uzturs un vesel\u012bgs dz\u012bvesveids. Ja esat gr\u016btniece, barojat b\u0113rnu ar kr\u016bti vai lietojat citas z\u0101les, pirms lieto\u0161anas konsult\u0113jieties ar \u0101rstu vai farmaceitu. Nep\u0101rsniedziet ieteicamo devu.<\/div>\n","protected":false},"excerpt":{"rendered":"<div>Sviestsk\u0101be ir dabiski sastopama \u012bsas \u0137\u0113des tauksk\u0101be, kas saist\u012bta ar zarnu mikrobiotu un g\u013cot\u0101das darb\u012bbu.<\/div>\n<div><\/div>\n<div><strong>Galven\u0101s iez\u012bmes:<\/strong><\/div>\n<div><\/div>\n<ul>\n<li>\u012asas \u0137\u0113des tauksk\u0101be, kas dabiski rodas cilv\u0113ka zarn\u0101s<\/li>\n<li>Organisk\u0101 sk\u0101be, kas parasti veidojas, ferment\u0113jot \u0161\u0137iedrvielas zarn\u0101s<\/li>\n<li>Uztura speci\u0101listi to izmanto k\u0101 uztura bag\u0101tin\u0101t\u0101ju zarnu darb\u012bbas atbalstam<\/li>\n<li>Pla\u0161i p\u0113t\u012bta t\u0101s iesp\u0113jam\u0101 ietekme uz gremo\u0161anas sist\u0113mu<\/li>\n<\/ul>\n","protected":false},"featured_media":41721,"comment_status":"open","ping_status":"closed","template":"","meta":{"inline_featured_image":false},"product_brand":[],"product_cat":[157],"product_tag":[],"class_list":{"0":"post-41844","1":"product","2":"type-product","3":"status-publish","4":"has-post-thumbnail","6":"product_cat-gremosana-un-zarnas","8":"first","9":"instock","10":"shipping-taxable","11":"purchasable","12":"product-type-simple"},"_links":{"self":[{"href":"https:\/\/loosen.lt\/lv\/wp-json\/wp\/v2\/product\/41844","targetHints":{"allow":["GET"]}}],"collection":[{"href":"https:\/\/loosen.lt\/lv\/wp-json\/wp\/v2\/product"}],"about":[{"href":"https:\/\/loosen.lt\/lv\/wp-json\/wp\/v2\/types\/product"}],"replies":[{"embeddable":true,"href":"https:\/\/loosen.lt\/lv\/wp-json\/wp\/v2\/comments?post=41844"}],"wp:featuredmedia":[{"embeddable":true,"href":"https:\/\/loosen.lt\/lv\/wp-json\/wp\/v2\/media\/41721"}],"wp:attachment":[{"href":"https:\/\/loosen.lt\/lv\/wp-json\/wp\/v2\/media?parent=41844"}],"wp:term":[{"taxonomy":"product_brand","embeddable":true,"href":"https:\/\/loosen.lt\/lv\/wp-json\/wp\/v2\/product_brand?post=41844"},{"taxonomy":"product_cat","embeddable":true,"href":"https:\/\/loosen.lt\/lv\/wp-json\/wp\/v2\/product_cat?post=41844"},{"taxonomy":"product_tag","embeddable":true,"href":"https:\/\/loosen.lt\/lv\/wp-json\/wp\/v2\/product_tag?post=41844"}],"curies":[{"name":"wp","href":"https:\/\/api.w.org\/{rel}","templated":true}]}}