{"id":41846,"date":"2025-08-19T13:36:11","date_gmt":"2025-08-19T13:36:11","guid":{"rendered":"https:\/\/loosen.lt\/produktas\/vitalharmony-tribulus-90-kapsulas\/"},"modified":"2026-01-15T14:50:51","modified_gmt":"2026-01-15T14:50:51","slug":"vitalharmony-tribulus-90-kapsulas","status":"publish","type":"product","link":"https:\/\/loosen.lt\/lv\/produkts\/vitalharmony-tribulus-90-kapsulas\/","title":{"rendered":"VitalHarmony Tribulus 90 kapsulas"},"content":{"rendered":"<div><strong>Sast\u0101vda\u013cas<\/strong>: standartiz\u0113ts Tribulus terrestris L. aug\u013cu ekstrakts, kas satur 90% sapon\u012bnu, kapsulas apvalks, kas izgatavots no liellopu \u017eelat\u012bna un att\u012br\u012bta \u016bdens.<\/div>\n<div><\/div>\n<div><strong>Var satur\u0113t alerg\u0113nu p\u0113das:<\/strong> pienu (ieskaitot laktozi), soju, zemesriekstus un citus riekstus, sezama s\u0113klas, glut\u0113nu saturo\u0161us graudaugus, olas, v\u0113\u017eveid\u012bgos un zivis.<\/div>\n<div><\/div>\n<div>\n<table>\n<tbody>\n<tr>\n<td width=\"581\"><strong>Uzturv\u0113rt\u012bba<\/strong><\/td>\n<td width=\"581\"><strong>Daudzums vien\u0101 porcij\u0101<\/strong><\/td>\n<\/tr>\n<tr>\n<td width=\"581\">Tribulus Terrestris ekstrakts<\/td>\n<td width=\"581\">500mg<\/td>\n<\/tr>\n<tr>\n<td width=\"581\">No tiem: sapon\u012bni<\/td>\n<td width=\"581\">450mg<\/td>\n<\/tr>\n<\/tbody>\n<\/table>\n<\/div>\n<div><strong>Lieto\u0161ana<\/strong>: Lietojiet 1 kapsulu dien\u0101, uzdzerot pietiekamu daudzumu \u016bdens. Nep\u0101rsniedziet nor\u0101d\u012bto dienas devu.<\/div>\n<div><\/div>\n<div><strong>Uzglab\u0101\u0161anas apst\u0101k\u013ci:<\/strong><\/div>\n<div><\/div>\n<div>Uzglab\u0101t v\u0113s\u0101, saus\u0101 viet\u0101. Sarg\u0101t no b\u0113rniem.<\/div>\n<div><\/div>\n<div>Ra\u017eot\u0101js: SIA Matrixsoftlabs<\/div>\n<div><\/div>\n<div>Neto saturs: 55,8 g<\/div>\n<div><\/div>\n<div>Ieteicams l\u012bdz (der\u012bguma termi\u0146\u0161): ieteicams l\u012bdz datumam, kas nor\u0101d\u012bts iepakojuma s\u0101nos, aug\u0161pus\u0113 vai apak\u0161\u0101.<\/div>\n<div><\/div>\n<div><strong>Br\u012bdin\u0101jums:<\/strong><\/div>\n<div><\/div>\n<div>Uztura bag\u0101tin\u0101t\u0101js neaizst\u0101j uzturu. Svar\u012bgs ir daudzveid\u012bgs un sabalans\u0113ts uzturs un vesel\u012bgs dz\u012bvesveids. Ja esat gr\u016btniece, barojat b\u0113rnu ar kr\u016bti vai lietojat citas z\u0101les, pirms lieto\u0161anas konsult\u0113jieties ar \u0101rstu vai farmaceitu. Nep\u0101rsniedziet ieteicamo devu.<\/div>\n","protected":false},"excerpt":{"rendered":"<div>VitalHarmony Tribulus \u2013 dabiska izv\u0113le vitalit\u0101tei un akt\u012bvai ikdienas dz\u012bvei.<\/div>\n<div><\/div>\n<div><strong>Galven\u0101s \u012bpa\u0161\u012bbas:<\/strong><\/div>\n<div><\/div>\n<ul>\n<li>Pal\u012bdz uztur\u0113t dabisko ener\u0123ijas l\u012bmeni un visp\u0101r\u0113jo labsaj\u016btu<\/li>\n<li>Izstr\u0101d\u0101ts, lai atbalst\u012btu ikdienas vitalit\u0101ti un labsaj\u016btu<\/li>\n<li>Piem\u0113rots k\u0101 vesel\u012bga dz\u012bvesveida un fizisko aktivit\u0101\u0161u sast\u0101vda\u013ca<\/li>\n<\/ul>\n","protected":false},"featured_media":41725,"comment_status":"open","ping_status":"closed","template":"","meta":{"inline_featured_image":false},"product_brand":[],"product_cat":[161,144],"product_tag":[],"class_list":{"0":"post-41846","1":"product","2":"type-product","3":"status-publish","4":"has-post-thumbnail","6":"product_cat-akcijas","7":"product_cat-energija","9":"first","10":"instock","11":"sale","12":"shipping-taxable","13":"purchasable","14":"product-type-simple"},"_links":{"self":[{"href":"https:\/\/loosen.lt\/lv\/wp-json\/wp\/v2\/product\/41846","targetHints":{"allow":["GET"]}}],"collection":[{"href":"https:\/\/loosen.lt\/lv\/wp-json\/wp\/v2\/product"}],"about":[{"href":"https:\/\/loosen.lt\/lv\/wp-json\/wp\/v2\/types\/product"}],"replies":[{"embeddable":true,"href":"https:\/\/loosen.lt\/lv\/wp-json\/wp\/v2\/comments?post=41846"}],"wp:featuredmedia":[{"embeddable":true,"href":"https:\/\/loosen.lt\/lv\/wp-json\/wp\/v2\/media\/41725"}],"wp:attachment":[{"href":"https:\/\/loosen.lt\/lv\/wp-json\/wp\/v2\/media?parent=41846"}],"wp:term":[{"taxonomy":"product_brand","embeddable":true,"href":"https:\/\/loosen.lt\/lv\/wp-json\/wp\/v2\/product_brand?post=41846"},{"taxonomy":"product_cat","embeddable":true,"href":"https:\/\/loosen.lt\/lv\/wp-json\/wp\/v2\/product_cat?post=41846"},{"taxonomy":"product_tag","embeddable":true,"href":"https:\/\/loosen.lt\/lv\/wp-json\/wp\/v2\/product_tag?post=41846"}],"curies":[{"name":"wp","href":"https:\/\/api.w.org\/{rel}","templated":true}]}}