{"id":41848,"date":"2025-08-19T13:27:15","date_gmt":"2025-08-19T13:27:15","guid":{"rendered":"https:\/\/loosen.lt\/produktas\/vitalharmony-triptofana-90-kapsulas\/"},"modified":"2025-08-19T13:27:15","modified_gmt":"2025-08-19T13:27:15","slug":"vitalharmony-triptofana-90-kapsulas","status":"publish","type":"product","link":"https:\/\/loosen.lt\/lv\/produkts\/vitalharmony-triptofana-90-kapsulas\/","title":{"rendered":"VitalHarmony triptof\u0101na 90 kapsulas"},"content":{"rendered":"<div><strong>Sast\u0101vda\u013cas<\/strong>: L-triptof\u0101ns, kapsulas apvalks \u2013 hidroksipropilmetilceluloze (HPMC, augu izcelsmes pildviela).<\/div>\n<div><\/div>\n<div><strong>Var satur\u0113t alerg\u0113nu p\u0113das:<\/strong> pienu (ieskaitot laktozi), soju, zemesriekstus un citus riekstus, sezama s\u0113klas, glut\u0113nu saturo\u0161us graudaugus, olas, v\u0113\u017eveid\u012bgos un zivis.<\/div>\n<div><\/div>\n<div>\n<table>\n<tbody>\n<tr>\n<td width=\"581\"><strong>Uzturv\u0113rt\u012bba<\/strong><\/td>\n<td width=\"581\"><strong>Daudzums<\/strong><\/td>\n<\/tr>\n<tr>\n<td width=\"581\">L-triptof\u0101ns<\/td>\n<td width=\"581\">300mg<\/td>\n<\/tr>\n<\/tbody>\n<\/table>\n<\/div>\n<div><strong>Lieto\u0161ana<\/strong>: Lietot 1 kapsulu vienu reizi dien\u0101, uzdzerot pietiekamu daudzumu \u016bdens.<\/div>\n<div><\/div>\n<div><strong>Uzglab\u0101\u0161anas apst\u0101k\u013ci:<\/strong><\/div>\n<div><\/div>\n<div>Uzglab\u0101t v\u0113s\u0101, saus\u0101 viet\u0101. Sarg\u0101t no b\u0113rniem.<\/div>\n<div><\/div>\n<div>Ra\u017eot\u0101js: SIA Matrixsoftlabs<\/div>\n<div><\/div>\n<div>Neto daudzums: 90 kapsulas.<\/div>\n<div><\/div>\n<div>Ieteicams l\u012bdz (der\u012bguma termi\u0146\u0161): ieteicams l\u012bdz datumam, kas nor\u0101d\u012bts iepakojuma s\u0101nos, aug\u0161pus\u0113 vai apak\u0161\u0101.<\/div>\n<div><\/div>\n<div><strong>Br\u012bdin\u0101jums:<\/strong><\/div>\n<div><\/div>\n<div>Uztura bag\u0101tin\u0101t\u0101js neaizst\u0101j uzturu. Svar\u012bgs ir daudzveid\u012bgs un sabalans\u0113ts uzturs un vesel\u012bgs dz\u012bvesveids. Ja esat gr\u016btniece, barojat b\u0113rnu ar kr\u016bti vai lietojat citas z\u0101les, pirms lieto\u0161anas konsult\u0113jieties ar \u0101rstu vai farmaceitu. Nep\u0101rsniedziet ieteicamo devu.<\/div>\n","protected":false},"excerpt":{"rendered":"<div>Uztura bag\u0101tin\u0101t\u0101js ar L-triptof\u0101nu, aminosk\u0101bi, kas iesaist\u012bta seroton\u012bna ra\u017eo\u0161an\u0101.<\/div>\n<div><\/div>\n<div><strong>Galven\u0101s iez\u012bmes:<\/strong><\/div>\n<div><\/div>\n<ul>\n<li>Popul\u0101rs cilv\u0113ku vid\u016b, kas mekl\u0113 dabisku atbalstu psiholo\u0123iskajai labsaj\u016btai<\/li>\n<li>L-triptof\u0101ns ir neaizvietojama aminosk\u0101be, ko organisms izmanto seroton\u012bna sintez\u0113\u0161anai<\/li>\n<li>Uztura bag\u0101tin\u0101t\u0101js tiem, kam r\u016bp emocion\u0101lais l\u012bdzsvars un kvalitat\u012bva atp\u016bta<\/li>\n<\/ul>\n","protected":false},"featured_media":41729,"comment_status":"open","ping_status":"closed","template":"","meta":{"inline_featured_image":false},"product_brand":[],"product_cat":[161,151],"product_tag":[],"class_list":{"0":"post-41848","1":"product","2":"type-product","3":"status-publish","4":"has-post-thumbnail","6":"product_cat-akcijas","7":"product_cat-nervu-sistema","9":"first","10":"instock","11":"sale","12":"shipping-taxable","13":"purchasable","14":"product-type-simple"},"_links":{"self":[{"href":"https:\/\/loosen.lt\/lv\/wp-json\/wp\/v2\/product\/41848","targetHints":{"allow":["GET"]}}],"collection":[{"href":"https:\/\/loosen.lt\/lv\/wp-json\/wp\/v2\/product"}],"about":[{"href":"https:\/\/loosen.lt\/lv\/wp-json\/wp\/v2\/types\/product"}],"replies":[{"embeddable":true,"href":"https:\/\/loosen.lt\/lv\/wp-json\/wp\/v2\/comments?post=41848"}],"wp:featuredmedia":[{"embeddable":true,"href":"https:\/\/loosen.lt\/lv\/wp-json\/wp\/v2\/media\/41729"}],"wp:attachment":[{"href":"https:\/\/loosen.lt\/lv\/wp-json\/wp\/v2\/media?parent=41848"}],"wp:term":[{"taxonomy":"product_brand","embeddable":true,"href":"https:\/\/loosen.lt\/lv\/wp-json\/wp\/v2\/product_brand?post=41848"},{"taxonomy":"product_cat","embeddable":true,"href":"https:\/\/loosen.lt\/lv\/wp-json\/wp\/v2\/product_cat?post=41848"},{"taxonomy":"product_tag","embeddable":true,"href":"https:\/\/loosen.lt\/lv\/wp-json\/wp\/v2\/product_tag?post=41848"}],"curies":[{"name":"wp","href":"https:\/\/api.w.org\/{rel}","templated":true}]}}