{"id":42239,"date":"2025-09-04T18:36:03","date_gmt":"2025-09-04T18:36:03","guid":{"rendered":"https:\/\/loosen.lt\/produktas\/natures-home-skidrais-uztura-bagatinatajs-daily-detox-n14\/"},"modified":"2026-02-06T10:54:11","modified_gmt":"2026-02-06T10:54:11","slug":"natures-home-skidrais-uztura-bagatinatajs-daily-detox-n14","status":"publish","type":"product","link":"https:\/\/loosen.lt\/lv\/produkts\/natures-home-skidrais-uztura-bagatinatajs-daily-detox-n14\/","title":{"rendered":"Nature&#8217;s Home \u0161\u0137idrais uztura bag\u0101tin\u0101t\u0101js DAILY DETOX N14"},"content":{"rendered":"<p><strong>Sast\u0101vda\u013cas<\/strong>: Filtr\u0113ts \u016bdens, koncentr\u0113ta upe\u0146u (Ribes nigrum) ogu sula (8:1), koncentr\u0113ta meln\u0101 red\u012bsa (Raphanus sativus var. niger) sak\u0146u sula (20:1), standartiz\u0113ts arti\u0161oka (Cynara scolymus) lapu ekstrakts (15\u201330:1), koncentr\u0113ta anan\u0101su (Ananas comosus) aug\u013cu sula (12\u201313:1), sk\u0101buma regul\u0113t\u0101js \u2013 citronsk\u0101be, dab\u012bgs anan\u0101su aromatiz\u0113t\u0101js, salvijas (Salvia officinalis) lapu ekstrakts (5:1), konservants \u2013 k\u0101lija sorb\u0101ts, kumel\u012b\u0161u (Matricaria chamomilla) ziedu ekstrakts (10:1), pienenes (Taraxacum officinale) sak\u0146u ekstrakts (9\u201311:1), m\u0101rdad\u017ea (Silybum marianum) s\u0113klu ekstrakts (30:1), saldin\u0101t\u0101ji: sukraloze un st\u0113vijas izcelsmes steviolglikoz\u012bdi.<\/p>\n<p>&nbsp;<\/p>\n<table>\n<tbody>\n<tr>\n<td width=\"581\"><strong>VIENA 25 ml PUDELE SATUR:<\/strong><\/td>\n<td width=\"581\">&nbsp;<\/td>\n<\/tr>\n<tr>\n<td width=\"581\">Upe\u0146u ogu koncentr\u0113ta sula<\/td>\n<td width=\"581\">400mg<\/td>\n<\/tr>\n<tr>\n<td width=\"581\">Melno red\u012bsu sak\u0146u koncentr\u0113ta sula<\/td>\n<td width=\"581\">250mg<\/td>\n<\/tr>\n<tr>\n<td width=\"581\">Arti\u0161oku lapu ekstrakts<\/td>\n<td width=\"581\">250mg<\/td>\n<\/tr>\n<tr>\n<td width=\"581\">Koncentr\u0113ta \u0113damo anan\u0101su aug\u013cu sula<\/td>\n<td width=\"581\">200mg<\/td>\n<\/tr>\n<tr>\n<td width=\"581\">Salvijas lapu ekstrakts<\/td>\n<td width=\"581\">50mg<\/td>\n<\/tr>\n<tr>\n<td width=\"581\">Kumel\u012b\u0161u ziedu ekstrakts<\/td>\n<td width=\"581\">25mg<\/td>\n<\/tr>\n<tr>\n<td width=\"581\">Piene\u0146u sak\u0146u ekstrakts<\/td>\n<td width=\"581\">25mg<\/td>\n<\/tr>\n<tr>\n<td width=\"581\">Piena dad\u017ea s\u0113klu ekstrakts,<\/td>\n<td width=\"581\">250mg<\/td>\n<\/tr>\n<tr>\n<td width=\"581\">kas satur silimar\u012bnu<\/td>\n<td width=\"581\">20mg<\/td>\n<\/tr>\n<\/tbody>\n<\/table>\n<p>&nbsp;<\/p>\n<div><strong>Lieto\u0161ana<\/strong>: Izdzert vienu pudeli dien\u0101, v\u0113lams no r\u012bta vai dienas pirmaj\u0101 pus\u0113. Piem\u0113rots b\u0113rniem no 6 gadu vecuma. Produkts ir piem\u0113rots gan ve\u0123et\u0101rie\u0161iem, gan veg\u0101niem.<\/div>\n<div><\/div>\n<div><strong>Uzglab\u0101\u0161anas apst\u0101k\u013ci:<\/strong><\/div>\n<div><\/div>\n<div>Uzglab\u0101t v\u0113s\u0101, saus\u0101 viet\u0101. Sarg\u0101t no b\u0113rniem.<\/div>\n<div><\/div>\n<div>Ra\u017eot\u0101js: UAB &#8220;Domus Naturae&#8221;<\/div>\n<div><\/div>\n<div>Neto daudzums: 350 ml.<\/div>\n<div><\/div>\n<div>Ieteicams l\u012bdz (der\u012bguma termi\u0146\u0161): vislab\u0101k izlietot l\u012bdz datumam, kas nor\u0101d\u012bts iepakojuma s\u0101nos, aug\u0161pus\u0113 vai apak\u0161\u0101.<\/div>\n<div><\/div>\n<div><strong>Br\u012bdin\u0101jums:<\/strong><\/div>\n<div><\/div>\n<div>Uztura bag\u0101tin\u0101t\u0101js neaizst\u0101j uzturu. Svar\u012bgs ir daudzveid\u012bgs un sabalans\u0113ts uzturs un vesel\u012bgs dz\u012bvesveids. Ja esat gr\u016btniece, barojat b\u0113rnu ar kr\u016bti vai lietojat citas z\u0101les, pirms lieto\u0161anas konsult\u0113jieties ar \u0101rstu vai farmaceitu. Nep\u0101rsniedziet ieteicamo devu.<\/div>\n","protected":false},"excerpt":{"rendered":"<div>\u0160\u0137idrais uztura bag\u0101tin\u0101t\u0101js 14 x 25 ml pudeles ar saldin\u0101t\u0101jiem<\/div>\n<div><\/div>\n<div><strong>Galven\u0101s \u012bpa\u0161\u012bbas:<\/strong><\/div>\n<div><\/div>\n<div><strong>Arti\u0161oks (Cynara scolymus)<\/strong><\/div>\n<div><\/div>\n<ul>\n<li>Veicina norm\u0101lu gremo\u0161anu un \u017eults veido\u0161anos<\/li>\n<li>Var veicin\u0101t norm\u0101lu holester\u012bna metabolismu<\/li>\n<\/ul>\n<div><\/div>\n<div><strong>Pienene (Taraxacum officinale)<\/strong><\/div>\n<div><\/div>\n<ul>\n<li>Tradicion\u0101li lieto, lai atbalst\u012btu gremo\u0161anu un aknu darb\u012bbu<\/li>\n<li>Var veicin\u0101t \u0161\u0137idruma izvad\u012b\u0161anu no organisma<\/li>\n<\/ul>\n<div><\/div>\n<div><strong>Piena z\u0101le (Silybum marianum)<\/strong><\/div>\n<div><\/div>\n<ul>\n<li>Veicina norm\u0101lu aknu darb\u012bbu<\/li>\n<li>Darbojas k\u0101 antioksidants, aizsarg\u0101jot \u0161\u016bnas no oksidat\u012bv\u0101 stresa<\/li>\n<\/ul>\n<div><\/div>\n<div><strong>Salvija (Salvia officinalis)<\/strong><\/div>\n<div><\/div>\n<ul>\n<li>Tradicion\u0101li lieto, lai atbalst\u012btu gremo\u0161anu un imunit\u0101ti<\/li>\n<\/ul>\n<div><\/div>\n<div><strong>Kumel\u012bte (Matricaria chamomilla)<\/strong><\/div>\n<div><\/div>\n<ul>\n<li>Veicina norm\u0101lu gremo\u0161anu un relaks\u0101ciju<\/li>\n<li>Var veicin\u0101t emocion\u0101lo l\u012bdzsvaru un mieru<\/li>\n<\/ul>\n","protected":false},"featured_media":42171,"comment_status":"open","ping_status":"closed","template":"","meta":{"inline_featured_image":false},"product_brand":[],"product_cat":[161,157,155],"product_tag":[],"class_list":{"0":"post-42239","1":"product","2":"type-product","3":"status-publish","4":"has-post-thumbnail","6":"product_cat-akcijas","7":"product_cat-gremosana-un-zarnas","8":"product_cat-svara-kontrole","10":"first","11":"instock","12":"sale","13":"shipping-taxable","14":"purchasable","15":"product-type-simple"},"_links":{"self":[{"href":"https:\/\/loosen.lt\/lv\/wp-json\/wp\/v2\/product\/42239","targetHints":{"allow":["GET"]}}],"collection":[{"href":"https:\/\/loosen.lt\/lv\/wp-json\/wp\/v2\/product"}],"about":[{"href":"https:\/\/loosen.lt\/lv\/wp-json\/wp\/v2\/types\/product"}],"replies":[{"embeddable":true,"href":"https:\/\/loosen.lt\/lv\/wp-json\/wp\/v2\/comments?post=42239"}],"wp:featuredmedia":[{"embeddable":true,"href":"https:\/\/loosen.lt\/lv\/wp-json\/wp\/v2\/media\/42171"}],"wp:attachment":[{"href":"https:\/\/loosen.lt\/lv\/wp-json\/wp\/v2\/media?parent=42239"}],"wp:term":[{"taxonomy":"product_brand","embeddable":true,"href":"https:\/\/loosen.lt\/lv\/wp-json\/wp\/v2\/product_brand?post=42239"},{"taxonomy":"product_cat","embeddable":true,"href":"https:\/\/loosen.lt\/lv\/wp-json\/wp\/v2\/product_cat?post=42239"},{"taxonomy":"product_tag","embeddable":true,"href":"https:\/\/loosen.lt\/lv\/wp-json\/wp\/v2\/product_tag?post=42239"}],"curies":[{"name":"wp","href":"https:\/\/api.w.org\/{rel}","templated":true}]}}