{"id":42242,"date":"2025-09-04T18:32:33","date_gmt":"2025-09-04T18:32:33","guid":{"rendered":"https:\/\/loosen.lt\/produktas\/l-sunu-glynac-500-mg-kapsulas-60-gab\/"},"modified":"2025-09-04T18:32:33","modified_gmt":"2025-09-04T18:32:33","slug":"l-sunu-glynac-500-mg-kapsulas-60-gab","status":"publish","type":"product","link":"https:\/\/loosen.lt\/lv\/produkts\/l-sunu-glynac-500-mg-kapsulas-60-gab\/","title":{"rendered":"L \u0161\u016bnu GlyNAC 500 mg kapsulas, 60 gab."},"content":{"rendered":"<div><strong>Par produktu:<\/strong><\/div>\n<div><\/div>\n<ul>\n<li>Pietiek vair\u0101k nek\u0101 60 sp\u0113c\u012bg\u0101m, efekt\u012bv\u0101m porcij\u0101m.<\/li>\n<li>Izcils t\u012br\u012bbas standarts \u2013 vair\u0101k nek\u0101 99%.<\/li>\n<li>Ra\u017eots modern\u0101kaj\u0101s farmaceitisk\u0101s kvalit\u0101tes laboratorij\u0101s, nodro\u0161inot visaugst\u0101ko sast\u0101vda\u013cu t\u012br\u012bbu.<\/li>\n<li>Stingri kontrol\u0113ta akt\u012bvo vielu koncentr\u0101cija, regul\u0101ri p\u0101rbaud\u012bta uz smagajiem met\u0101liem un mikotoks\u012bniem, garant\u0113jot dro\u0161\u012bbu un efektivit\u0101ti.<\/li>\n<li>Piem\u0113rots veg\u0101niem \u2013 kapsulas ir izgatavotas no HPMC (hipromelozes), dab\u012bga, \u016bden\u012b \u0161\u0137\u012bsto\u0161a materi\u0101la, kas piln\u012bb\u0101 nesatur dz\u012bvnieku \u017eelat\u012bnu, nodro\u0161inot \u0101tru un dro\u0161u uzs\u016bk\u0161anos.<\/li>\n<li>Bez \u0122MO, m\u0101ksl\u012bg\u0101m kr\u0101sviel\u0101m, konservantiem, aromatiz\u0113t\u0101jiem vai alerg\u0113n\u0101m piedev\u0101m \u2013 tikai t\u012brs un t\u012brs produkts j\u016bsu vesel\u012bbai.<\/li>\n<\/ul>\n<div><\/div>\n<div><strong>Sast\u0101vda\u013cas<\/strong>: glic\u012bns, N-acetilciste\u012bns, hipromelozes kapsulas apvalks, cinka glikon\u0101ts, tiam\u012bna hidrohlor\u012bds (B1 vitam\u012bns), holekalciferols (D3 vitam\u012bns).<\/div>\n<div><\/div>\n<div><\/div>\n<div>\n<table>\n<tbody>\n<tr>\n<td width=\"388\">Uzturv\u0113rt\u012bba<\/td>\n<td width=\"388\">1 kapsula<\/td>\n<td width=\"388\">% no RMR*<\/td>\n<\/tr>\n<tr>\n<td width=\"388\">Glic\u012bns<\/td>\n<td width=\"388\">310mg<\/td>\n<td width=\"388\">**<\/td>\n<\/tr>\n<tr>\n<td width=\"388\">N-acetilciste\u012bns<\/td>\n<td width=\"388\">190mg<\/td>\n<td width=\"388\">**<\/td>\n<\/tr>\n<tr>\n<td width=\"388\">Cinks<\/td>\n<td width=\"388\">1,5mg<\/td>\n<td width=\"388\">15<\/td>\n<\/tr>\n<tr>\n<td width=\"388\">Tiam\u012bns (B1 vitam\u012bns)<\/td>\n<td width=\"388\">0,165mg<\/td>\n<td width=\"388\">15<\/td>\n<\/tr>\n<tr>\n<td width=\"388\">D3 vitam\u012bns<\/td>\n<td width=\"388\">0,75 \u00b5g<\/td>\n<td width=\"388\">15<\/td>\n<\/tr>\n<\/tbody>\n<\/table>\n<\/div>\n<div>* Atsauces uzturv\u0113rt\u012bba<\/div>\n<div><\/div>\n<div>** RMV nav noteikta<\/div>\n<div><\/div>\n<div><strong>Lieto\u0161ana<\/strong>: Lietojiet 2 kapsulas (kop\u0101 1000 mg GlyNAC) no r\u012bta, pirms vai p\u0113c \u0113dienreizes, uzdzerot pilnu gl\u0101zi \u016bdens.<\/div>\n<div><\/div>\n<div><strong>Uzglab\u0101\u0161anas apst\u0101k\u013ci:<\/strong><\/div>\n<div><\/div>\n<div>Uzglab\u0101t v\u0113s\u0101, saus\u0101 viet\u0101. Sarg\u0101t no b\u0113rniem.<\/div>\n<div><\/div>\n<div>Izcelsmes valsts: ES<\/div>\n<div><\/div>\n<div>Ieteicams l\u012bdz.<\/div>\n<div><\/div>\n<div><strong>Br\u012bdin\u0101jums:<\/strong><\/div>\n<div><\/div>\n<div>Uztura bag\u0101tin\u0101t\u0101js neaizst\u0101j p\u0101rtiku. Svar\u012bgs ir daudzveid\u012bgs un sabalans\u0113ts uzturs un vesel\u012bgs dz\u012bvesveids. Ja esat gr\u016btniece, barojat b\u0113rnu ar kr\u016bti vai lietojat citas z\u0101les, pirms lieto\u0161anas konsult\u0113jieties ar \u0101rstu vai farmaceitu. Nep\u0101rsniedziet ieteicamo devu.<\/div>\n","protected":false},"excerpt":{"rendered":"<div>Optim\u0101la GlyNAC formula ikdienas lieto\u0161anai (500 mg vien\u0101 porcij\u0101).<\/div>\n<div><\/div>\n<div><strong>Galven\u0101s \u012bpa\u0161\u012bbas:<\/strong><\/div>\n<div><\/div>\n<ul>\n<li><strong>Oksidat\u012bv\u0101 stresa mazin\u0101\u0161ana:<\/strong> GlyNAC var pal\u012bdz\u0113t mazin\u0101t oksidat\u012bvo stresu, kas ir saist\u012bts ar noveco\u0161anos un da\u017e\u0101d\u0101m slim\u012bb\u0101m.<\/li>\n<li><strong>Mitohondriju funkcijas uzlabo\u0161ana:<\/strong> Uztura bag\u0101tin\u0101t\u0101ji var uzlabot mitohondriju funkciju, kas ir svar\u012bga ener\u0123ijas ra\u017eo\u0161anai \u0161\u016bn\u0101s.<\/li>\n<li><strong>Iekaisuma mazin\u0101\u0161ana:<\/strong> GlyNAC var pal\u012bdz\u0113t samazin\u0101t iekaisuma mar\u0137ierus organism\u0101.<\/li>\n<li><strong>Musku\u013cu sp\u0113ka un kognit\u012bvo funkciju uzlabo\u0161ana:<\/strong> Da\u017ei p\u0113t\u012bjumi liecina, ka uztura bag\u0101tin\u0101t\u0101ji var uzlabot musku\u013cu sp\u0113ku un kognit\u012bv\u0101s funkcijas gados vec\u0101kiem pieaugu\u0161ajiem.<\/li>\n<\/ul>\n","protected":false},"featured_media":42167,"comment_status":"open","ping_status":"closed","template":"","meta":{"inline_featured_image":false},"product_brand":[],"product_cat":[161,147],"product_tag":[],"class_list":{"0":"post-42242","1":"product","2":"type-product","3":"status-publish","4":"has-post-thumbnail","6":"product_cat-akcijas","7":"product_cat-ilgmuziba","9":"first","10":"instock","11":"sale","12":"shipping-taxable","13":"purchasable","14":"product-type-simple"},"_links":{"self":[{"href":"https:\/\/loosen.lt\/lv\/wp-json\/wp\/v2\/product\/42242","targetHints":{"allow":["GET"]}}],"collection":[{"href":"https:\/\/loosen.lt\/lv\/wp-json\/wp\/v2\/product"}],"about":[{"href":"https:\/\/loosen.lt\/lv\/wp-json\/wp\/v2\/types\/product"}],"replies":[{"embeddable":true,"href":"https:\/\/loosen.lt\/lv\/wp-json\/wp\/v2\/comments?post=42242"}],"wp:featuredmedia":[{"embeddable":true,"href":"https:\/\/loosen.lt\/lv\/wp-json\/wp\/v2\/media\/42167"}],"wp:attachment":[{"href":"https:\/\/loosen.lt\/lv\/wp-json\/wp\/v2\/media?parent=42242"}],"wp:term":[{"taxonomy":"product_brand","embeddable":true,"href":"https:\/\/loosen.lt\/lv\/wp-json\/wp\/v2\/product_brand?post=42242"},{"taxonomy":"product_cat","embeddable":true,"href":"https:\/\/loosen.lt\/lv\/wp-json\/wp\/v2\/product_cat?post=42242"},{"taxonomy":"product_tag","embeddable":true,"href":"https:\/\/loosen.lt\/lv\/wp-json\/wp\/v2\/product_tag?post=42242"}],"curies":[{"name":"wp","href":"https:\/\/api.w.org\/{rel}","templated":true}]}}