{"id":42244,"date":"2025-09-04T18:30:28","date_gmt":"2025-09-04T18:30:28","guid":{"rendered":"https:\/\/loosen.lt\/produktas\/l-sunu-l-teanina-pulveris-23-g\/"},"modified":"2025-09-04T18:30:28","modified_gmt":"2025-09-04T18:30:28","slug":"l-sunu-l-teanina-pulveris-23-g","status":"publish","type":"product","link":"https:\/\/loosen.lt\/lv\/produkts\/l-sunu-l-teanina-pulveris-23-g\/","title":{"rendered":"L \u0161\u016bnu L-tean\u012bna pulveris, 23 g <80% t\u012br\u012bbas pak\u0101pe"},"content":{"rendered":"<div><strong>Par produktu:<\/strong><\/div>\n<div><\/div>\n<ul>\n<li>23 grami maiga, augu izcelsmes pulvera \u2013 koncentr\u0113ta augu izcelsmes formula.<\/li>\n<li>Doz\u0113\u0161anai \u2013 \u0113rta 0,5 ml m\u0113rkarote, kas \u013cauj viegli nom\u0113r\u012bt ~200 mg L-tean\u012bna.<\/li>\n<li>Lieto\u0161anas ilgums l\u012bdz 3 m\u0113ne\u0161iem \u2013 vair\u0101k nek\u0101 90 prec\u012bzas porcijas vien\u0101 iepakojum\u0101.<\/li>\n<li>Augsta t\u012br\u012bba \u2013 satur vair\u0101k nek\u0101 80% L-tean\u012bna.<\/li>\n<li>Dab\u012bgas izcelsmes \u2013 ra\u017eots no pilna spektra za\u013c\u0101s t\u0113jas ekstrakta.<\/li>\n<li>P\u0101rbaud\u012bta kvalit\u0101te \u2013 akt\u012bvo vielu saturs un dro\u0161\u012bba tiek regul\u0101ri p\u0101rbaud\u012bta laboratorij\u0101s.<\/li>\n<li>100% augu izcelsmes \u2013 piem\u0113rots veg\u0101niem.<\/li>\n<li>Bez nevajadz\u012bg\u0101m piedev\u0101m \u2013 bez \u0122MO, m\u0101ksl\u012bg\u0101m kr\u0101sviel\u0101m, aromatiz\u0113t\u0101jiem, konservantiem vai alerg\u0113niem.<\/li>\n<\/ul>\n<div><\/div>\n<div><strong>Sast\u0101vda\u013cas<\/strong>: dab\u012bgs za\u013c\u0101s t\u0113jas ekstrakts (standartiz\u0113ts \u226580% L-tean\u012bna), cinks (glikon\u0101ta forma), B1 vitam\u012bns (tiam\u012bns).<\/div>\n<div><\/div>\n<div><\/div>\n<div>\n<table>\n<tbody>\n<tr>\n<td width=\"388\"><strong>Uzturv\u0113rt\u012bba<\/strong><\/td>\n<td width=\"388\"><strong>1 m\u0113rkarote<\/strong><\/td>\n<td width=\"388\"><strong>% no RMR*<\/strong><\/td>\n<\/tr>\n<tr>\n<td width=\"388\">Za\u013c\u0101s t\u0113jas ekstrakts<\/td>\n<td width=\"388\">250mg<\/td>\n<td width=\"388\">**<\/td>\n<\/tr>\n<tr>\n<td width=\"388\">no kura L-tean\u012bns<\/td>\n<td width=\"388\">200mg<\/td>\n<td width=\"388\">**<\/td>\n<\/tr>\n<tr>\n<td width=\"388\">Cinks<\/td>\n<td width=\"388\">1,5mg<\/td>\n<td width=\"388\">15<\/td>\n<\/tr>\n<tr>\n<td width=\"388\">Tiam\u012bns (B1 vitam\u012bns)<\/td>\n<td width=\"388\">0,165mg<\/td>\n<td width=\"388\">15<\/td>\n<\/tr>\n<\/tbody>\n<\/table>\n<\/div>\n<div>* Atsauces uzturv\u0113rt\u012bba<\/div>\n<div><\/div>\n<div>** RMV nav noteikta<\/div>\n<div><\/div>\n<div><strong>Deva<\/strong>: Pirms gul\u0113tie\u0161anas lietojiet vienu m\u0113rkarot\u012bti pulvera, kas iz\u0161\u0137\u012bdin\u0101ta \u016bden\u012b vai iecien\u012bt\u0101kaj\u0101 dz\u0113rien\u0101.<\/div>\n<div><\/div>\n<div><strong>Uzglab\u0101\u0161anas apst\u0101k\u013ci:<\/strong><\/div>\n<div><\/div>\n<div>Uzglab\u0101t v\u0113s\u0101, saus\u0101 viet\u0101. Sarg\u0101t no b\u0113rniem.<\/div>\n<div><\/div>\n<div>Izcelsmes valsts: ES<\/div>\n<div><\/div>\n<div>Ieteicams l\u012bdz:<\/div>\n<div><\/div>\n<div><strong>Br\u012bdin\u0101jums:<\/strong><\/div>\n<div><\/div>\n<div>Uztura bag\u0101tin\u0101t\u0101js neaizst\u0101j p\u0101rtiku. Svar\u012bgs ir daudzveid\u012bgs un sabalans\u0113ts uzturs un vesel\u012bgs dz\u012bvesveids. Ja esat gr\u016btniece, barojat b\u0113rnu ar kr\u016bti vai lietojat citas z\u0101les, pirms lieto\u0161anas konsult\u0113jieties ar \u0101rstu vai farmaceitu. Nep\u0101rsniedziet ieteicamo devu.<\/div>\n","protected":false},"excerpt":{"rendered":"<div>L-tean\u012bna dienas deva \u2013 200 mg uz m\u0113rkarotes<\/div>\n<div><\/div>\n<div><strong>Galven\u0101s \u012bpa\u0161\u012bbas:<\/strong><\/div>\n<div><\/div>\n<ul>\n<li><strong>Mier\u012bga koncentr\u0113\u0161an\u0101s<\/strong> \u2013 L-tean\u012bns ir saist\u012bts ar relaks\u0101ciju bez miegain\u012bbas<\/li>\n<li><strong>Ikdienas stresa pavadonis<\/strong> \u2013 p\u0113t\u012bta t\u0101 iesp\u0113jam\u0101 ietekme spriedzes mazin\u0101\u0161an\u0101<\/li>\n<li><strong>Uzman\u012bbas atbalsts<\/strong> \u2013 apvienojum\u0101 ar kofe\u012bnu var pal\u012bdz\u0113t saglab\u0101t koncentr\u0113\u0161an\u0101s sp\u0113jas<\/li>\n<li><strong>\u0160\u016bnu aizsardz\u012bbas p\u0113t\u012bjumi<\/strong> \u2013 p\u0113t\u012btas antioksidantu \u012bpa\u0161\u012bbas<\/li>\n<\/ul>\n","protected":false},"featured_media":42159,"comment_status":"open","ping_status":"closed","template":"","meta":{"inline_featured_image":false},"product_brand":[],"product_cat":[161,151],"product_tag":[],"class_list":{"0":"post-42244","1":"product","2":"type-product","3":"status-publish","4":"has-post-thumbnail","6":"product_cat-akcijas","7":"product_cat-nervu-sistema","9":"first","10":"instock","11":"sale","12":"shipping-taxable","13":"purchasable","14":"product-type-simple"},"_links":{"self":[{"href":"https:\/\/loosen.lt\/lv\/wp-json\/wp\/v2\/product\/42244","targetHints":{"allow":["GET"]}}],"collection":[{"href":"https:\/\/loosen.lt\/lv\/wp-json\/wp\/v2\/product"}],"about":[{"href":"https:\/\/loosen.lt\/lv\/wp-json\/wp\/v2\/types\/product"}],"replies":[{"embeddable":true,"href":"https:\/\/loosen.lt\/lv\/wp-json\/wp\/v2\/comments?post=42244"}],"wp:featuredmedia":[{"embeddable":true,"href":"https:\/\/loosen.lt\/lv\/wp-json\/wp\/v2\/media\/42159"}],"wp:attachment":[{"href":"https:\/\/loosen.lt\/lv\/wp-json\/wp\/v2\/media?parent=42244"}],"wp:term":[{"taxonomy":"product_brand","embeddable":true,"href":"https:\/\/loosen.lt\/lv\/wp-json\/wp\/v2\/product_brand?post=42244"},{"taxonomy":"product_cat","embeddable":true,"href":"https:\/\/loosen.lt\/lv\/wp-json\/wp\/v2\/product_cat?post=42244"},{"taxonomy":"product_tag","embeddable":true,"href":"https:\/\/loosen.lt\/lv\/wp-json\/wp\/v2\/product_tag?post=42244"}],"curies":[{"name":"wp","href":"https:\/\/api.w.org\/{rel}","templated":true}]}}