{"id":42524,"date":"2025-10-17T16:26:45","date_gmt":"2025-10-17T16:26:45","guid":{"rendered":"https:\/\/loosen.lt\/produktas\/vitalharmony-liellopa-galas-proteins-700g-salita-karamele\/"},"modified":"2025-10-17T16:26:45","modified_gmt":"2025-10-17T16:26:45","slug":"vitalharmony-liellopa-galas-proteins-700g-salita-karamele","status":"publish","type":"product","link":"https:\/\/loosen.lt\/lv\/produkts\/vitalharmony-liellopa-galas-proteins-700g-salita-karamele\/","title":{"rendered":"VitalHarmony liellopa ga\u013cas prote\u012bns 700g &#8211; s\u0101l\u012bta karamele"},"content":{"rendered":"<p><strong>Sast\u0101vda\u013cas<\/strong>: liellopu ga\u013cas prote\u012bna hidroliz\u0101ts, L-glutam\u012bns, glut\u0113ns (gar\u0161as pastiprin\u0101t\u0101js), aromatiz\u0113t\u0101ji, s\u0101ls, karboksimetilceluloze (biezin\u0101t\u0101js), amonija karamele (kr\u0101sviela), sukraloze (saldin\u0101t\u0101js). Alerg\u0113ni: var satur\u0113t pienu (ieskaitot laktozi), soju, zemesriekstus, sezama s\u0113klas, glut\u0113nu saturo\u0161us graudaugus, olas, v\u0113\u017eveid\u012bgos, zivis.<\/p>\n<p>&nbsp;<\/p>\n<p>&nbsp;<\/p>\n<table>\n<tbody>\n<tr>\n<td width=\"388\">Uzturv\u0113rt\u012bba<\/td>\n<td width=\"388\">Uz 30 g porcijas<\/td>\n<td width=\"388\">100g<\/td>\n<\/tr>\n<tr>\n<td width=\"388\">Ener\u0123\u0113tisk\u0101 v\u0113rt\u012bba<\/td>\n<td width=\"388\">466 kJ \/ 111 kcal<\/td>\n<td width=\"388\">466 kJ \/ 111 kcal<\/td>\n<\/tr>\n<tr>\n<td width=\"388\">Tauki<\/td>\n<td width=\"388\">0g<\/td>\n<td width=\"388\">0g<\/td>\n<\/tr>\n<tr>\n<td width=\"388\">&#8211; tostarp pies\u0101tin\u0101t\u0101s tauksk\u0101bes<\/td>\n<td width=\"388\">0g<\/td>\n<td width=\"388\">0g<\/td>\n<\/tr>\n<tr>\n<td width=\"388\">Og\u013chidr\u0101ti<\/td>\n<td width=\"388\">0g<\/td>\n<td width=\"388\">0g<\/td>\n<\/tr>\n<tr>\n<td width=\"388\">&#8211; tostarp cukurs<\/td>\n<td width=\"388\">0g<\/td>\n<td width=\"388\">0g<\/td>\n<\/tr>\n<tr>\n<td width=\"388\">Olbaltumvielas<\/td>\n<td width=\"388\">28g<\/td>\n<td width=\"388\">93g<\/td>\n<\/tr>\n<tr>\n<td width=\"388\">S\u0101ls<\/td>\n<td width=\"388\">0.5g<\/td>\n<td width=\"388\">1.5g<\/td>\n<\/tr>\n<\/tbody>\n<\/table>\n<p>&nbsp;<\/p>\n<div><strong>Lieto\u0161ana<\/strong>: Sajauciet 30 g (1 t\u0113jkaroti) ar 200 ml \u016bdens un izdzeriet pagatavoto mais\u012bjumu vienu reizi dien\u0101, t\u016bl\u012bt p\u0113c pagatavo\u0161anas.<\/div>\n<div><\/div>\n<div><strong>Uzglab\u0101\u0161anas apst\u0101k\u013ci:<\/strong><\/div>\n<div><\/div>\n<div>Uzglab\u0101t v\u0113s\u0101, saus\u0101 viet\u0101. Sarg\u0101t no b\u0113rniem.<\/div>\n<div>Ra\u017eot\u0101js: ,,SIA Matrixsoftlabs\u201c<\/div>\n<div>Neto daudzums: 700 g (apm\u0113ram 23 porcijas)<\/div>\n<div>Ieteicams l\u012bdz (der\u012bguma termi\u0146\u0161): 24 m\u0113ne\u0161i neatv\u0113rt\u0101 veid\u0101 \/ 6 m\u0113ne\u0161i p\u0113c atv\u0113r\u0161anas<\/div>\n<div><\/div>\n<div><strong>Br\u012bdin\u0101jums:<\/strong><\/div>\n<div><\/div>\n<div>Ir svar\u012bgi iev\u0113rot daudzveid\u012bgu un sabalans\u0113tu uzturu un vesel\u012bgu dz\u012bvesveidu. Ja esat gr\u016btniece, barojat b\u0113rnu ar kr\u016bti vai lietojat citas z\u0101les, pirms lieto\u0161anas konsult\u0113jieties ar \u0101rstu vai farmaceitu. Nep\u0101rsniedziet ieteicamo devu.<\/div>\n","protected":false},"excerpt":{"rendered":"<div>Augstas kvalit\u0101tes liellopu ga\u013cas prote\u012bna hidroliz\u0101ts un L-glutam\u012bns \u2014 ide\u0101li piem\u0113rots lieto\u0161anai p\u0113c treni\u0146a un ikdienas atjauno\u0161an\u0101s periodam<\/div>\n<div><\/div>\n<div><strong>Galven\u0101s \u012bpa\u0161\u012bbas:<\/strong><\/div>\n<div><\/div>\n<ul>\n<li>Augsta biopieejam\u012bba, pateicoties liellopu ga\u013cas prote\u012bna hidroliz\u0101tam<\/li>\n<li>Dabiski zems tauku un cukura saturs \u2014 tikai 111 kcal vien\u0101 porcij\u0101<\/li>\n<li>Pat\u012bkama gar\u0161a: s\u0101\u013c\u0101 karamele<\/li>\n<li>100 g produkta satur l\u012bdz 93 g prote\u012bna<\/li>\n<li>Pal\u012bdz veidot musku\u013cu masu un sp\u0113ku p\u0113c treni\u0146a<\/li>\n<li>Uzlabo atjauno\u0161anos p\u0113c slodzes<\/li>\n<li>Saglab\u0101 musku\u013cu masu un funkcijas, novecojot<\/li>\n<\/ul>\n","protected":false},"featured_media":42463,"comment_status":"open","ping_status":"closed","template":"","meta":{"inline_featured_image":false},"product_brand":[],"product_cat":[161,153,156],"product_tag":[],"class_list":{"0":"post-42524","1":"product","2":"type-product","3":"status-publish","4":"has-post-thumbnail","6":"product_cat-akcijas","7":"product_cat-muskuli","8":"product_cat-kategorizets","10":"first","11":"outofstock","12":"sale","13":"shipping-taxable","14":"purchasable","15":"product-type-simple"},"_links":{"self":[{"href":"https:\/\/loosen.lt\/lv\/wp-json\/wp\/v2\/product\/42524","targetHints":{"allow":["GET"]}}],"collection":[{"href":"https:\/\/loosen.lt\/lv\/wp-json\/wp\/v2\/product"}],"about":[{"href":"https:\/\/loosen.lt\/lv\/wp-json\/wp\/v2\/types\/product"}],"replies":[{"embeddable":true,"href":"https:\/\/loosen.lt\/lv\/wp-json\/wp\/v2\/comments?post=42524"}],"wp:featuredmedia":[{"embeddable":true,"href":"https:\/\/loosen.lt\/lv\/wp-json\/wp\/v2\/media\/42463"}],"wp:attachment":[{"href":"https:\/\/loosen.lt\/lv\/wp-json\/wp\/v2\/media?parent=42524"}],"wp:term":[{"taxonomy":"product_brand","embeddable":true,"href":"https:\/\/loosen.lt\/lv\/wp-json\/wp\/v2\/product_brand?post=42524"},{"taxonomy":"product_cat","embeddable":true,"href":"https:\/\/loosen.lt\/lv\/wp-json\/wp\/v2\/product_cat?post=42524"},{"taxonomy":"product_tag","embeddable":true,"href":"https:\/\/loosen.lt\/lv\/wp-json\/wp\/v2\/product_tag?post=42524"}],"curies":[{"name":"wp","href":"https:\/\/api.w.org\/{rel}","templated":true}]}}