{"id":42529,"date":"2025-10-17T16:25:38","date_gmt":"2025-10-17T16:25:38","guid":{"rendered":"https:\/\/loosen.lt\/produktas\/vitalharmony-sukalu-proteins-700-g-sala-karamele\/"},"modified":"2025-10-17T16:25:38","modified_gmt":"2025-10-17T16:25:38","slug":"vitalharmony-sukalu-proteins-700-g-sala-karamele","status":"publish","type":"product","link":"https:\/\/loosen.lt\/lv\/produkts\/vitalharmony-sukalu-proteins-700-g-sala-karamele\/","title":{"rendered":"VitalHarmony s\u016bkalu prote\u012bns \u2013 700 g s\u0101\u013c\u0101 karamele"},"content":{"rendered":"<p><strong>Sast\u0101vda\u013cas<\/strong>: s\u016bkalu prote\u012bna koncentr\u0101ts (no piena), kvie\u0161u prote\u012bns no kvie\u0161iem, pani\u0146u pulveris no piena: zir\u0146u prote\u012bns, L-glutam\u012bns, aromatiz\u0113t\u0101ji, s\u0101ls, kr\u0101sviela, biezin\u0101t\u0101js karboksimetilceluloze, saldin\u0101t\u0101ji, sukraloze. Alerg\u0113ni: var satur\u0113t pienu (ieskaitot laktozi), soju, zemesriekstus, sezama s\u0113klas, glut\u0113nu saturo\u0161us graudaugus, olas, v\u0113\u017eveid\u012bgos, zivis.<\/p>\n<p>&nbsp;<\/p>\n<table>\n<tbody>\n<tr>\n<td width=\"250\">Uzturv\u0113rt\u012bba<\/td>\n<td width=\"251\">100g<\/td>\n<td width=\"251\">30 g (1 porcija)<\/td>\n<\/tr>\n<tr>\n<td width=\"250\">Ener\u0123\u0113tisk\u0101 v\u0113rt\u012bba<\/td>\n<td width=\"251\">1646 kJ \/ 394 kcal<\/td>\n<td width=\"251\">492 kJ \/ 118 kcal<\/td>\n<\/tr>\n<tr>\n<td width=\"250\">Tauki<\/td>\n<td width=\"251\">6.1g<\/td>\n<td width=\"251\">1.8g<\/td>\n<\/tr>\n<tr>\n<td width=\"250\">\u2013 tostarp pies\u0101tin\u0101tie<\/td>\n<td width=\"251\">3.0g<\/td>\n<td width=\"251\">0.9g<\/td>\n<\/tr>\n<tr>\n<td width=\"250\">Og\u013chidr\u0101ti<\/td>\n<td width=\"251\">14.7g<\/td>\n<td width=\"251\">4.4g<\/td>\n<\/tr>\n<tr>\n<td width=\"250\">\u2013 tostarp cukuri<\/td>\n<td width=\"251\">10.7g<\/td>\n<td width=\"251\">3.2g<\/td>\n<\/tr>\n<tr>\n<td width=\"250\">Olbaltumvielas<\/td>\n<td width=\"251\">70.0g<\/td>\n<td width=\"251\">21.0g<\/td>\n<\/tr>\n<tr>\n<td width=\"250\">S\u0101ls<\/td>\n<td width=\"251\">0.7g<\/td>\n<td width=\"251\">0.2g<\/td>\n<\/tr>\n<\/tbody>\n<\/table>\n<p>&nbsp;<\/p>\n<div><strong>Lieto\u0161ana<\/strong>: Sajauciet 1 m\u0113rkarot\u012bti (30 g) ar 200 ml \u016bdens un lietojiet vienu reizi dien\u0101, t\u016bl\u012bt p\u0113c pagatavo\u0161anas.<\/div>\n<div><\/div>\n<div><strong>Uzglab\u0101\u0161anas apst\u0101k\u013ci:<\/strong><\/div>\n<div><\/div>\n<div>Uzglab\u0101t v\u0113s\u0101, saus\u0101 viet\u0101. Sarg\u0101t no b\u0113rniem.<\/div>\n<div>Ra\u017eot\u0101js: SIA Matrixsoftlabs<\/div>\n<div>Neto daudzums: 700 g (aptuveni 23 porcijas)<\/div>\n<div>Ieteicams l\u012bdz (der\u012bguma termi\u0146\u0161): 24 m\u0113ne\u0161i neatv\u0113rt\u0101 veid\u0101 \/ 6 m\u0113ne\u0161i p\u0113c atv\u0113r\u0161anas<\/div>\n<div><\/div>\n<div><strong>Br\u012bdin\u0101jums:<\/strong><\/div>\n<div><\/div>\n<div>Ir svar\u012bgi iev\u0113rot daudzveid\u012bgu un sabalans\u0113tu uzturu un vesel\u012bgu dz\u012bvesveidu. Ja esat gr\u016btniece, barojat b\u0113rnu ar kr\u016bti vai lietojat citas z\u0101les, pirms lieto\u0161anas konsult\u0113jieties ar \u0101rstu vai farmaceitu. Nep\u0101rsniedziet ieteicamo devu.<\/div>\n","protected":false},"excerpt":{"rendered":"<div>VitalHarmony WHEY Protein \u2013 sp\u0113c\u012bgs olbaltumvielu komplekss ar L-glutam\u012bnu, kas veicina \u0101tr\u0101ku atjauno\u0161anos un lab\u0101kus rezult\u0101tus<\/div>\n<div><\/div>\n<div><strong>Galven\u0101s \u012bpa\u0161\u012bbas:<\/strong><\/div>\n<div><\/div>\n<ul>\n<li>Pal\u012bdz veidot musku\u013cu masu un sp\u0113ku p\u0113c treni\u0146a<\/li>\n<li>Uzlabo atjauno\u0161anos p\u0113c fizisk\u0101m aktivit\u0101t\u0113m<\/li>\n<li>Saglab\u0101 musku\u013cu masu un funkcijas, novecojot<\/li>\n<\/ul>\n","protected":false},"featured_media":42473,"comment_status":"open","ping_status":"closed","template":"","meta":{"inline_featured_image":false},"product_brand":[],"product_cat":[161,153],"product_tag":[],"class_list":{"0":"post-42529","1":"product","2":"type-product","3":"status-publish","4":"has-post-thumbnail","6":"product_cat-akcijas","7":"product_cat-muskuli","9":"first","10":"instock","11":"sale","12":"shipping-taxable","13":"purchasable","14":"product-type-simple"},"_links":{"self":[{"href":"https:\/\/loosen.lt\/lv\/wp-json\/wp\/v2\/product\/42529","targetHints":{"allow":["GET"]}}],"collection":[{"href":"https:\/\/loosen.lt\/lv\/wp-json\/wp\/v2\/product"}],"about":[{"href":"https:\/\/loosen.lt\/lv\/wp-json\/wp\/v2\/types\/product"}],"replies":[{"embeddable":true,"href":"https:\/\/loosen.lt\/lv\/wp-json\/wp\/v2\/comments?post=42529"}],"wp:featuredmedia":[{"embeddable":true,"href":"https:\/\/loosen.lt\/lv\/wp-json\/wp\/v2\/media\/42473"}],"wp:attachment":[{"href":"https:\/\/loosen.lt\/lv\/wp-json\/wp\/v2\/media?parent=42529"}],"wp:term":[{"taxonomy":"product_brand","embeddable":true,"href":"https:\/\/loosen.lt\/lv\/wp-json\/wp\/v2\/product_brand?post=42529"},{"taxonomy":"product_cat","embeddable":true,"href":"https:\/\/loosen.lt\/lv\/wp-json\/wp\/v2\/product_cat?post=42529"},{"taxonomy":"product_tag","embeddable":true,"href":"https:\/\/loosen.lt\/lv\/wp-json\/wp\/v2\/product_tag?post=42529"}],"curies":[{"name":"wp","href":"https:\/\/api.w.org\/{rel}","templated":true}]}}