{"id":42560,"date":"2025-11-04T17:04:58","date_gmt":"2025-11-04T17:04:58","guid":{"rendered":"https:\/\/loosen.lt\/produktas\/l-sunu-magnija-l-treonata-500-mg-kapsulas-120-gab\/"},"modified":"2026-02-26T08:05:40","modified_gmt":"2026-02-26T08:05:40","slug":"l-sunu-magnija-l-treonata-500-mg-kapsulas-120-gab","status":"publish","type":"product","link":"https:\/\/loosen.lt\/lv\/produkts\/l-sunu-magnija-l-treonata-500-mg-kapsulas-120-gab\/","title":{"rendered":"L \u0161\u016bnu magnija L-treon\u0101ta 500 mg kapsulas, 120 gab."},"content":{"rendered":"<div><strong>Par produktu:<\/strong><\/div>\n<div><\/div>\n<ul>\n<li>120 kapsulas, 500 mg magnija L-treon\u0101ta vien\u0101 kapsul\u0101<\/li>\n<li>30+ dienu sp\u0113c\u012bgas devas<\/li>\n<li>Magnija koncentr\u0101cija 7,2%<\/li>\n<li>Sast\u0101vda\u013cas: sintez\u0113ts farmaceitiskas kvalit\u0101tes laboratorij\u0101<\/li>\n<li>Garant\u0113ts akt\u012bvo vielu saturs, t\u012br\u012bba, smagie met\u0101li un mikotoks\u012bni tiek p\u0101rbaud\u012bti laboratorij\u0101<\/li>\n<li>Kapsula apvalks; HPMC (hipromeloze), piem\u0113rots veg\u0101niem<\/li>\n<li>Bez \u0122MO, m\u0101ksl\u012bg\u0101m kr\u0101sviel\u0101m, konservantiem, aromatiz\u0113t\u0101jiem vai alerg\u0113niem<\/li>\n<\/ul>\n<div><\/div>\n<div><strong>Sast\u0101vda\u013cas<\/strong>: magnija L-treon\u0101ts, hipromelozes kapsulas apvalks, cinka glikon\u0101ts.<\/div>\n<div><\/div>\n<div><\/div>\n<div>\n<table>\n<tbody>\n<tr>\n<td width=\"388\">Uzturv\u0113rt\u012bba<\/td>\n<td width=\"388\">4 kapsulas<\/td>\n<td width=\"388\">% no RMR*<\/td>\n<\/tr>\n<tr>\n<td width=\"388\">Magnija L-treon\u0101ts<\/td>\n<td width=\"388\">2000mg<\/td>\n<td width=\"388\">**<\/td>\n<\/tr>\n<tr>\n<td width=\"388\">no kura magnijs<\/td>\n<td width=\"388\">144mg<\/td>\n<td width=\"388\">39%<\/td>\n<\/tr>\n<tr>\n<td width=\"388\">Cinks<\/td>\n<td width=\"388\">1,5mg<\/td>\n<td width=\"388\">15<\/td>\n<\/tr>\n<\/tbody>\n<\/table>\n<div>* Atsauces uzturv\u0113rt\u012bba<\/div>\n<div><\/div>\n<div>** RMV nav noteikta<\/div>\n<div><\/div>\n<div><strong>Deva<\/strong>: Lietojiet 2 kapsulas no r\u012bta un vakar\u0101 pirms gul\u0113tie\u0161anas, uzdzerot gl\u0101zi \u016bdens.<\/div>\n<div><\/div>\n<div><strong>Uzglab\u0101\u0161anas apst\u0101k\u013ci:<\/strong><\/div>\n<div><\/div>\n<div>Uzglab\u0101t v\u0113s\u0101, saus\u0101 viet\u0101. Sarg\u0101t no b\u0113rniem.<\/div>\n<div>Izcelsmes valsts: ES<\/div>\n<div>Ieteicams l\u012bdz der\u012bguma termi\u0146a beig\u0101m.<\/div>\n<div><\/div>\n<div><strong>Br\u012bdin\u0101jums:<\/strong><\/div>\n<div><\/div>\n<div>Uztura bag\u0101tin\u0101t\u0101js neaizst\u0101j p\u0101rtiku. Svar\u012bgs ir daudzveid\u012bgs un sabalans\u0113ts uzturs un vesel\u012bgs dz\u012bvesveids. Ja esat gr\u016btniece, barojat b\u0113rnu ar kr\u016bti vai lietojat citas z\u0101les, pirms lieto\u0161anas konsult\u0113jieties ar \u0101rstu vai farmaceitu. Nep\u0101rsniedziet ieteicamo devu.<\/div>\n<\/div>\n","protected":false},"excerpt":{"rendered":"<div>Ide\u0101l\u0101 magnija L-treon\u0101ta dienas deva ir 2000 mg vien\u0101 porcij\u0101.<\/div>\n<div><\/div>\n<div><strong>Galven\u0101s \u012bpa\u0161\u012bbas:<\/strong><\/div>\n<div><\/div>\n<ul>\n<li>Magnijs un cinks atbalsta imunit\u0101ti.<\/li>\n<li>Magnijs veicina norm\u0101lu nervu sist\u0113mas darb\u012bbu.<\/li>\n<li>Cinks pal\u012bdz uztur\u0113t vesel\u012bgu \u0101du.<\/li>\n<li>Magnijs pal\u012bdz mazin\u0101t nogurumu un palielin\u0101t ener\u0123iju.<\/li>\n<li>Cinks pal\u012bdz aizsarg\u0101t \u0161\u016bnas no oksidat\u012bv\u0101 stresa.<\/li>\n<\/ul>\n","protected":false},"featured_media":42548,"comment_status":"open","ping_status":"closed","template":"","meta":{"inline_featured_image":false},"product_brand":[],"product_cat":[161,151],"product_tag":[],"class_list":{"0":"post-42560","1":"product","2":"type-product","3":"status-publish","4":"has-post-thumbnail","6":"product_cat-akcijas","7":"product_cat-nervu-sistema","9":"first","10":"outofstock","11":"sale","12":"shipping-taxable","13":"purchasable","14":"product-type-simple"},"_links":{"self":[{"href":"https:\/\/loosen.lt\/lv\/wp-json\/wp\/v2\/product\/42560","targetHints":{"allow":["GET"]}}],"collection":[{"href":"https:\/\/loosen.lt\/lv\/wp-json\/wp\/v2\/product"}],"about":[{"href":"https:\/\/loosen.lt\/lv\/wp-json\/wp\/v2\/types\/product"}],"replies":[{"embeddable":true,"href":"https:\/\/loosen.lt\/lv\/wp-json\/wp\/v2\/comments?post=42560"}],"wp:featuredmedia":[{"embeddable":true,"href":"https:\/\/loosen.lt\/lv\/wp-json\/wp\/v2\/media\/42548"}],"wp:attachment":[{"href":"https:\/\/loosen.lt\/lv\/wp-json\/wp\/v2\/media?parent=42560"}],"wp:term":[{"taxonomy":"product_brand","embeddable":true,"href":"https:\/\/loosen.lt\/lv\/wp-json\/wp\/v2\/product_brand?post=42560"},{"taxonomy":"product_cat","embeddable":true,"href":"https:\/\/loosen.lt\/lv\/wp-json\/wp\/v2\/product_cat?post=42560"},{"taxonomy":"product_tag","embeddable":true,"href":"https:\/\/loosen.lt\/lv\/wp-json\/wp\/v2\/product_tag?post=42560"}],"curies":[{"name":"wp","href":"https:\/\/api.w.org\/{rel}","templated":true}]}}