{"id":42563,"date":"2025-11-04T16:42:48","date_gmt":"2025-11-04T16:42:48","guid":{"rendered":"https:\/\/loosen.lt\/produktas\/l-sunu-spermidina-3-mg-kapsulas-60-gab\/"},"modified":"2025-11-04T16:42:48","modified_gmt":"2025-11-04T16:42:48","slug":"l-sunu-spermidina-3-mg-kapsulas-60-gab","status":"publish","type":"product","link":"https:\/\/loosen.lt\/lv\/produkts\/l-sunu-spermidina-3-mg-kapsulas-60-gab\/","title":{"rendered":"L \u0161\u016bnu spermid\u012bna 3 mg kapsulas, 60 gab."},"content":{"rendered":"<div><strong>Par produktu:<\/strong><\/div>\n<div><\/div>\n<ul>\n<li>60 kapsulu iepakojums, 3 mg spermid\u012bna katr\u0101 kapsul\u0101<\/li>\n<li>30+ dienu sp\u0113c\u012bgas devas<\/li>\n<li>Dab\u012bgs: pilna spektra kvie\u0161u d\u012bg\u013cu ekstrakts<\/li>\n<li>Garant\u0113ta akt\u012bvo sast\u0101vda\u013cu t\u012br\u012bba: regul\u0101ri test\u0113ts laboratorij\u0101s uz smagajiem met\u0101liem un mikotoks\u012bniem<\/li>\n<li>Veg\u0101niem piem\u0113rots: kapsulas apvalks izgatavots no HPMC (hipromelozes), bez liellopu \u017eelat\u012bna<\/li>\n<li>Ra\u017eots farmaceitiskas kvalit\u0101tes laboratorij\u0101<\/li>\n<li>Bez \u0122MO, m\u0101ksl\u012bg\u0101m piedev\u0101m, konservantiem un alerg\u0113niem<\/li>\n<\/ul>\n<div><\/div>\n<div><strong>Sast\u0101vda\u013cas<\/strong>: kvie\u0161u d\u012bg\u013cu ekstrakts, hipromelozes kapsulas apvalks, cinka glikon\u0101ts, tiam\u012bna hidrohlor\u012bds.<\/div>\n<div><\/div>\n<div><\/div>\n<div>\n<table>\n<tbody>\n<tr>\n<td width=\"388\">Uzturv\u0113rt\u012bba<\/td>\n<td width=\"388\">2 kapsulas<\/td>\n<td width=\"388\">% no RMR*<\/td>\n<\/tr>\n<tr>\n<td width=\"388\">Spermid\u012bns<\/td>\n<td width=\"388\">6mg<\/td>\n<td width=\"388\">**<\/td>\n<\/tr>\n<tr>\n<td width=\"388\">Cinks<\/td>\n<td width=\"388\">1,5mg<\/td>\n<td width=\"388\">15<\/td>\n<\/tr>\n<tr>\n<td width=\"388\">Tiam\u012bns (B1 vitam\u012bns)<\/td>\n<td width=\"388\">0,165mg<\/td>\n<td width=\"388\">15<\/td>\n<\/tr>\n<\/tbody>\n<\/table>\n<div>* Atsauces uzturv\u0113rt\u012bba<\/div>\n<div><\/div>\n<div>** RMV nav noteikta<\/div>\n<div><\/div>\n<div><strong>Deva<\/strong>: Lietojiet 1 kapsulu no r\u012bta un vakar\u0101, v\u0113lams \u0113\u0161anas laik\u0101, uzdzerot gl\u0101zi \u016bdens.<\/div>\n<div><\/div>\n<div><strong>Uzglab\u0101\u0161anas apst\u0101k\u013ci:<\/strong><\/div>\n<div><\/div>\n<div>Uzglab\u0101t v\u0113s\u0101, saus\u0101 viet\u0101. Sarg\u0101t no b\u0113rniem.<\/div>\n<div>Izcelsmes valsts: ES<\/div>\n<div>Ieteicams l\u012bdz der\u012bguma termi\u0146a beig\u0101m.<\/div>\n<div><\/div>\n<div><strong>Br\u012bdin\u0101jums:<\/strong><\/div>\n<div><\/div>\n<div>Uztura bag\u0101tin\u0101t\u0101js neaizst\u0101j uzturu. Svar\u012bgs ir daudzveid\u012bgs un sabalans\u0113ts uzturs un vesel\u012bgs dz\u012bvesveids. Ja esat gr\u016btniece, barojat b\u0113rnu ar kr\u016bti vai lietojat citas z\u0101les, pirms lieto\u0161anas konsult\u0113jieties ar \u0101rstu vai farmaceitu. Nep\u0101rsniedziet ieteicamo devu.<\/div>\n<\/div>\n","protected":false},"excerpt":{"rendered":"<div>Ide\u0101la spermid\u012bna dienas deva ir 6 mg vien\u0101 porcij\u0101.<\/div>\n<div><\/div>\n<div><strong>Galven\u0101s \u012bpa\u0161\u012bbas:<\/strong><\/div>\n<div><\/div>\n<ul>\n<li>Cinks veicina norm\u0101lu im\u016bnsist\u0113mas darb\u012bbu.<\/li>\n<li>Cinks pal\u012bdz aizsarg\u0101t \u0161\u016bnas no oksidat\u012bv\u0101 stresa.<\/li>\n<li>Tiam\u012bns veicina norm\u0101lu nervu sist\u0113mas darb\u012bbu.<\/li>\n<li>Tiam\u012bns veicina norm\u0101lu ener\u0123ijas metabolismu.<\/li>\n<\/ul>\n","protected":false},"featured_media":42545,"comment_status":"open","ping_status":"closed","template":"","meta":{"inline_featured_image":false},"product_brand":[],"product_cat":[161,147],"product_tag":[],"class_list":{"0":"post-42563","1":"product","2":"type-product","3":"status-publish","4":"has-post-thumbnail","6":"product_cat-akcijas","7":"product_cat-ilgmuziba","9":"first","10":"instock","11":"sale","12":"shipping-taxable","13":"purchasable","14":"product-type-simple"},"_links":{"self":[{"href":"https:\/\/loosen.lt\/lv\/wp-json\/wp\/v2\/product\/42563","targetHints":{"allow":["GET"]}}],"collection":[{"href":"https:\/\/loosen.lt\/lv\/wp-json\/wp\/v2\/product"}],"about":[{"href":"https:\/\/loosen.lt\/lv\/wp-json\/wp\/v2\/types\/product"}],"replies":[{"embeddable":true,"href":"https:\/\/loosen.lt\/lv\/wp-json\/wp\/v2\/comments?post=42563"}],"wp:featuredmedia":[{"embeddable":true,"href":"https:\/\/loosen.lt\/lv\/wp-json\/wp\/v2\/media\/42545"}],"wp:attachment":[{"href":"https:\/\/loosen.lt\/lv\/wp-json\/wp\/v2\/media?parent=42563"}],"wp:term":[{"taxonomy":"product_brand","embeddable":true,"href":"https:\/\/loosen.lt\/lv\/wp-json\/wp\/v2\/product_brand?post=42563"},{"taxonomy":"product_cat","embeddable":true,"href":"https:\/\/loosen.lt\/lv\/wp-json\/wp\/v2\/product_cat?post=42563"},{"taxonomy":"product_tag","embeddable":true,"href":"https:\/\/loosen.lt\/lv\/wp-json\/wp\/v2\/product_tag?post=42563"}],"curies":[{"name":"wp","href":"https:\/\/api.w.org\/{rel}","templated":true}]}}