{"id":42590,"date":"2025-11-21T15:39:02","date_gmt":"2025-11-21T15:39:02","guid":{"rendered":"https:\/\/loosen.lt\/?post_type=product&#038;p=42590"},"modified":"2026-04-24T11:07:23","modified_gmt":"2026-04-24T11:07:23","slug":"activlab-mega-protein-salty-caramel-700-g","status":"publish","type":"product","link":"https:\/\/loosen.lt\/lv\/produkts\/activlab-mega-protein-salty-caramel-700-g\/","title":{"rendered":"ActivLab Mega protein Salty Caramel 700 g"},"content":{"rendered":"<div><strong>Sudedamosios dalys:<\/strong> i\u0161r\u016bg\u0173 baltym\u0173 koncentratas (i\u0161 pieno), amino r\u016bg\u0161tys (kreatino monohidratas, taurinas, L-glutaminas, glicinas), maltodekstrinas, kakava, pieno milteliai, kokoso pieno milteliai, kokos\u0173 dro\u017el\u0117s, kvapiosios med\u017eiagos, sviesto milteliai (i\u0161 pieno), tir\u0161tiklis \u2013 ksantano guma, saldikliai: acesulfamas K ir sukraloz\u0117, da\u017eikliai: karotenai, druska.<\/div>\n<div><\/div>\n<div><strong>Alergenai:<\/strong> gali b\u016bti gr\u016bd\u0173, turin\u010di\u0173 glitimo, sojos ir pieno darini\u0173.<\/div>\n<div><\/div>\n<div><\/div>\n<div>\n<table>\n<tbody>\n<tr>\n<td width=\"388\">Maistin\u0117 vert\u0117<\/td>\n<td width=\"388\">100g<\/td>\n<td width=\"388\">33g<\/td>\n<\/tr>\n<tr>\n<td width=\"388\">Energin\u0117 vert\u0117<\/td>\n<td width=\"388\">1727 kJ\/408 kcal<\/td>\n<td width=\"388\">570 kJ\/135 kcal<\/td>\n<\/tr>\n<tr>\n<td width=\"388\">Riebalai<\/td>\n<td width=\"388\">4,4g<\/td>\n<td width=\"388\">1,5<\/td>\n<\/tr>\n<tr>\n<td width=\"388\">I\u0161 kuri\u0173 so\u010di\u0173j\u0173<\/td>\n<td width=\"388\">2,4g<\/td>\n<td width=\"388\">0,8g<\/td>\n<\/tr>\n<tr>\n<td width=\"388\">Angliavandeniai<\/td>\n<td width=\"388\">22g<\/td>\n<td width=\"388\">7,3g<\/td>\n<\/tr>\n<tr>\n<td width=\"388\">i\u0161 kuri\u0173 cukraus<\/td>\n<td width=\"388\">70g<\/td>\n<td width=\"388\">0,7g<\/td>\n<\/tr>\n<tr>\n<td width=\"388\">Baltymai<\/td>\n<td width=\"388\">0,22g<\/td>\n<td width=\"388\">23g<\/td>\n<\/tr>\n<tr>\n<td width=\"388\">Druska<\/td>\n<td width=\"388\"><\/td>\n<td width=\"388\">0,1g<\/td>\n<\/tr>\n<tr>\n<td width=\"388\">Kreatino monohidratas<\/td>\n<td width=\"388\"><\/td>\n<td width=\"388\">2g<\/td>\n<\/tr>\n<tr>\n<td width=\"388\">Taurinas<\/td>\n<td width=\"388\"><\/td>\n<td width=\"388\">2g<\/td>\n<\/tr>\n<\/tbody>\n<\/table>\n<\/div>\n<p>&nbsp;<\/p>\n<div><strong>Vartojimas:<\/strong> 33 g milteli\u0173 (vien\u0105 kau\u0161el\u012f) sumai\u0161ykite su 150 ml vandens arba pieno ir suplakite. Rekomenduojama vartoti vien\u0105 kart\u0105 per dien\u0105, geriausia po treniruot\u0117s.<\/div>\n<div><\/div>\n<div><strong>Laikymo s\u0105lygos:<\/strong><\/div>\n<div><\/div>\n<div>Laikyti v\u0117sioje, sausoje vietoje. Laikyti vaikams nepasiekiamoje vietoje.<\/div>\n<div>Gamintojas: UNIPRO Sp. z o. o., Targowisko 553, 32-015 K\u0142aj, Lenkija.<\/div>\n<div>Grynas kiekis: 700 g (21 porcij\u0173).<\/div>\n<div>Geriausias iki (termino pabaigos): geriausias vartoti iki termino, nurodyto ant pakuot\u0117s \u0161ono, vir\u0161aus arba jos apa\u010dioje.<\/div>\n<div>Partija: \u017er. ant pakuot\u0117s.<\/div>\n<div><\/div>\n<div><strong>\u012esp\u0117jimas:<\/strong><\/div>\n<div><\/div>\n<div>Svarbu \u012fvairi ir subalansuota mityba bei sveikas gyvenimo b\u016bdas. Jeigu esate n\u0117\u0161\u010dia, maitinate kr\u016btimi ar vartojate kitus vaistus, prie\u0161 vartojim\u0105 pasitarkite su gydytoju ar vaistininku. Nevir\u0161ykite nustatytos rekomenduojamos doz\u0117s.<\/div>\n<p>&nbsp;<\/p>\n","protected":false},"excerpt":{"rendered":"<div>Activlab Mega Protein 700g \u2013 auk\u0161tos kokyb\u0117s baltymai<\/div>\n<div><\/div>\n<div><strong>Pagrindin\u0117s savyb\u0117s:<\/strong><\/div>\n<div><\/div>\n<ul>\n<li>Padeda auginti raumen\u0173 mas\u0119 ir stiprum\u0105 po treniruot\u0117s<\/li>\n<li>Pagerina atsigavim\u0105 po fizinio kr\u016bvio<\/li>\n<li>Palaiko raumen\u0173 mas\u0119 ir funkcij\u0105 senstant<\/li>\n<\/ul>\n","protected":false},"featured_media":42586,"comment_status":"open","ping_status":"closed","template":"","meta":{"inline_featured_image":false},"product_brand":[],"product_cat":[159,118],"product_tag":[],"class_list":{"0":"post-42590","1":"product","2":"type-product","3":"status-publish","4":"has-post-thumbnail","6":"product_cat-akcijos","7":"product_cat-raumenims","9":"first","10":"instock","11":"sale","12":"shipping-taxable","13":"purchasable","14":"product-type-simple"},"_links":{"self":[{"href":"https:\/\/loosen.lt\/lv\/wp-json\/wp\/v2\/product\/42590","targetHints":{"allow":["GET"]}}],"collection":[{"href":"https:\/\/loosen.lt\/lv\/wp-json\/wp\/v2\/product"}],"about":[{"href":"https:\/\/loosen.lt\/lv\/wp-json\/wp\/v2\/types\/product"}],"replies":[{"embeddable":true,"href":"https:\/\/loosen.lt\/lv\/wp-json\/wp\/v2\/comments?post=42590"}],"wp:featuredmedia":[{"embeddable":true,"href":"https:\/\/loosen.lt\/lv\/wp-json\/wp\/v2\/media\/42586"}],"wp:attachment":[{"href":"https:\/\/loosen.lt\/lv\/wp-json\/wp\/v2\/media?parent=42590"}],"wp:term":[{"taxonomy":"product_brand","embeddable":true,"href":"https:\/\/loosen.lt\/lv\/wp-json\/wp\/v2\/product_brand?post=42590"},{"taxonomy":"product_cat","embeddable":true,"href":"https:\/\/loosen.lt\/lv\/wp-json\/wp\/v2\/product_cat?post=42590"},{"taxonomy":"product_tag","embeddable":true,"href":"https:\/\/loosen.lt\/lv\/wp-json\/wp\/v2\/product_tag?post=42590"}],"curies":[{"name":"wp","href":"https:\/\/api.w.org\/{rel}","templated":true}]}}