{"id":42678,"date":"2025-12-23T12:53:12","date_gmt":"2025-12-23T12:53:12","guid":{"rendered":"https:\/\/loosen.lt\/produktas\/vitalharmony-cinka-bisglicinats-90-kapsulas\/"},"modified":"2025-12-23T12:53:12","modified_gmt":"2025-12-23T12:53:12","slug":"vitalharmony-cinka-bisglicinats-90-kapsulas","status":"publish","type":"product","link":"https:\/\/loosen.lt\/lv\/produkts\/vitalharmony-cinka-bisglicinats-90-kapsulas\/","title":{"rendered":"VitalHarmony cinka bisglicin\u0101ts &#8211; 90 kapsulas"},"content":{"rendered":"<div><strong>Sast\u0101vda\u013cas<\/strong>: mikrokrist\u0101lisk\u0101 celuloze (pildviela), cinka bisglicin\u0101ts, HPMC kapsulas apvalks.<\/div>\n<div><\/div>\n<div><strong>Alerg\u0113ni<\/strong>: var satur\u0113t piena (ieskaitot laktozi), sojas, zemesriekstu, citu riekstu, sezama s\u0113klu, glut\u0113nu saturo\u0161u graudu, olu, v\u0113\u017eveid\u012bgo un zivju p\u0113das.<\/div>\n<div><\/div>\n<div>\n<table>\n<tbody>\n<tr>\n<td width=\"388\">Uzturv\u0113rt\u012bba<\/td>\n<td width=\"388\">Vien\u0101 kapsul\u0101<\/td>\n<td width=\"388\">% no RMR*<\/td>\n<\/tr>\n<tr>\n<td width=\"388\">Cinka bisglicin\u0101ts<\/td>\n<td width=\"388\">54,5mg<\/td>\n<td width=\"388\">&nbsp;<\/td>\n<\/tr>\n<tr>\n<td width=\"388\">tostarp: cinks<\/td>\n<td width=\"388\">15mg<\/td>\n<td width=\"388\">150.0%<\/td>\n<\/tr>\n<\/tbody>\n<\/table>\n<\/div>\n<div><strong>Lieto\u0161ana<\/strong>: Lietot 1 kapsulu dien\u0101, uzdzerot \u016bdeni.<\/div>\n<div><\/div>\n<div><strong>Uzglab\u0101\u0161anas apst\u0101k\u013ci:<\/strong><\/div>\n<div><\/div>\n<div>Uzglab\u0101t v\u0113s\u0101, saus\u0101 viet\u0101. Sarg\u0101t no b\u0113rniem.<\/div>\n<div>Ra\u017eot\u0101js: SIA Matrixsoftlabs<\/div>\n<div>Neto daudzums: 90 kapsulas<\/div>\n<div>Der\u012bguma termi\u0146\u0161: ieteicams lietot l\u012bdz datumam, kas nor\u0101d\u012bts iepakojuma s\u0101nos, aug\u0161pus\u0113 vai apak\u0161\u0101.<\/div>\n<div><\/div>\n<div><strong>Br\u012bdin\u0101jums:<\/strong><\/div>\n<div><\/div>\n<div>Uztura bag\u0101tin\u0101t\u0101js neaizst\u0101j uzturu. Svar\u012bgs ir daudzveid\u012bgs un sabalans\u0113ts uzturs un vesel\u012bgs dz\u012bvesveids. Ja esat gr\u016btniece, barojat b\u0113rnu ar kr\u016bti vai lietojat citas z\u0101les, pirms lieto\u0161anas konsult\u0113jieties ar \u0101rstu vai farmaceitu. Nep\u0101rsniedziet ieteicamo devu.<\/div>\n","protected":false},"excerpt":{"rendered":"<div>VitalHarmony cinka bisglicin\u0101ts \u2013 augstas kvalit\u0101tes, viegli uzs\u016bcams uztura bag\u0101tin\u0101t\u0101js<\/div>\n<div><\/div>\n<div><strong>Galven\u0101s \u012bpa\u0161\u012bbas:<\/strong><\/div>\n<div><\/div>\n<ul>\n<li>Vesel\u012bgi kauli, \u0101da, mati un nagi<\/li>\n<li>Norm\u0101la im\u016bnsist\u0113mas darb\u012bba<\/li>\n<li>\u0160\u016bnu aizsardz\u012bba pret oksidat\u012bvo stresu<\/li>\n<li>Norm\u0101la kognit\u012bv\u0101 funkcija<\/li>\n<li>Laba redze<\/li>\n<li>Dabiska testosterona koncentr\u0101cija asin\u012bs<\/li>\n<li>Reprodukt\u012bv\u0101 vesel\u012bba un augl\u012bba<\/li>\n<li>Olbaltumvielu un DNS sint\u0113zes procesi<\/li>\n<li>\u0160\u016bnu dal\u012b\u0161an\u0101s funkcijas<\/li>\n<li>Og\u013chidr\u0101tu un tauksk\u0101bju vielmai\u0146a<\/li>\n<li>Vitam\u012bnu (\u012bpa\u0161i A vitam\u012bna) uzs\u016bk\u0161an\u0101s<\/li>\n<li>Sk\u0101bju-b\u0101zes (pH) l\u012bdzsvars organism\u0101<\/li>\n<li>Makroelementu (piem\u0113ram, olbaltumvielu, tauku, og\u013chidr\u0101tu) vielmai\u0146a<\/li>\n<\/ul>\n","protected":false},"featured_media":42651,"comment_status":"open","ping_status":"closed","template":"","meta":{"inline_featured_image":false},"product_brand":[],"product_cat":[161,143],"product_tag":[],"class_list":{"0":"post-42678","1":"product","2":"type-product","3":"status-publish","4":"has-post-thumbnail","6":"product_cat-akcijas","7":"product_cat-vispareja-veseliba","9":"first","10":"instock","11":"sale","12":"shipping-taxable","13":"purchasable","14":"product-type-simple"},"_links":{"self":[{"href":"https:\/\/loosen.lt\/lv\/wp-json\/wp\/v2\/product\/42678","targetHints":{"allow":["GET"]}}],"collection":[{"href":"https:\/\/loosen.lt\/lv\/wp-json\/wp\/v2\/product"}],"about":[{"href":"https:\/\/loosen.lt\/lv\/wp-json\/wp\/v2\/types\/product"}],"replies":[{"embeddable":true,"href":"https:\/\/loosen.lt\/lv\/wp-json\/wp\/v2\/comments?post=42678"}],"wp:featuredmedia":[{"embeddable":true,"href":"https:\/\/loosen.lt\/lv\/wp-json\/wp\/v2\/media\/42651"}],"wp:attachment":[{"href":"https:\/\/loosen.lt\/lv\/wp-json\/wp\/v2\/media?parent=42678"}],"wp:term":[{"taxonomy":"product_brand","embeddable":true,"href":"https:\/\/loosen.lt\/lv\/wp-json\/wp\/v2\/product_brand?post=42678"},{"taxonomy":"product_cat","embeddable":true,"href":"https:\/\/loosen.lt\/lv\/wp-json\/wp\/v2\/product_cat?post=42678"},{"taxonomy":"product_tag","embeddable":true,"href":"https:\/\/loosen.lt\/lv\/wp-json\/wp\/v2\/product_tag?post=42678"}],"curies":[{"name":"wp","href":"https:\/\/api.w.org\/{rel}","templated":true}]}}