{"id":42680,"date":"2025-12-23T12:43:24","date_gmt":"2025-12-23T12:43:24","guid":{"rendered":"https:\/\/loosen.lt\/produktas\/vitalharmony-b-komplekss-90-kapsulas\/"},"modified":"2025-12-23T12:43:24","modified_gmt":"2025-12-23T12:43:24","slug":"vitalharmony-b-komplekss-90-kapsulas","status":"publish","type":"product","link":"https:\/\/loosen.lt\/lv\/produkts\/vitalharmony-b-komplekss-90-kapsulas\/","title":{"rendered":"VitalHarmony B komplekss \u2013 90 kapsulas"},"content":{"rendered":"<div><strong>Sast\u0101vda\u013cas<\/strong>: pildviela \u2013 mikrokrist\u0101lisk\u0101 celuloze, B kompleksa vitam\u012bni (niac\u012bns, pantot\u0113nsk\u0101be, riboflav\u012bns, B6 vitam\u012bns, tiam\u012bns, folsk\u0101be, biot\u012bns, B12 vitam\u012bns), kapsulas apvalks \u2013 liellopu \u017eelat\u012bns, att\u012br\u012bts \u016bdens.<\/div>\n<div><\/div>\n<div><strong>Var satur\u0113t alerg\u0113nu p\u0113das<\/strong>: pienu (ieskaitot laktozi), soju, zemesriekstus un citus riekstus, sezama s\u0113klas, glut\u0113nu saturo\u0161us graudaugus, olas, v\u0113\u017eveid\u012bgos un zivis.<\/div>\n<div><\/div>\n<div>\n<table>\n<tbody>\n<tr>\n<td width=\"388\"><strong>Uzturv\u0113rt\u012bbas inform\u0101cija<\/strong><\/td>\n<td width=\"388\"><strong>Vien\u0101 kapsul\u0101<\/strong><\/td>\n<td width=\"388\"><strong>% NRL*<\/strong><\/td>\n<\/tr>\n<tr>\n<td width=\"388\">Tiam\u012bns<\/td>\n<td width=\"388\">1,1 mg<\/td>\n<td width=\"388\">100,0%<\/td>\n<\/tr>\n<tr>\n<td width=\"388\">Riboflav\u012bns<\/td>\n<td width=\"388\">1,4mg<\/td>\n<td width=\"388\">100,0%<\/td>\n<\/tr>\n<tr>\n<td width=\"388\">Niac\u012bns<\/td>\n<td width=\"388\">16mg NE**<\/td>\n<td width=\"388\">100,0%<\/td>\n<\/tr>\n<tr>\n<td width=\"388\">Pantot\u0113nsk\u0101be<\/td>\n<td width=\"388\">6mg<\/td>\n<td width=\"388\">100,0%<\/td>\n<\/tr>\n<tr>\n<td width=\"388\">B6 vitam\u012bns<\/td>\n<td width=\"388\">1,4mg<\/td>\n<td width=\"388\">100,0%<\/td>\n<\/tr>\n<tr>\n<td width=\"388\">Vitam\u012bns B12<\/td>\n<td width=\"388\">25 \u03bcg<\/td>\n<td width=\"388\">100,0%<\/td>\n<\/tr>\n<tr>\n<td width=\"388\">Folijsk\u0101be<\/td>\n<td width=\"388\">200 \u03bcg<\/td>\n<td width=\"388\">100,0%<\/td>\n<\/tr>\n<tr>\n<td width=\"388\">Biot\u012bns<\/td>\n<td width=\"388\">50 \u03bcg<\/td>\n<td width=\"388\">100,0%<\/td>\n<\/tr>\n<\/tbody>\n<\/table>\n<\/div>\n<p>&nbsp;<\/p>\n<div><strong>Piez\u012bme<\/strong>: *NRV (uzturvielu atsauces v\u0113rt\u012bba), NE (niac\u012bna ekvivalents).<\/div>\n<div><\/div>\n<div><strong>Lieto\u0161ana<\/strong>: Lietojiet 1 kapsulu dien\u0101, uzdzerot lielu daudzumu \u016bdens.<\/div>\n<div><\/div>\n<div><strong>Uzglab\u0101\u0161anas apst\u0101k\u013ci:<\/strong><\/div>\n<div><\/div>\n<div>Uzglab\u0101t v\u0113s\u0101, saus\u0101 viet\u0101. Sarg\u0101t no b\u0113rniem.<\/div>\n<div><\/div>\n<div>Ra\u017eot\u0101js: SIA Matrixsoftlabs<\/div>\n<div>Neto saturs: 90 kapsulas<\/div>\n<div>Ieteicams l\u012bdz (der\u012bguma termi\u0146\u0161): Ieteicams l\u012bdz datumam, kas nor\u0101d\u012bts iepakojuma s\u0101nos, aug\u0161pus\u0113 vai apak\u0161\u0101.<\/div>\n<div><\/div>\n<div><strong>Br\u012bdin\u0101jums:<\/strong><\/div>\n<div><\/div>\n<div>Uztura bag\u0101tin\u0101t\u0101js neaizst\u0101j p\u0101rtiku. Svar\u012bgs ir daudzveid\u012bgs un sabalans\u0113ts uzturs un vesel\u012bgs dz\u012bvesveids. Ja esat gr\u016btniece, barojat b\u0113rnu ar kr\u016bti vai lietojat citas z\u0101les, pirms lieto\u0161anas konsult\u0113jieties ar \u0101rstu vai farmaceitu. Nep\u0101rsniedziet ieteicamo devu.<\/div>\n","protected":false},"excerpt":{"rendered":"<div>VitalHarmony B komplekss ir augst\u0101k\u0101s kvalit\u0101tes uztura bag\u0101tin\u0101t\u0101js, kas nodro\u0161ina organismu ar pilnu nepiecie\u0161amo B vitam\u012bnu spektru.<\/div>\n<div><\/div>\n<div><strong>Galven\u0101s \u012bpa\u0161\u012bbas:<\/strong><\/div>\n<div><\/div>\n<ul>\n<li>Atbalsta ener\u0123ijas l\u012bmeni<\/li>\n<li>Atbalsta gar\u012bgo sniegumu<\/li>\n<li>Atbalsta nervu sist\u0113mu<\/li>\n<li>Atbalsta \u0161\u016bnas<\/li>\n<\/ul>\n","protected":false},"featured_media":41646,"comment_status":"open","ping_status":"closed","template":"","meta":{"inline_featured_image":false},"product_brand":[],"product_cat":[161,144],"product_tag":[],"class_list":{"0":"post-42680","1":"product","2":"type-product","3":"status-publish","4":"has-post-thumbnail","6":"product_cat-akcijas","7":"product_cat-energija","9":"first","10":"instock","11":"sale","12":"shipping-taxable","13":"purchasable","14":"product-type-simple"},"_links":{"self":[{"href":"https:\/\/loosen.lt\/lv\/wp-json\/wp\/v2\/product\/42680","targetHints":{"allow":["GET"]}}],"collection":[{"href":"https:\/\/loosen.lt\/lv\/wp-json\/wp\/v2\/product"}],"about":[{"href":"https:\/\/loosen.lt\/lv\/wp-json\/wp\/v2\/types\/product"}],"replies":[{"embeddable":true,"href":"https:\/\/loosen.lt\/lv\/wp-json\/wp\/v2\/comments?post=42680"}],"wp:featuredmedia":[{"embeddable":true,"href":"https:\/\/loosen.lt\/lv\/wp-json\/wp\/v2\/media\/41646"}],"wp:attachment":[{"href":"https:\/\/loosen.lt\/lv\/wp-json\/wp\/v2\/media?parent=42680"}],"wp:term":[{"taxonomy":"product_brand","embeddable":true,"href":"https:\/\/loosen.lt\/lv\/wp-json\/wp\/v2\/product_brand?post=42680"},{"taxonomy":"product_cat","embeddable":true,"href":"https:\/\/loosen.lt\/lv\/wp-json\/wp\/v2\/product_cat?post=42680"},{"taxonomy":"product_tag","embeddable":true,"href":"https:\/\/loosen.lt\/lv\/wp-json\/wp\/v2\/product_tag?post=42680"}],"curies":[{"name":"wp","href":"https:\/\/api.w.org\/{rel}","templated":true}]}}