{"id":42682,"date":"2025-12-23T12:40:17","date_gmt":"2025-12-23T12:40:17","guid":{"rendered":"https:\/\/loosen.lt\/produktas\/vitalharmony-biotins-plus-90-kapsulas\/"},"modified":"2025-12-23T12:40:17","modified_gmt":"2025-12-23T12:40:17","slug":"vitalharmony-biotins-plus-90-kapsulas","status":"publish","type":"product","link":"https:\/\/loosen.lt\/lv\/produkts\/vitalharmony-biotins-plus-90-kapsulas\/","title":{"rendered":"VitalHarmony Biot\u012bns Plus 90 kapsulas"},"content":{"rendered":"<table>\n<tbody>\n<tr>\n<td width=\"388\"><strong>Sast\u0101vda\u013cas<\/strong><\/td>\n<td width=\"388\"><strong>Daudzums:<\/strong><\/td>\n<td width=\"388\"><strong>% no RMR*<\/strong><\/td>\n<\/tr>\n<tr>\n<td width=\"388\">C vitam\u012bns<\/td>\n<td width=\"388\">80mg<\/td>\n<td width=\"388\">100%<\/td>\n<\/tr>\n<tr>\n<td width=\"388\">Biot\u012bns<\/td>\n<td width=\"388\">2400 \u00b5g<\/td>\n<td width=\"388\">5000%<\/td>\n<\/tr>\n<tr>\n<td width=\"388\">Cinks (no cinka citr\u0101ta)<\/td>\n<td width=\"388\">15mg<\/td>\n<td width=\"388\">150%<\/td>\n<\/tr>\n<tr>\n<td width=\"388\">Sel\u0113ns (no n\u0101trija selen\u012bta)<\/td>\n<td width=\"388\">100 \u00b5g<\/td>\n<td width=\"388\">181,8%<\/td>\n<\/tr>\n<\/tbody>\n<\/table>\n<p>&nbsp;<\/p>\n<div><strong>Lieto\u0161ana<\/strong>: Ieteicams lietot vienu kapsulu dien\u0101, uzdzerot pietiekamu daudzumu \u016bdens. Nep\u0101rsniegt maksim\u0101lo dienas devu.<\/div>\n<div><\/div>\n<div><strong>Uzglab\u0101\u0161anas apst\u0101k\u013ci:<\/strong><\/div>\n<div><\/div>\n<div>Uzglab\u0101t v\u0113s\u0101, saus\u0101 viet\u0101. Sarg\u0101t no b\u0113rniem.<\/div>\n<div>Ra\u017eot\u0101js: SIA Matrixsoftlabs<\/div>\n<div>Neto daudzums: 90 kapsulas.<\/div>\n<div>Ieteicams l\u012bdz (der\u012bguma termi\u0146\u0161): ieteicams l\u012bdz datumam, kas nor\u0101d\u012bts iepakojuma s\u0101nos, aug\u0161pus\u0113 vai apak\u0161\u0101.<\/div>\n<div><\/div>\n<div><strong>Br\u012bdin\u0101jums:<\/strong><\/div>\n<div><\/div>\n<div>Uztura bag\u0101tin\u0101t\u0101js neaizst\u0101j uzturu. Svar\u012bgs ir daudzveid\u012bgs un sabalans\u0113ts uzturs un vesel\u012bgs dz\u012bvesveids. Ja esat gr\u016btniece, barojat b\u0113rnu ar kr\u016bti vai lietojat citas z\u0101les, pirms lieto\u0161anas konsult\u0113jieties ar \u0101rstu vai farmaceitu. Nep\u0101rsniedziet ieteicamo devu.<\/div>\n","protected":false},"excerpt":{"rendered":"<div>VitalHarmony Biotin Plus ir vieds risin\u0101jums skaistumam un iek\u0161\u0113jam l\u012bdzsvaram<\/div>\n<div><\/div>\n<div><strong>Galven\u0101s \u012bpa\u0161\u012bbas:<\/strong><\/div>\n<div><\/div>\n<div><strong>C vitam\u012bns:<\/strong><\/div>\n<div><\/div>\n<ul>\n<li>Im\u016bnsist\u0113mas atbalsts<\/li>\n<li>Kolag\u0113na ra\u017eo\u0161ana<\/li>\n<li>Antioksidantu funkcija<\/li>\n<\/ul>\n<div><\/div>\n<div><strong>Biot\u012bns:<\/strong><\/div>\n<div><\/div>\n<ul>\n<li>\u0100das, matu, vielmai\u0146as atbalsts<\/li>\n<\/ul>\n<div><\/div>\n<div><strong>Cinks:<\/strong><\/div>\n<div><\/div>\n<ul>\n<li>Im\u016bnsist\u0113mas atbalsts<\/li>\n<\/ul>\n<div><\/div>\n<div><strong>Sel\u0113ns:<\/strong><\/div>\n<div><\/div>\n<ul>\n<li>Antioksidantu aktivit\u0101te<\/li>\n<li>Sirds un asinsvadu vesel\u012bba<\/li>\n<li>Vairogdziedzera darb\u012bba<\/li>\n<\/ul>\n","protected":false},"featured_media":42655,"comment_status":"open","ping_status":"closed","template":"","meta":{"inline_featured_image":false},"product_brand":[],"product_cat":[161,145],"product_tag":[],"class_list":{"0":"post-42682","1":"product","2":"type-product","3":"status-publish","4":"has-post-thumbnail","6":"product_cat-akcijas","7":"product_cat-gan","9":"first","10":"outofstock","11":"sale","12":"shipping-taxable","13":"purchasable","14":"product-type-simple"},"_links":{"self":[{"href":"https:\/\/loosen.lt\/lv\/wp-json\/wp\/v2\/product\/42682","targetHints":{"allow":["GET"]}}],"collection":[{"href":"https:\/\/loosen.lt\/lv\/wp-json\/wp\/v2\/product"}],"about":[{"href":"https:\/\/loosen.lt\/lv\/wp-json\/wp\/v2\/types\/product"}],"replies":[{"embeddable":true,"href":"https:\/\/loosen.lt\/lv\/wp-json\/wp\/v2\/comments?post=42682"}],"wp:featuredmedia":[{"embeddable":true,"href":"https:\/\/loosen.lt\/lv\/wp-json\/wp\/v2\/media\/42655"}],"wp:attachment":[{"href":"https:\/\/loosen.lt\/lv\/wp-json\/wp\/v2\/media?parent=42682"}],"wp:term":[{"taxonomy":"product_brand","embeddable":true,"href":"https:\/\/loosen.lt\/lv\/wp-json\/wp\/v2\/product_brand?post=42682"},{"taxonomy":"product_cat","embeddable":true,"href":"https:\/\/loosen.lt\/lv\/wp-json\/wp\/v2\/product_cat?post=42682"},{"taxonomy":"product_tag","embeddable":true,"href":"https:\/\/loosen.lt\/lv\/wp-json\/wp\/v2\/product_tag?post=42682"}],"curies":[{"name":"wp","href":"https:\/\/api.w.org\/{rel}","templated":true}]}}