{"id":42684,"date":"2025-12-23T12:37:49","date_gmt":"2025-12-23T12:37:49","guid":{"rendered":"https:\/\/loosen.lt\/produktas\/vitalharmony-berberins-90-kapsulas\/"},"modified":"2026-01-13T14:19:29","modified_gmt":"2026-01-13T14:19:29","slug":"vitalharmony-berberins-90-kapsulas","status":"publish","type":"product","link":"https:\/\/loosen.lt\/lv\/produkts\/vitalharmony-berberins-90-kapsulas\/","title":{"rendered":"VitalHarmony Berber\u012bns &#8211; 90 kapsulas"},"content":{"rendered":"<div><strong>Sast\u0101vda\u013cas<\/strong>: Indijas b\u0101rbeles (Berberis aristata) saknes ekstrakts, standartiz\u0113ts l\u012bdz 2% berber\u012bna, ar piedev\u0101m: mikrokrist\u0101lisko celulozi, kapsulas apvalks: liellopu \u017eelat\u012bnu, att\u012br\u012btu \u016bdeni.<\/div>\n<div><\/div>\n<div><strong>Var satur\u0113t alerg\u0113nu p\u0113das:<\/strong> pienu (ieskaitot laktozi), soju, zemesriekstus un citus riekstus, sezama s\u0113klas, glut\u0113nu saturo\u0161us graudaugus, olas, v\u0113\u017eveid\u012bgos un zivis.<\/div>\n<div><\/div>\n<div>\n<table>\n<tbody>\n<tr>\n<td width=\"388\">Uzturv\u0113rt\u012bba<\/td>\n<td width=\"388\">Porcijas lielums: 1 kapsula<\/td>\n<\/tr>\n<tr>\n<td width=\"388\">Daudzums vien\u0101 porcij\u0101<\/td>\n<td width=\"388\">Dienas v\u0113rt\u012bba %<\/td>\n<\/tr>\n<tr>\n<td width=\"388\">\n<div>Indijas b\u0101rbe\u013cu sak\u0146u ekstrakts \u2013 500 mg<\/div>\n<div><\/div>\n<div>SATUR: BERBER\u012aNU 10 mg<\/div>\n<\/td>\n<td width=\"388\">*<\/td>\n<\/tr>\n<\/tbody>\n<\/table>\n<\/div>\n<p>&nbsp;<\/p>\n<div><strong>Lieto\u0161ana<\/strong>: Lietot 1 kapsulu divas reizes dien\u0101, uzdzerot \u016bdeni, ieteicams lietot \u0113dienrei\u017eu laik\u0101.<\/div>\n<div><\/div>\n<div><strong>Uzglab\u0101\u0161anas apst\u0101k\u013ci:<\/strong><\/div>\n<div><\/div>\n<div>Uzglab\u0101t v\u0113s\u0101, saus\u0101 viet\u0101. Sarg\u0101t no b\u0113rniem.<\/div>\n<div><\/div>\n<div>Ra\u017eot\u0101js: SIA Matrixsoftlabs<\/div>\n<div>Neto daudzums: 90 kapsulas.<\/div>\n<div>Ieteicams l\u012bdz (der\u012bguma termi\u0146\u0161): ieteicams l\u012bdz datumam, kas nor\u0101d\u012bts iepakojuma s\u0101nos, aug\u0161pus\u0113 vai apak\u0161\u0101.<\/div>\n<div><\/div>\n<div><strong>Br\u012bdin\u0101jums:<\/strong><\/div>\n<div><\/div>\n<div>Uztura bag\u0101tin\u0101t\u0101js neaizst\u0101j uzturu. Svar\u012bgs ir daudzveid\u012bgs un sabalans\u0113ts uzturs un vesel\u012bgs dz\u012bvesveids. Ja esat gr\u016btniece, barojat b\u0113rnu ar kr\u016bti vai lietojat citas z\u0101les, pirms lieto\u0161anas konsult\u0113jieties ar \u0101rstu vai farmaceitu. Nep\u0101rsniedziet ieteicamo devu.<\/div>\n","protected":false},"excerpt":{"rendered":"<div>VitalHarmony Berber\u012bna kapsulas 500 mg<\/div>\n<div><\/div>\n<div><strong>Galven\u0101s \u012bpa\u0161\u012bbas:<\/strong><\/div>\n<div><\/div>\n<ul>\n<li>Uztur norm\u0101lu holester\u012bna l\u012bmeni<\/li>\n<li>Var uztur\u0113t glikozes l\u012bmeni asin\u012bs<\/li>\n<li>Atbalsta svara kontroli<\/li>\n<li>Var atbalst\u012bt norm\u0101lu sirds un asinsvadu darb\u012bbu<\/li>\n<\/ul>\n","protected":false},"featured_media":42659,"comment_status":"open","ping_status":"closed","template":"","meta":{"inline_featured_image":false},"product_brand":[],"product_cat":[161,158,155],"product_tag":[],"class_list":{"0":"post-42684","1":"product","2":"type-product","3":"status-publish","4":"has-post-thumbnail","6":"product_cat-akcijas","7":"product_cat-sirds-un-asins-plusma","8":"product_cat-svara-kontrole","10":"first","11":"instock","12":"sale","13":"shipping-taxable","14":"purchasable","15":"product-type-simple"},"_links":{"self":[{"href":"https:\/\/loosen.lt\/lv\/wp-json\/wp\/v2\/product\/42684","targetHints":{"allow":["GET"]}}],"collection":[{"href":"https:\/\/loosen.lt\/lv\/wp-json\/wp\/v2\/product"}],"about":[{"href":"https:\/\/loosen.lt\/lv\/wp-json\/wp\/v2\/types\/product"}],"replies":[{"embeddable":true,"href":"https:\/\/loosen.lt\/lv\/wp-json\/wp\/v2\/comments?post=42684"}],"wp:featuredmedia":[{"embeddable":true,"href":"https:\/\/loosen.lt\/lv\/wp-json\/wp\/v2\/media\/42659"}],"wp:attachment":[{"href":"https:\/\/loosen.lt\/lv\/wp-json\/wp\/v2\/media?parent=42684"}],"wp:term":[{"taxonomy":"product_brand","embeddable":true,"href":"https:\/\/loosen.lt\/lv\/wp-json\/wp\/v2\/product_brand?post=42684"},{"taxonomy":"product_cat","embeddable":true,"href":"https:\/\/loosen.lt\/lv\/wp-json\/wp\/v2\/product_cat?post=42684"},{"taxonomy":"product_tag","embeddable":true,"href":"https:\/\/loosen.lt\/lv\/wp-json\/wp\/v2\/product_tag?post=42684"}],"curies":[{"name":"wp","href":"https:\/\/api.w.org\/{rel}","templated":true}]}}