{"id":42686,"date":"2025-12-23T12:31:01","date_gmt":"2025-12-23T12:31:01","guid":{"rendered":"https:\/\/loosen.lt\/produktas\/vitalharmony-resveratrols-250-mg-30-kapsulas\/"},"modified":"2025-12-23T12:31:01","modified_gmt":"2025-12-23T12:31:01","slug":"vitalharmony-resveratrols-250-mg-30-kapsulas","status":"publish","type":"product","link":"https:\/\/loosen.lt\/lv\/produkts\/vitalharmony-resveratrols-250-mg-30-kapsulas\/","title":{"rendered":"VitalHarmony resveratrols 250 mg &#8211; 30 kapsulas"},"content":{"rendered":"<div><strong>Sast\u0101vda\u013cas<\/strong>: trans-resveratrols, kas satur 50% resveratrola; pal\u012bgviela: mikrokrist\u0101lisk\u0101 celuloze; kapsulas apvalks: liellopu \u017eelat\u012bns.<\/div>\n<div><\/div>\n<div><strong>Var satur\u0113t alerg\u0113nu p\u0113das:<\/strong> pienu (ieskaitot laktozi), soju, zemesriekstus un citus riekstus, sezama s\u0113klas, glut\u0113nu saturo\u0161us graudaugus, olas, v\u0113\u017eveid\u012bgos un zivis.<\/div>\n<div><\/div>\n<div>\n<table>\n<tbody>\n<tr>\n<td width=\"388\">Uzturv\u0113rt\u012bba<\/td>\n<td width=\"388\">Daudzums vien\u0101 kapsul\u0101<\/td>\n<\/tr>\n<tr>\n<td width=\"388\">Trans-resveratrols<\/td>\n<td width=\"388\">250mg<\/td>\n<\/tr>\n<\/tbody>\n<\/table>\n<\/div>\n<p>&nbsp;<\/p>\n<div><strong>Lieto\u0161ana<\/strong>: Ieteicams lietot 1 kapsulu dien\u0101, uzdzerot gl\u0101zi \u016bdens.<\/div>\n<div><\/div>\n<div><strong>Uzglab\u0101\u0161anas apst\u0101k\u013ci:<\/strong><\/div>\n<div><\/div>\n<div>Uzglab\u0101t v\u0113s\u0101, saus\u0101 viet\u0101. Sarg\u0101t no b\u0113rniem.<\/div>\n<div>Ra\u017eot\u0101js: ,,SIA Matrixsoftlabs\u201c<\/div>\n<div>Neto daudzums: 30 kapsulas.<\/div>\n<div>Ieteicams l\u012bdz (der\u012bguma termi\u0146\u0161): ieteicams l\u012bdz datumam, kas nor\u0101d\u012bts iepakojuma s\u0101nos, aug\u0161pus\u0113 vai apak\u0161\u0101.<\/div>\n<div><\/div>\n<div><strong>Br\u012bdin\u0101jums:<\/strong><\/div>\n<div><\/div>\n<div>Uztura bag\u0101tin\u0101t\u0101js neaizst\u0101j uzturu. Svar\u012bgs ir daudzveid\u012bgs un sabalans\u0113ts uzturs un vesel\u012bgs dz\u012bvesveids. Ja esat gr\u016btniece, barojat b\u0113rnu ar kr\u016bti vai lietojat citas z\u0101les, pirms lieto\u0161anas konsult\u0113jieties ar \u0101rstu vai farmaceitu. Nep\u0101rsniedziet ieteicamo devu.<\/div>\n","protected":false},"excerpt":{"rendered":"<div>VitalHarmony Resveratrol ir augst\u0101k\u0101s kvalit\u0101tes trans-resveratrola uztura bag\u0101tin\u0101t\u0101js.<\/div>\n<div><\/div>\n<div><strong>Galven\u0101s \u012bpa\u0161\u012bbas:<\/strong><\/div>\n<div><\/div>\n<ul>\n<li><strong>Sirds un asinsrite:<\/strong> Pal\u012bdz uztur\u0113t vesel\u012bgu sirds darb\u012bbu.<\/li>\n<li><strong>Kauli un loc\u012btavas:<\/strong> Veicina norm\u0101la kaulu stipruma uztur\u0113\u0161anu.<\/li>\n<li><strong>Ilgm\u016b\u017e\u012bba<\/strong>: Tas ir senomorfants, kas kav\u0113 SASP (\u0161\u016bnu iekaisuma avota) prolifer\u0101ciju, un antioksidants, kas c\u012bn\u0101s pret br\u012bvajiem radik\u0101\u013ciem.<\/li>\n<\/ul>\n","protected":false},"featured_media":42663,"comment_status":"open","ping_status":"closed","template":"","meta":{"inline_featured_image":false},"product_brand":[],"product_cat":[161,158,149,147],"product_tag":[],"class_list":{"0":"post-42686","1":"product","2":"type-product","3":"status-publish","4":"has-post-thumbnail","6":"product_cat-akcijas","7":"product_cat-sirds-un-asins-plusma","8":"product_cat-kauli-un-locitavas","9":"product_cat-ilgmuziba","11":"first","12":"instock","13":"sale","14":"shipping-taxable","15":"purchasable","16":"product-type-simple"},"_links":{"self":[{"href":"https:\/\/loosen.lt\/lv\/wp-json\/wp\/v2\/product\/42686","targetHints":{"allow":["GET"]}}],"collection":[{"href":"https:\/\/loosen.lt\/lv\/wp-json\/wp\/v2\/product"}],"about":[{"href":"https:\/\/loosen.lt\/lv\/wp-json\/wp\/v2\/types\/product"}],"replies":[{"embeddable":true,"href":"https:\/\/loosen.lt\/lv\/wp-json\/wp\/v2\/comments?post=42686"}],"wp:featuredmedia":[{"embeddable":true,"href":"https:\/\/loosen.lt\/lv\/wp-json\/wp\/v2\/media\/42663"}],"wp:attachment":[{"href":"https:\/\/loosen.lt\/lv\/wp-json\/wp\/v2\/media?parent=42686"}],"wp:term":[{"taxonomy":"product_brand","embeddable":true,"href":"https:\/\/loosen.lt\/lv\/wp-json\/wp\/v2\/product_brand?post=42686"},{"taxonomy":"product_cat","embeddable":true,"href":"https:\/\/loosen.lt\/lv\/wp-json\/wp\/v2\/product_cat?post=42686"},{"taxonomy":"product_tag","embeddable":true,"href":"https:\/\/loosen.lt\/lv\/wp-json\/wp\/v2\/product_tag?post=42686"}],"curies":[{"name":"wp","href":"https:\/\/api.w.org\/{rel}","templated":true}]}}