{"id":42688,"date":"2025-12-23T12:27:20","date_gmt":"2025-12-23T12:27:20","guid":{"rendered":"https:\/\/loosen.lt\/produktas\/vitalharmony-magnija-citrats-800-mg-90-kapsulas\/"},"modified":"2025-12-23T12:27:20","modified_gmt":"2025-12-23T12:27:20","slug":"vitalharmony-magnija-citrats-800-mg-90-kapsulas","status":"publish","type":"product","link":"https:\/\/loosen.lt\/lv\/produkts\/vitalharmony-magnija-citrats-800-mg-90-kapsulas\/","title":{"rendered":"VitalHarmony magnija citr\u0101ts 800 mg &#8211; 90 kapsulas"},"content":{"rendered":"<div><strong>Sast\u0101vda\u013cas<\/strong>: magnija citr\u0101ta s\u0101\u013ci (magnija avots), ar tauksk\u0101b\u0113m saist\u012bti magnija s\u0101\u013ci (viela, kas samazina kalcija nogulsnes), liellopu \u017eelat\u012bns (kapsulas apvalks), att\u012br\u012bts \u016bdens.<\/div>\n<div><\/div>\n<div><strong>Var satur\u0113t alerg\u0113nu p\u0113das<\/strong>: pienu (ieskaitot laktozi), soju, zemesriekstus un citus riekstus, sezama s\u0113klas, glut\u0113nu saturo\u0161us graudaugus, olas, v\u0113\u017eveid\u012bgos un zivis.<\/div>\n<div><\/div>\n<div><\/div>\n<div>\n<table>\n<tbody>\n<tr>\n<td width=\"388\">Uzturv\u0113rt\u012bba<\/td>\n<td width=\"388\">Daudzums vien\u0101 kapsul\u0101<\/td>\n<td width=\"388\">% NRL<\/td>\n<\/tr>\n<tr>\n<td width=\"388\">Magnija citr\u0101ts<\/td>\n<td width=\"388\">800mg<\/td>\n<td width=\"388\">&nbsp;<\/td>\n<\/tr>\n<tr>\n<td width=\"388\">tostarp magnijs<\/td>\n<td width=\"388\">125mg<\/td>\n<td width=\"388\">33%<\/td>\n<\/tr>\n<\/tbody>\n<\/table>\n<\/div>\n<p>&nbsp;<\/p>\n<div>*NRV &#8211; uzturvielu atsauces v\u0113rt\u012bba<\/div>\n<div><\/div>\n<div><strong>Deva<\/strong>: Ieteicam\u0101 deva: Viena kapsula dien\u0101, uzdzerot lielu daudzumu \u016bdens.<\/div>\n<div><\/div>\n<div><strong>Uzglab\u0101\u0161anas apst\u0101k\u013ci:<\/strong><\/div>\n<div><\/div>\n<div>Uzglab\u0101t v\u0113s\u0101, saus\u0101 viet\u0101. Sarg\u0101t no b\u0113rniem.<\/div>\n<div><\/div>\n<div>Ra\u017eot\u0101js: SIA Matrixsoftlabs<\/div>\n<div>Neto daudzums: 90 kapsulas.<\/div>\n<div>Ieteicams l\u012bdz (der\u012bguma termi\u0146\u0161): Ieteicams l\u012bdz datumam, kas nor\u0101d\u012bts iepakojuma s\u0101nos, aug\u0161pus\u0113 vai apak\u0161\u0101.<\/div>\n<div><\/div>\n<div><strong>Br\u012bdin\u0101jums:<\/strong><\/div>\n<div><\/div>\n<div>Uztura bag\u0101tin\u0101t\u0101js neaizst\u0101j p\u0101rtiku. Svar\u012bgs ir daudzveid\u012bgs un sabalans\u0113ts uzturs un vesel\u012bgs dz\u012bvesveids. Ja esat gr\u016btniece, barojat b\u0113rnu ar kr\u016bti vai lietojat citas z\u0101les, pirms lieto\u0161anas konsult\u0113jieties ar \u0101rstu vai farmaceitu. Nep\u0101rsniedziet ieteicamo devu.<\/div>\n","protected":false},"excerpt":{"rendered":"<div>VitalHarmony magnija citr\u0101ts ir viena no vislab\u0101k absorb\u0113jamaj\u0101m magnija form\u0101m<\/div>\n<div><\/div>\n<div><strong>Galven\u0101s \u012bpa\u0161\u012bbas:<\/strong><\/div>\n<div><\/div>\n<div><strong>Magnijs:<\/strong><\/div>\n<div><\/div>\n<ul>\n<li>Samazina nogurumu<\/li>\n<li>Uztur elektrol\u012btu l\u012bdzsvaru<\/li>\n<li>Veicina ener\u0123ijas metabolismu<\/li>\n<li>Atbalsta nervu sist\u0113mas darb\u012bbu<\/li>\n<li>Atbalsta musku\u013cu darb\u012bbu<\/li>\n<li>Pal\u012bdz olbaltumvielu sint\u0113z\u0113<\/li>\n<li>Atbalsta psiholo\u0123isk\u0101s funkcijas<\/li>\n<li>Atbalsta kaulu vesel\u012bbu<\/li>\n<li>Atbalsta zobu vesel\u012bbu<\/li>\n<li>Piedal\u0101s \u0161\u016bnu dal\u012b\u0161an\u0101s proces\u0101<\/li>\n<\/ul>\n","protected":false},"featured_media":42667,"comment_status":"open","ping_status":"closed","template":"","meta":{"inline_featured_image":false},"product_brand":[],"product_cat":[161,151],"product_tag":[],"class_list":{"0":"post-42688","1":"product","2":"type-product","3":"status-publish","4":"has-post-thumbnail","6":"product_cat-akcijas","7":"product_cat-nervu-sistema","9":"first","10":"instock","11":"sale","12":"shipping-taxable","13":"purchasable","14":"product-type-simple"},"_links":{"self":[{"href":"https:\/\/loosen.lt\/lv\/wp-json\/wp\/v2\/product\/42688","targetHints":{"allow":["GET"]}}],"collection":[{"href":"https:\/\/loosen.lt\/lv\/wp-json\/wp\/v2\/product"}],"about":[{"href":"https:\/\/loosen.lt\/lv\/wp-json\/wp\/v2\/types\/product"}],"replies":[{"embeddable":true,"href":"https:\/\/loosen.lt\/lv\/wp-json\/wp\/v2\/comments?post=42688"}],"wp:featuredmedia":[{"embeddable":true,"href":"https:\/\/loosen.lt\/lv\/wp-json\/wp\/v2\/media\/42667"}],"wp:attachment":[{"href":"https:\/\/loosen.lt\/lv\/wp-json\/wp\/v2\/media?parent=42688"}],"wp:term":[{"taxonomy":"product_brand","embeddable":true,"href":"https:\/\/loosen.lt\/lv\/wp-json\/wp\/v2\/product_brand?post=42688"},{"taxonomy":"product_cat","embeddable":true,"href":"https:\/\/loosen.lt\/lv\/wp-json\/wp\/v2\/product_cat?post=42688"},{"taxonomy":"product_tag","embeddable":true,"href":"https:\/\/loosen.lt\/lv\/wp-json\/wp\/v2\/product_tag?post=42688"}],"curies":[{"name":"wp","href":"https:\/\/api.w.org\/{rel}","templated":true}]}}