{"id":42707,"date":"2026-01-06T10:59:52","date_gmt":"2026-01-06T10:59:52","guid":{"rendered":"https:\/\/loosen.lt\/produktas\/dabas-nama-multivitamini-multivit-100-n90\/"},"modified":"2026-01-06T10:59:52","modified_gmt":"2026-01-06T10:59:52","slug":"dabas-nama-multivitamini-multivit-100-n90","status":"publish","type":"product","link":"https:\/\/loosen.lt\/lv\/produkts\/dabas-nama-multivitamini-multivit-100-n90\/","title":{"rendered":"Dabas nama multivitam\u012bni MULTIVIT 100% N90"},"content":{"rendered":"<p><strong>Sast\u0101vda\u013cas<\/strong>: saulespu\u0137u e\u013c\u013ca, \u017eelat\u012bns, magnija oks\u012bds, kalcija fosf\u0101ts, glicer\u012bns (mitruma saglab\u0101\u0161anai), L-askorb\u012bnsk\u0101be, bi\u0161u vasks (glaz\u0113\u0161anai), inozitols, dzelzs sulf\u0101ts, cinka sulf\u0101ts, sojas lecit\u012bns (emulgators), D-alfa-tokoferols, nikot\u012bnam\u012bds, dzelzs oks\u012bds (kr\u0101sviela), kalcija D-pantoten\u0101ts, mang\u0101na sulf\u0101ts, retinilpalmit\u0101ts, vara sulf\u0101ts, cianokobalam\u012bns, holekalciferols, piridoks\u012bna hidrohlor\u012bds, riboflav\u012bns, tiam\u012bna mononitr\u0101ts, k\u0101lija jod\u012bds, pteroilmonoglutam\u012bnsk\u0101be (folsk\u0101be), n\u0101trija molibd\u0101ts, n\u0101trija selen\u012bts, D-biot\u012bns.<\/p>\n<p>&nbsp;<\/p>\n<table>\n<tbody>\n<tr>\n<td width=\"388\">Uzturv\u0113rt\u012bba, RMV*, %<\/td>\n<td width=\"388\">&nbsp;<\/td>\n<td width=\"388\">&nbsp;<\/td>\n<\/tr>\n<tr>\n<td width=\"388\">A vitam\u012bns<\/td>\n<td width=\"388\">800 \u00b5g RE<\/td>\n<td width=\"388\">100<\/td>\n<\/tr>\n<tr>\n<td width=\"388\">Tiam\u012bns (B1 vitam\u012bns)<\/td>\n<td width=\"388\">1,1mg<\/td>\n<td width=\"388\">100<\/td>\n<\/tr>\n<tr>\n<td width=\"388\">Riboflav\u012bns (B2 vitam\u012bns)<\/td>\n<td width=\"388\">1,4mg<\/td>\n<td width=\"388\">100<\/td>\n<\/tr>\n<tr>\n<td width=\"388\">Niac\u012bns (B3 vitam\u012bns)<\/td>\n<td width=\"388\">16mg NE<\/td>\n<td width=\"388\">100<\/td>\n<\/tr>\n<tr>\n<td width=\"388\">Pantot\u0113nsk\u0101be (B5 vitam\u012bns)<\/td>\n<td width=\"388\">6mg<\/td>\n<td width=\"388\">100<\/td>\n<\/tr>\n<tr>\n<td width=\"388\">B6 vitam\u012bns<\/td>\n<td width=\"388\">1,4mg<\/td>\n<td width=\"388\">100<\/td>\n<\/tr>\n<tr>\n<td width=\"388\">Biot\u012bns (B7 vitam\u012bns)<\/td>\n<td width=\"388\">50 \u00b5g<\/td>\n<td width=\"388\">100<\/td>\n<\/tr>\n<tr>\n<td width=\"388\">Folijsk\u0101be (B9 vitam\u012bns)<\/td>\n<td width=\"388\">200 \u00b5g<\/td>\n<td width=\"388\">100<\/td>\n<\/tr>\n<tr>\n<td width=\"388\">Vitam\u012bns B12<\/td>\n<td width=\"388\">2,5 \u00b5g<\/td>\n<td width=\"388\">100<\/td>\n<\/tr>\n<tr>\n<td width=\"388\">C vitam\u012bns<\/td>\n<td width=\"388\">80mg<\/td>\n<td width=\"388\">100<\/td>\n<\/tr>\n<tr>\n<td width=\"388\">D vitam\u012bns<\/td>\n<td width=\"388\">5 \u00b5g<\/td>\n<td width=\"388\">100<\/td>\n<\/tr>\n<tr>\n<td width=\"388\">E vitam\u012bns<\/td>\n<td width=\"388\">12 mg \u03b1-TE<\/td>\n<td width=\"388\">100<\/td>\n<\/tr>\n<tr>\n<td width=\"388\">Jods<\/td>\n<td width=\"388\">150 \u00b5g<\/td>\n<td width=\"388\">100<\/td>\n<\/tr>\n<tr>\n<td width=\"388\">Dzelzs<\/td>\n<td width=\"388\">14mg<\/td>\n<td width=\"388\">100<\/td>\n<\/tr>\n<tr>\n<td width=\"388\">Cinks<\/td>\n<td width=\"388\">10mg<\/td>\n<td width=\"388\">100<\/td>\n<\/tr>\n<tr>\n<td width=\"388\">Var\u0161<\/td>\n<td width=\"388\">1mg<\/td>\n<td width=\"388\">100<\/td>\n<\/tr>\n<tr>\n<td width=\"388\">Mang\u0101ns<\/td>\n<td width=\"388\">2mg<\/td>\n<td width=\"388\">100<\/td>\n<\/tr>\n<tr>\n<td width=\"388\">Molibd\u0113ns<\/td>\n<td width=\"388\">50 \u00b5g<\/td>\n<td width=\"388\">100<\/td>\n<\/tr>\n<tr>\n<td width=\"388\">Sel\u0113ns<\/td>\n<td width=\"388\">55 \u00b5g<\/td>\n<td width=\"388\">100<\/td>\n<\/tr>\n<tr>\n<td width=\"388\">Magnijs<\/td>\n<td width=\"388\">100mg<\/td>\n<td width=\"388\">27<\/td>\n<\/tr>\n<tr>\n<td width=\"388\">Inozitols<\/td>\n<td width=\"388\">50mg<\/td>\n<td width=\"388\">**<\/td>\n<\/tr>\n<tr>\n<td width=\"388\">* \u2013 atsauces uzturv\u0113rt\u012bba (RNV).<\/td>\n<td width=\"388\">&nbsp;<\/td>\n<td width=\"388\">&nbsp;<\/td>\n<\/tr>\n<tr>\n<td width=\"388\">** \u2013 uzturv\u0113rt\u012bbas atsauces v\u0113rt\u012bba nav noteikta.<\/td>\n<td width=\"388\">&nbsp;<\/td>\n<td width=\"388\">&nbsp;<\/td>\n<\/tr>\n<\/tbody>\n<\/table>\n<p>&nbsp;<\/p>\n<div><strong>Lieto\u0161ana<\/strong>: Lietot 1 kapsulu dien\u0101. Piem\u0113rots person\u0101m, kas vec\u0101kas par 12 gadiem.<\/div>\n<div><\/div>\n<div><strong>Uzglab\u0101\u0161anas apst\u0101k\u013ci:<\/strong><\/div>\n<div><\/div>\n<div>Uzglab\u0101t v\u0113s\u0101, saus\u0101 viet\u0101. Sarg\u0101t no b\u0113rniem.<\/div>\n<div><\/div>\n<div>Ra\u017eot\u0101js: UAB \u201cDomus Naturae\u201d<\/div>\n<div><\/div>\n<div>Neto daudzums: 151,4 g.<\/div>\n<div><\/div>\n<div>Ieteicams l\u012bdz (der\u012bguma termi\u0146\u0161): ieteicams l\u012bdz datumam, kas nor\u0101d\u012bts iepakojuma s\u0101nos, aug\u0161pus\u0113 vai apak\u0161\u0101.<\/div>\n<div><\/div>\n<div><strong>Br\u012bdin\u0101jums:<\/strong><\/div>\n<div><\/div>\n<div>Uztura bag\u0101tin\u0101t\u0101js neaizst\u0101j uzturu. Svar\u012bgs ir daudzveid\u012bgs un sabalans\u0113ts uzturs un vesel\u012bgs dz\u012bvesveids. Ja esat gr\u016btniece, barojat b\u0113rnu ar kr\u016bti vai lietojat citas z\u0101les, pirms lieto\u0161anas konsult\u0113jieties ar \u0101rstu vai farmaceitu. Nep\u0101rsniedziet ieteicamo devu.<\/div>\n","protected":false},"excerpt":{"rendered":"<div>Nature&#8217;s Home multivitam\u012bni &#8211; ikdienas uztura bag\u0101tin\u0101t\u0101js, kas satur vitam\u012bnus, miner\u0101lvielas un mikroelementus, kas pal\u012bdz uztur\u0113t organisma funkcijas<\/div>\n<div><\/div>\n<div><strong>Galven\u0101s \u012bpa\u0161\u012bbas:<\/strong><\/div>\n<div><\/div>\n<ul>\n<li>Atbalsta ener\u0123ijas ra\u017eo\u0161anu<\/li>\n<li>Atbalsta hormonu ra\u017eo\u0161anu<\/li>\n<li>Atbalsta im\u016bnsist\u0113mu<\/li>\n<li>Atbalsta asinsriti<\/li>\n<li>Veicina nervu sist\u0113mas darb\u012bbu<\/li>\n<li>Atbalsta redzi<\/li>\n<\/ul>\n","protected":false},"featured_media":42700,"comment_status":"open","ping_status":"closed","template":"","meta":{"inline_featured_image":false},"product_brand":[],"product_cat":[161,143],"product_tag":[],"class_list":{"0":"post-42707","1":"product","2":"type-product","3":"status-publish","4":"has-post-thumbnail","6":"product_cat-akcijas","7":"product_cat-vispareja-veseliba","9":"first","10":"instock","11":"sale","12":"shipping-taxable","13":"purchasable","14":"product-type-simple"},"_links":{"self":[{"href":"https:\/\/loosen.lt\/lv\/wp-json\/wp\/v2\/product\/42707","targetHints":{"allow":["GET"]}}],"collection":[{"href":"https:\/\/loosen.lt\/lv\/wp-json\/wp\/v2\/product"}],"about":[{"href":"https:\/\/loosen.lt\/lv\/wp-json\/wp\/v2\/types\/product"}],"replies":[{"embeddable":true,"href":"https:\/\/loosen.lt\/lv\/wp-json\/wp\/v2\/comments?post=42707"}],"wp:featuredmedia":[{"embeddable":true,"href":"https:\/\/loosen.lt\/lv\/wp-json\/wp\/v2\/media\/42700"}],"wp:attachment":[{"href":"https:\/\/loosen.lt\/lv\/wp-json\/wp\/v2\/media?parent=42707"}],"wp:term":[{"taxonomy":"product_brand","embeddable":true,"href":"https:\/\/loosen.lt\/lv\/wp-json\/wp\/v2\/product_brand?post=42707"},{"taxonomy":"product_cat","embeddable":true,"href":"https:\/\/loosen.lt\/lv\/wp-json\/wp\/v2\/product_cat?post=42707"},{"taxonomy":"product_tag","embeddable":true,"href":"https:\/\/loosen.lt\/lv\/wp-json\/wp\/v2\/product_tag?post=42707"}],"curies":[{"name":"wp","href":"https:\/\/api.w.org\/{rel}","templated":true}]}}