{"id":42709,"date":"2025-12-23T12:23:38","date_gmt":"2025-12-23T12:23:38","guid":{"rendered":"https:\/\/loosen.lt\/produktas\/vitalharmony-nac-n-acetil-l-cisteins-90-kapsulas\/"},"modified":"2025-12-23T12:23:38","modified_gmt":"2025-12-23T12:23:38","slug":"vitalharmony-nac-n-acetil-l-cisteins-90-kapsulas","status":"publish","type":"product","link":"https:\/\/loosen.lt\/lv\/produkts\/vitalharmony-nac-n-acetil-l-cisteins-90-kapsulas\/","title":{"rendered":"VitalHarmony NAC (N-acetil-L-ciste\u012bns) &#8211; 90 kapsulas"},"content":{"rendered":"<div><strong>Sast\u0101vda\u013cas<\/strong>: mikrokrist\u0101lisk\u0101 celuloze, N-acetil-L-ciste\u012bns (NAC), kapsulas apvalks: liellopu \u017eelat\u012bns, att\u012br\u012bts \u016bdens.<\/div>\n<div><\/div>\n<div><strong>Var satur\u0113t alerg\u0113nu p\u0113das<\/strong>: pienu (ieskaitot laktozi), soju, zemesriekstus un citus riekstus, sezama s\u0113klas, glut\u0113nu saturo\u0161us graudaugus, olas, v\u0113\u017eveid\u012bgos un zivis.<\/div>\n<div><\/div>\n<div><\/div>\n<div>\n<table>\n<tbody>\n<tr>\n<td width=\"388\"><strong>Uzturv\u0113rt\u012bba<\/strong><\/td>\n<td width=\"388\"><strong>Vien\u0101 kapsul\u0101<\/strong><\/td>\n<\/tr>\n<tr>\n<td width=\"388\">N-acetil-L-ciste\u012bns (NAC)<\/td>\n<td width=\"388\">150mg<\/td>\n<\/tr>\n<\/tbody>\n<\/table>\n<\/div>\n<p>&nbsp;<\/p>\n<div><strong>Lieto\u0161ana<\/strong>: Lietot vienu kapsulu dien\u0101.<\/div>\n<div><\/div>\n<div><strong>Uzglab\u0101\u0161anas apst\u0101k\u013ci:<\/strong><\/div>\n<div><\/div>\n<div>Uzglab\u0101t v\u0113s\u0101, saus\u0101 viet\u0101. Sarg\u0101t no b\u0113rniem.<\/div>\n<div>Ra\u017eot\u0101js: SIA Matrixsoftlabs<\/div>\n<div>Neto daudzums: 90 kapsulas<\/div>\n<div>Der\u012bguma termi\u0146\u0161: Ieteicams lietot l\u012bdz datumam, kas nor\u0101d\u012bts iepakojuma s\u0101nos, aug\u0161pus\u0113 vai apak\u0161\u0101.<\/div>\n<div><\/div>\n<div><strong>Br\u012bdin\u0101jums:<\/strong><\/div>\n<div><\/div>\n<div>Uztura bag\u0101tin\u0101t\u0101js neaizst\u0101j uzturu. Svar\u012bgs ir daudzveid\u012bgs un sabalans\u0113ts uzturs un vesel\u012bgs dz\u012bvesveids. Ja esat gr\u016btniece, barojat b\u0113rnu ar kr\u016bti vai lietojat citas z\u0101les, pirms lieto\u0161anas konsult\u0113jieties ar \u0101rstu vai farmaceitu. Nep\u0101rsniedziet ieteicamo devu.<\/div>\n","protected":false},"excerpt":{"rendered":"<div>VitalHarmony NAC kapsula satur 150 mg N-acetil-L-ciste\u012bna (NAC), kas ir sp\u0113c\u012bgs antioksidants un glutationa prekursors.<\/div>\n<div><\/div>\n<div><strong>Galven\u0101s \u012bpa\u0161\u012bbas:<\/strong><\/div>\n<div><\/div>\n<ul>\n<li>Aizsardz\u012bba pret aknu boj\u0101jumiem (\u012bpa\u0161i p\u0113c paracetamola p\u0101rdoz\u0113\u0161anas).<\/li>\n<li>Antioksidanta \u012bpa\u0161\u012bbas un oksidat\u012bv\u0101 stresa atbalsts.<\/li>\n<li>Elpo\u0161anas ce\u013cu slim\u012bbas &#8211; g\u013cotu \u0161\u0137idrin\u0101\u0161ana.<\/li>\n<\/ul>\n","protected":false},"featured_media":42671,"comment_status":"open","ping_status":"closed","template":"","meta":{"inline_featured_image":false},"product_brand":[],"product_cat":[161,147],"product_tag":[],"class_list":{"0":"post-42709","1":"product","2":"type-product","3":"status-publish","4":"has-post-thumbnail","6":"product_cat-akcijas","7":"product_cat-ilgmuziba","9":"first","10":"instock","11":"sale","12":"shipping-taxable","13":"purchasable","14":"product-type-simple"},"_links":{"self":[{"href":"https:\/\/loosen.lt\/lv\/wp-json\/wp\/v2\/product\/42709","targetHints":{"allow":["GET"]}}],"collection":[{"href":"https:\/\/loosen.lt\/lv\/wp-json\/wp\/v2\/product"}],"about":[{"href":"https:\/\/loosen.lt\/lv\/wp-json\/wp\/v2\/types\/product"}],"replies":[{"embeddable":true,"href":"https:\/\/loosen.lt\/lv\/wp-json\/wp\/v2\/comments?post=42709"}],"wp:featuredmedia":[{"embeddable":true,"href":"https:\/\/loosen.lt\/lv\/wp-json\/wp\/v2\/media\/42671"}],"wp:attachment":[{"href":"https:\/\/loosen.lt\/lv\/wp-json\/wp\/v2\/media?parent=42709"}],"wp:term":[{"taxonomy":"product_brand","embeddable":true,"href":"https:\/\/loosen.lt\/lv\/wp-json\/wp\/v2\/product_brand?post=42709"},{"taxonomy":"product_cat","embeddable":true,"href":"https:\/\/loosen.lt\/lv\/wp-json\/wp\/v2\/product_cat?post=42709"},{"taxonomy":"product_tag","embeddable":true,"href":"https:\/\/loosen.lt\/lv\/wp-json\/wp\/v2\/product_tag?post=42709"}],"curies":[{"name":"wp","href":"https:\/\/api.w.org\/{rel}","templated":true}]}}