{"id":42711,"date":"2025-12-23T12:14:27","date_gmt":"2025-12-23T12:14:27","guid":{"rendered":"https:\/\/loosen.lt\/produktas\/matcha-latte-kokosrieksts-50g\/"},"modified":"2025-12-23T12:14:27","modified_gmt":"2025-12-23T12:14:27","slug":"matcha-latte-kokosrieksts-50g","status":"publish","type":"product","link":"https:\/\/loosen.lt\/lv\/produkts\/matcha-latte-kokosrieksts-50g\/","title":{"rendered":"Matcha Latte &#8211; Kokosrieksts 50g"},"content":{"rendered":"<div><strong>Par ma\u010das t\u0113ju:<\/strong><\/div>\n<div><\/div>\n<ul>\n<li>Ma\u010da, kokosriekstu cukurs un dab\u012bg\u0101 kokosriekstu gar\u0161a veido perfektu kombin\u0101ciju.<\/li>\n<li>Bag\u0101tin\u0101ta ar L-tean\u012bnu.<\/li>\n<li>Bag\u0101ta ar antioksidantiem un aminosk\u0101b\u0113m, kas pozit\u012bvi ietekm\u0113 organismu.<\/li>\n<li>Augu izcelsmes, t\u012bra un bez jebk\u0101d\u0101m m\u0101ksl\u012bg\u0101m piedev\u0101m.<\/li>\n<li>Lieliski piem\u0113rota latte, frappe, desertiem un augst\u0101k\u0101s kvalit\u0101tes dz\u0113rienu \u0113dienkart\u0113m.<\/li>\n<\/ul>\n<div><\/div>\n<div><strong>Sast\u0101vda\u013cas<\/strong>: kokosriekstu ziedu cukurs, ma\u010das t\u0113ja, kokosriekstu gar\u0161a.<\/div>\n<div><\/div>\n<div>\n<table>\n<tbody>\n<tr>\n<td width=\"388\">Uzturv\u0113rt\u012bba<\/td>\n<td width=\"388\">100g<\/td>\n<\/tr>\n<tr>\n<td width=\"388\">Ener\u0123ija<\/td>\n<td width=\"388\">1474 kJ \/ 351 kcal<\/td>\n<\/tr>\n<tr>\n<td width=\"388\">Tauki<\/td>\n<td width=\"388\">1,0<\/td>\n<\/tr>\n<tr>\n<td width=\"388\">No tiem pies\u0101tin\u0101tie tauki<\/td>\n<td width=\"388\">0<\/td>\n<\/tr>\n<tr>\n<td width=\"388\">Og\u013chidr\u0101ti<\/td>\n<td width=\"388\">80,3<\/td>\n<\/tr>\n<tr>\n<td width=\"388\">No tiem cukuri<\/td>\n<td width=\"388\">65,9<\/td>\n<\/tr>\n<tr>\n<td width=\"388\">Olbaltumvielas<\/td>\n<td width=\"388\">5,4<\/td>\n<\/tr>\n<tr>\n<td width=\"388\">S\u0101ls<\/td>\n<td width=\"388\">0,2<\/td>\n<\/tr>\n<\/tbody>\n<\/table>\n<\/div>\n<p>&nbsp;<\/p>\n<div><strong>Pagatavo\u0161anas metode:<\/strong><\/div>\n<div><\/div>\n<div>5 g \/ 60 ml \u016bdens (70 \u00b0C)<\/div>\n<div><\/div>\n<div>Saputojiet ar bambusa sloti\u0146u l\u012bdz gludai masai un pievienojiet 200 ml silta piena, mande\u013cu vai kokosriekstu dz\u0113riena.<\/div>\n<div><\/div>\n<div><strong>Uzglab\u0101\u0161anas apst\u0101k\u013ci:<\/strong><\/div>\n<div><\/div>\n<div>Uzglab\u0101t v\u0113s\u0101, saus\u0101 viet\u0101. Sarg\u0101t no b\u0113rniem.<\/div>\n<div><\/div>\n<div>Svars: 50 g<\/div>\n<div><\/div>\n<div>Partijas Nr.: 405002<\/div>\n<div><\/div>\n<div>Izplat\u012bt\u0101js: MB West Trade, Savanori\u0173 pr. 1, LT-03116 Vi\u013c\u0146a<\/div>\n<div><\/div>\n<div>Der\u012bguma termi\u0146\u0161: 2 gadi no ra\u017eo\u0161anas datuma (skat\u012bt uz iepakojuma).<\/div>\n","protected":false},"excerpt":{"rendered":"<div>&#8220;Matcha Latte Coconut&#8221; &#8211; izsmalcin\u0101ts un gards dz\u0113riens, kas apvieno jap\u0101\u0146u ma\u010du, kokosriekstu ziedu cukuru un kokosriekstu arom\u0101tu, pie\u0161\u0137irot harmonisku un siltu gar\u0161u.<\/div>\n<div><\/div>\n<div><strong>Galven\u0101s \u012bpa\u0161\u012bbas:<\/strong><\/div>\n<div><\/div>\n<ul>\n<li>Ener\u0123ijas avots<\/li>\n<li>Antioksidantu avots<\/li>\n<li>Atbalsta gar\u012bgo aktivit\u0101ti<\/li>\n<li>Uzlabo sirds darb\u012bbu<\/li>\n<li>Pal\u012bdz uztur\u0113t \u0137erme\u0146a svaru<\/li>\n<li>Atbalsta imunit\u0101ti<\/li>\n<li>Tikpat daudz (vai pat vair\u0101k) kofe\u012bna k\u0101 kafija<\/li>\n<li>Ma\u010da nodro\u0161ina ener\u0123iju ilg\u0101k nek\u0101 kafija &#8211; bez p\u0113k\u0161\u0146iem ener\u0123ijas l\u0113cieniem un noguruma saj\u016btas.<\/li>\n<\/ul>\n","protected":false},"featured_media":42646,"comment_status":"open","ping_status":"closed","template":"","meta":{"inline_featured_image":false},"product_brand":[],"product_cat":[150],"product_tag":[],"class_list":{"0":"post-42711","1":"product","2":"type-product","3":"status-publish","4":"has-post-thumbnail","6":"product_cat-matcha-un-teja","8":"first","9":"instock","10":"shipping-taxable","11":"purchasable","12":"product-type-simple"},"_links":{"self":[{"href":"https:\/\/loosen.lt\/lv\/wp-json\/wp\/v2\/product\/42711","targetHints":{"allow":["GET"]}}],"collection":[{"href":"https:\/\/loosen.lt\/lv\/wp-json\/wp\/v2\/product"}],"about":[{"href":"https:\/\/loosen.lt\/lv\/wp-json\/wp\/v2\/types\/product"}],"replies":[{"embeddable":true,"href":"https:\/\/loosen.lt\/lv\/wp-json\/wp\/v2\/comments?post=42711"}],"wp:featuredmedia":[{"embeddable":true,"href":"https:\/\/loosen.lt\/lv\/wp-json\/wp\/v2\/media\/42646"}],"wp:attachment":[{"href":"https:\/\/loosen.lt\/lv\/wp-json\/wp\/v2\/media?parent=42711"}],"wp:term":[{"taxonomy":"product_brand","embeddable":true,"href":"https:\/\/loosen.lt\/lv\/wp-json\/wp\/v2\/product_brand?post=42711"},{"taxonomy":"product_cat","embeddable":true,"href":"https:\/\/loosen.lt\/lv\/wp-json\/wp\/v2\/product_cat?post=42711"},{"taxonomy":"product_tag","embeddable":true,"href":"https:\/\/loosen.lt\/lv\/wp-json\/wp\/v2\/product_tag?post=42711"}],"curies":[{"name":"wp","href":"https:\/\/api.w.org\/{rel}","templated":true}]}}