{"id":42742,"date":"2025-12-09T10:46:00","date_gmt":"2025-12-09T10:46:00","guid":{"rendered":"https:\/\/loosen.lt\/produktas\/vitalharmony-magnija-bisglicinats-90-kapsulas\/"},"modified":"2026-04-14T11:55:49","modified_gmt":"2026-04-14T11:55:49","slug":"vitalharmony-magnija-bisglicinats-90-kapsulas","status":"publish","type":"product","link":"https:\/\/loosen.lt\/lv\/produkts\/vitalharmony-magnija-bisglicinats-90-kapsulas\/","title":{"rendered":"VitalHarmony magnija bisglicin\u0101ts 90 kapsulas"},"content":{"rendered":"<div><strong>Sast\u0101vda\u013cas<\/strong>: magnija bisglicin\u0101ts, mikrokrist\u0101lisk\u0101 celuloze, liellopu \u017eelat\u012bns, att\u012br\u012bts \u016bdens.<\/div>\n<div><\/div>\n<div><strong>Var satur\u0113t alerg\u0113nu p\u0113das<\/strong>: pienu (ieskaitot laktozi), soju, zemesriekstus un citus riekstus, sezama s\u0113klas, glut\u0113nu saturo\u0161us graudaugus, olas, v\u0113\u017eveid\u012bgos un zivis.<\/div>\n<div><\/div>\n<div>\n<table>\n<tbody>\n<tr>\n<td width=\"388\">Uzturv\u0113rt\u012bba<\/td>\n<td width=\"388\">1 kapsula<\/td>\n<td width=\"388\">3 kapsulas<\/td>\n<\/tr>\n<tr>\n<td width=\"388\">Magnija bisglicin\u0101ts<\/td>\n<td width=\"388\">665mg<\/td>\n<td width=\"388\">1995mg<\/td>\n<\/tr>\n<tr>\n<td width=\"388\">no t\u0101 magnija<\/td>\n<td width=\"388\">133mg<\/td>\n<td width=\"388\">399mg<\/td>\n<\/tr>\n<tr>\n<td width=\"388\">NRW*<\/td>\n<td width=\"388\">35,5%<\/td>\n<td width=\"388\">106,5%<\/td>\n<\/tr>\n<\/tbody>\n<\/table>\n<\/div>\n<p>&nbsp;<\/p>\n<div><strong>Lieto\u0161ana<\/strong>: Lietot 1 kapsulu 1-3 reizes dien\u0101, uzdzerot lielu daudzumu \u016bdens.<\/div>\n<div><\/div>\n<div><strong>Uzglab\u0101\u0161anas apst\u0101k\u013ci:<\/strong><\/div>\n<div><\/div>\n<div>Uzglab\u0101t v\u0113s\u0101, saus\u0101 viet\u0101. Sarg\u0101t no b\u0113rniem.<\/div>\n<div>Ra\u017eot\u0101js: SIA Matrixsoftlabs<\/div>\n<div>Neto daudzums: 90 kapsulas.<\/div>\n<div>Ieteicams l\u012bdz (der\u012bguma termi\u0146\u0161): ieteicams l\u012bdz datumam, kas nor\u0101d\u012bts iepakojuma s\u0101nos, aug\u0161pus\u0113 vai apak\u0161\u0101.<\/div>\n<div><\/div>\n<div><strong>Br\u012bdin\u0101jums:<\/strong><\/div>\n<div><\/div>\n<div>Uztura bag\u0101tin\u0101t\u0101js neaizst\u0101j uzturu. Svar\u012bgs ir daudzveid\u012bgs un sabalans\u0113ts uzturs un vesel\u012bgs dz\u012bvesveids. Ja esat gr\u016btniece, barojat b\u0113rnu ar kr\u016bti vai lietojat citas z\u0101les, pirms lieto\u0161anas konsult\u0113jieties ar \u0101rstu vai farmaceitu. Nep\u0101rsniedziet ieteicamo devu.<\/div>\n","protected":false},"excerpt":{"rendered":"<div>VitalHarmony magnija bisglicin\u0101ts ir augst\u0101k\u0101s kvalit\u0101tes uztura bag\u0101tin\u0101t\u0101js, kas nodro\u0161ina optim\u0101lu magnija l\u012bmeni.<\/div>\n<div><\/div>\n<div><strong>Galven\u0101s \u012bpa\u0161\u012bbas:<\/strong><\/div>\n<div><\/div>\n<ul>\n<li>Magnijs pal\u012bdz mazin\u0101t nogurumu un nesp\u0113ku.<\/li>\n<li>Atbalsta norm\u0101lu musku\u013cu un nervu sist\u0113mas darb\u012bbu.<\/li>\n<li>Veicina kaulu un zobu vesel\u012bbu.<\/li>\n<li>Pal\u012bdz uztur\u0113t psiholo\u0123isk\u0101s funkcijas.<\/li>\n<\/ul>\n","protected":false},"featured_media":42607,"comment_status":"open","ping_status":"closed","template":"","meta":{"inline_featured_image":false},"product_brand":[],"product_cat":[161,144],"product_tag":[],"class_list":{"0":"post-42742","1":"product","2":"type-product","3":"status-publish","4":"has-post-thumbnail","6":"product_cat-akcijas","7":"product_cat-energija","9":"first","10":"instock","11":"sale","12":"shipping-taxable","13":"purchasable","14":"product-type-simple"},"_links":{"self":[{"href":"https:\/\/loosen.lt\/lv\/wp-json\/wp\/v2\/product\/42742","targetHints":{"allow":["GET"]}}],"collection":[{"href":"https:\/\/loosen.lt\/lv\/wp-json\/wp\/v2\/product"}],"about":[{"href":"https:\/\/loosen.lt\/lv\/wp-json\/wp\/v2\/types\/product"}],"replies":[{"embeddable":true,"href":"https:\/\/loosen.lt\/lv\/wp-json\/wp\/v2\/comments?post=42742"}],"wp:featuredmedia":[{"embeddable":true,"href":"https:\/\/loosen.lt\/lv\/wp-json\/wp\/v2\/media\/42607"}],"wp:attachment":[{"href":"https:\/\/loosen.lt\/lv\/wp-json\/wp\/v2\/media?parent=42742"}],"wp:term":[{"taxonomy":"product_brand","embeddable":true,"href":"https:\/\/loosen.lt\/lv\/wp-json\/wp\/v2\/product_brand?post=42742"},{"taxonomy":"product_cat","embeddable":true,"href":"https:\/\/loosen.lt\/lv\/wp-json\/wp\/v2\/product_cat?post=42742"},{"taxonomy":"product_tag","embeddable":true,"href":"https:\/\/loosen.lt\/lv\/wp-json\/wp\/v2\/product_tag?post=42742"}],"curies":[{"name":"wp","href":"https:\/\/api.w.org\/{rel}","templated":true}]}}