{"id":42744,"date":"2025-12-09T10:40:25","date_gmt":"2025-12-09T10:40:25","guid":{"rendered":"https:\/\/loosen.lt\/produktas\/vitalharmony-dzelzs-79-mg-90-kapsulas\/"},"modified":"2025-12-09T10:40:25","modified_gmt":"2025-12-09T10:40:25","slug":"vitalharmony-dzelzs-79-mg-90-kapsulas","status":"publish","type":"product","link":"https:\/\/loosen.lt\/lv\/produkts\/vitalharmony-dzelzs-79-mg-90-kapsulas\/","title":{"rendered":"VitalHarmony dzelzs 79 mg &#8211; 90 kapsulas"},"content":{"rendered":"<div><strong>Sast\u0101vda\u013cas<\/strong>: mikroceluloze (k\u0101 pildviela), dzelzs sulf\u0101ta forma, HPMC (hidroksipropilmetilceluloze), kas izmantota kapsulas apvalk\u0101.<\/div>\n<div><\/div>\n<div><strong>Var satur\u0113t alerg\u0113nu p\u0113das<\/strong>: pienu (ieskaitot laktozi), soju, zemesriekstus un citus riekstus, sezama s\u0113klas, glut\u0113nu saturo\u0161us graudaugus, olas, v\u0113\u017eveid\u012bgos un zivis.<\/div>\n<div><\/div>\n<div>\n<table>\n<tbody>\n<tr>\n<td width=\"388\"><strong>Uzturv\u0113rt\u012bba<\/strong><\/td>\n<td width=\"388\"><strong>1 kapsula<\/strong><\/td>\n<td width=\"388\"><strong>% NRL*<\/strong><\/td>\n<\/tr>\n<tr>\n<td width=\"388\">Dzelzs sulf\u0101ts<\/td>\n<td width=\"388\">79mg<\/td>\n<td width=\"388\">&nbsp;<\/td>\n<\/tr>\n<tr>\n<td width=\"388\">no kura dzelzs<\/td>\n<td width=\"388\">14mg<\/td>\n<td width=\"388\">100.0%<\/td>\n<\/tr>\n<\/tbody>\n<\/table>\n<\/div>\n<div>Piez\u012bme: *NRV (uzturvielu atsauces v\u0113rt\u012bba)<\/div>\n<div><\/div>\n<div><strong>Lieto\u0161ana<\/strong>: Lietojiet vienu kapsulu dien\u0101, uzdzerot lielu daudzumu \u016bdens.<\/div>\n<div><\/div>\n<div><strong>Uzglab\u0101\u0161anas apst\u0101k\u013ci:<\/strong><\/div>\n<div><\/div>\n<div>Uzglab\u0101t v\u0113s\u0101, saus\u0101 viet\u0101. Sarg\u0101t no b\u0113rniem.<\/div>\n<div><\/div>\n<div>Ra\u017eot\u0101js: SIA Matrixsoftlabs<\/div>\n<div>Neto saturs: 90 kapsulas.<\/div>\n<div>Ieteicams l\u012bdz (der\u012bguma termi\u0146\u0161): Ieteicams l\u012bdz datumam, kas nor\u0101d\u012bts iepakojuma s\u0101nos, aug\u0161pus\u0113 vai apak\u0161\u0101.<\/div>\n<div><\/div>\n<div><strong>Br\u012bdin\u0101jums:<\/strong><\/div>\n<div><\/div>\n<div>Uztura bag\u0101tin\u0101t\u0101js neaizst\u0101j p\u0101rtiku. Svar\u012bgs ir daudzveid\u012bgs un sabalans\u0113ts uzturs un vesel\u012bgs dz\u012bvesveids. Ja esat gr\u016btniece, barojat b\u0113rnu ar kr\u016bti vai lietojat citas z\u0101les, pirms lieto\u0161anas konsult\u0113jieties ar \u0101rstu vai farmaceitu. Nep\u0101rsniedziet ieteicamo devu.<\/div>\n","protected":false},"excerpt":{"rendered":"<div>VitalHarmony Iron \u2013 efekt\u012bvs un augstas kvalit\u0101tes uztura bag\u0101tin\u0101t\u0101js, kas pal\u012bdz uztur\u0113t dzelzs defic\u012btu organism\u0101<\/div>\n<div><\/div>\n<div><strong>Galven\u0101s \u012bpa\u0161\u012bbas:<\/strong><\/div>\n<div><\/div>\n<ul>\n<li>Pal\u012bdz uztur\u0113t norm\u0101lu asins funkciju<\/li>\n<li>Dzelzs ir svar\u012bga hemoglob\u012bna sast\u0101vda\u013ca, kas transport\u0113 sk\u0101bekli asin\u012bs uz audiem un org\u0101niem<\/li>\n<li>Pal\u012bdz mazin\u0101t nogurumu un nesp\u0113ku, \u012bpa\u0161i t\u0101 defic\u012bta gad\u012bjum\u0101 organism\u0101<\/li>\n<li>Pal\u012bdz uztur\u0113t norm\u0101lu ener\u0123ijas metabolismu un mazin\u0101t nogurumu<\/li>\n<\/ul>\n","protected":false},"featured_media":42616,"comment_status":"open","ping_status":"closed","template":"","meta":{"inline_featured_image":false},"product_brand":[],"product_cat":[161,158],"product_tag":[],"class_list":{"0":"post-42744","1":"product","2":"type-product","3":"status-publish","4":"has-post-thumbnail","6":"product_cat-akcijas","7":"product_cat-sirds-un-asins-plusma","9":"first","10":"instock","11":"sale","12":"shipping-taxable","13":"purchasable","14":"product-type-simple"},"_links":{"self":[{"href":"https:\/\/loosen.lt\/lv\/wp-json\/wp\/v2\/product\/42744","targetHints":{"allow":["GET"]}}],"collection":[{"href":"https:\/\/loosen.lt\/lv\/wp-json\/wp\/v2\/product"}],"about":[{"href":"https:\/\/loosen.lt\/lv\/wp-json\/wp\/v2\/types\/product"}],"replies":[{"embeddable":true,"href":"https:\/\/loosen.lt\/lv\/wp-json\/wp\/v2\/comments?post=42744"}],"wp:featuredmedia":[{"embeddable":true,"href":"https:\/\/loosen.lt\/lv\/wp-json\/wp\/v2\/media\/42616"}],"wp:attachment":[{"href":"https:\/\/loosen.lt\/lv\/wp-json\/wp\/v2\/media?parent=42744"}],"wp:term":[{"taxonomy":"product_brand","embeddable":true,"href":"https:\/\/loosen.lt\/lv\/wp-json\/wp\/v2\/product_brand?post=42744"},{"taxonomy":"product_cat","embeddable":true,"href":"https:\/\/loosen.lt\/lv\/wp-json\/wp\/v2\/product_cat?post=42744"},{"taxonomy":"product_tag","embeddable":true,"href":"https:\/\/loosen.lt\/lv\/wp-json\/wp\/v2\/product_tag?post=42744"}],"curies":[{"name":"wp","href":"https:\/\/api.w.org\/{rel}","templated":true}]}}