{"id":42748,"date":"2025-12-09T10:37:09","date_gmt":"2025-12-09T10:37:09","guid":{"rendered":"https:\/\/loosen.lt\/produktas\/vitalharmony-multi-pro-premium-multivitamini-90-kapsulas\/"},"modified":"2025-12-09T10:37:09","modified_gmt":"2025-12-09T10:37:09","slug":"vitalharmony-multi-pro-premium-multivitamini-90-kapsulas","status":"publish","type":"product","link":"https:\/\/loosen.lt\/lv\/produkts\/vitalharmony-multi-pro-premium-multivitamini-90-kapsulas\/","title":{"rendered":"VitalHarmony Multi Pro &#8211; Premium multivitam\u012bni 90 kapsulas"},"content":{"rendered":"<p><strong>Var satur\u0113t alerg\u0113nu p\u0113das:<\/strong> pienu (ieskaitot laktozi), soju, zemesriekstus un citus riekstus, sezama s\u0113klas, glut\u0113nu saturo\u0161us graudaugus, olas, v\u0113\u017eveid\u012bgos un zivis.<\/p>\n<table>\n<tbody>\n<tr>\n<td width=\"214\">Uzturv\u0113rt\u012bba<\/td>\n<td width=\"214\">Daudzums vien\u0101 porcij\u0101 (2 kapsulas)<\/td>\n<td width=\"214\">% NRL*<\/td>\n<\/tr>\n<tr>\n<td width=\"214\">C vitam\u012bns<\/td>\n<td width=\"214\">300mg<\/td>\n<td width=\"214\">375.0%<\/td>\n<\/tr>\n<tr>\n<td width=\"214\">D3 vitam\u012bns<\/td>\n<td width=\"214\">12 \u03bcg<\/td>\n<td width=\"214\">240.0%<\/td>\n<\/tr>\n<tr>\n<td width=\"214\">E vitam\u012bns (\u03b1TE)<\/td>\n<td width=\"214\">30mg<\/td>\n<td width=\"214\">250.0%<\/td>\n<\/tr>\n<tr>\n<td width=\"214\">Tiam\u012bns (B1 vitam\u012bns)<\/td>\n<td width=\"214\">20mg<\/td>\n<td width=\"214\">1,818.2%<\/td>\n<\/tr>\n<tr>\n<td width=\"214\">Riboflav\u012bns (B2 vitam\u012bns)<\/td>\n<td width=\"214\">20mg<\/td>\n<td width=\"214\">1,428.6%<\/td>\n<\/tr>\n<tr>\n<td width=\"214\">Niac\u012bns (B3 vitam\u012bns)<\/td>\n<td width=\"214\">35mg NE<\/td>\n<td width=\"214\">218.8%<\/td>\n<\/tr>\n<tr>\n<td width=\"214\">Pantot\u0113nsk\u0101be (B5)<\/td>\n<td width=\"214\">15mg<\/td>\n<td width=\"214\">250.0%<\/td>\n<\/tr>\n<tr>\n<td width=\"214\">B6 vitam\u012bns<\/td>\n<td width=\"214\">6mg<\/td>\n<td width=\"214\">428.6%<\/td>\n<\/tr>\n<tr>\n<td width=\"214\">Vitam\u012bns B12<\/td>\n<td width=\"214\">25 \u03bcg<\/td>\n<td width=\"214\">1,000.0%<\/td>\n<\/tr>\n<tr>\n<td width=\"214\">Folijsk\u0101be<\/td>\n<td width=\"214\">200 \u03bcg<\/td>\n<td width=\"214\">100.0%<\/td>\n<\/tr>\n<tr>\n<td width=\"214\">Biot\u012bns<\/td>\n<td width=\"214\">50 \u03bcg<\/td>\n<td width=\"214\">100.0%<\/td>\n<\/tr>\n<tr>\n<td width=\"214\">A vitam\u012bns (RE)<\/td>\n<td width=\"214\">800 \u03bcg<\/td>\n<td width=\"214\">100.0%<\/td>\n<\/tr>\n<tr>\n<td width=\"214\">K\u0101lijs<\/td>\n<td width=\"214\">300mg<\/td>\n<td width=\"214\">15.0%<\/td>\n<\/tr>\n<tr>\n<td width=\"214\">Kalcijs<\/td>\n<td width=\"214\">150mg<\/td>\n<td width=\"214\">18.8%<\/td>\n<\/tr>\n<tr>\n<td width=\"214\">Magnijs<\/td>\n<td width=\"214\">35mg<\/td>\n<td width=\"214\">17.3%<\/td>\n<\/tr>\n<tr>\n<td width=\"214\">Dzelzs<\/td>\n<td width=\"214\">5mg<\/td>\n<td width=\"214\">35.7%<\/td>\n<\/tr>\n<tr>\n<td width=\"214\">Dzelzs<\/td>\n<td width=\"214\">15mg<\/td>\n<td width=\"214\">150.0%<\/td>\n<\/tr>\n<tr>\n<td width=\"214\">Var\u0161<\/td>\n<td width=\"214\">0,6mg<\/td>\n<td width=\"214\">60.0%<\/td>\n<\/tr>\n<tr>\n<td width=\"214\">Mang\u0101ns<\/td>\n<td width=\"214\">1,8mg<\/td>\n<td width=\"214\">90.0%<\/td>\n<\/tr>\n<tr>\n<td width=\"214\">Sel\u0113ns<\/td>\n<td width=\"214\">180 \u03bcg<\/td>\n<td width=\"214\">145.5%<\/td>\n<\/tr>\n<tr>\n<td width=\"214\">Hroms<\/td>\n<td width=\"214\">6 \u03bcg<\/td>\n<td width=\"214\">15.0%<\/td>\n<\/tr>\n<tr>\n<td width=\"214\">Jods<\/td>\n<td width=\"214\">22,5 \u03bcg<\/td>\n<td width=\"214\">15.0%<\/td>\n<\/tr>\n<\/tbody>\n<\/table>\n<div>*NRV: Uzturvielu atsauces v\u0113rt\u012bbas<\/div>\n<div><\/div>\n<div>\u03b1TE: Alfa-tokoferola ekvivalents<\/div>\n<div><\/div>\n<div>NE: Niac\u012bna ekvivalents<\/div>\n<div><\/div>\n<div>RE: Retinola ekvivalents<\/div>\n<div><\/div>\n<div><strong>Lieto\u0161ana:<\/strong> Lietojiet 2 kapsulas dien\u0101, uzdzerot lielu daudzumu \u016bdens. Iev\u0113rojiet ieteicamo devu un nep\u0101rsniedziet to.<\/div>\n<div><\/div>\n<div><strong>Uzglab\u0101\u0161anas apst\u0101k\u013ci:<\/strong><\/div>\n<div><\/div>\n<div>Uzglab\u0101t v\u0113s\u0101, saus\u0101 viet\u0101. Sarg\u0101t no b\u0113rniem.<\/div>\n<div>Ra\u017eot\u0101js: SIA Matrixsoftlabs<\/div>\n<div>Neto saturs: 90 kapsulas.<\/div>\n<div>Ieteicams l\u012bdz (der\u012bguma termi\u0146\u0161): Ieteicams l\u012bdz datumam, kas nor\u0101d\u012bts iepakojuma s\u0101nos, aug\u0161pus\u0113 vai apak\u0161\u0101.<\/div>\n<div><\/div>\n<div><strong>Br\u012bdin\u0101jums:<\/strong><\/div>\n<div><\/div>\n<div>Uztura bag\u0101tin\u0101t\u0101js neaizst\u0101j p\u0101rtiku. Svar\u012bgs ir daudzveid\u012bgs un sabalans\u0113ts uzturs un vesel\u012bgs dz\u012bvesveids. Ja esat gr\u016btniece, barojat b\u0113rnu ar kr\u016bti vai lietojat citas z\u0101les, pirms lieto\u0161anas konsult\u0113jieties ar \u0101rstu vai farmaceitu. Nep\u0101rsniedziet ieteicamo devu.<\/div>\n","protected":false},"excerpt":{"rendered":"<div>VitalHarmony Multi Pro \u2013 augst\u0101k\u0101s kvalit\u0101tes multivitam\u012bnu komplekss<\/div>\n<div><\/div>\n<div><strong>Galven\u0101s \u012bpa\u0161\u012bbas:<\/strong><\/div>\n<div><\/div>\n<div><strong>C vitam\u012bns<\/strong><\/div>\n<div><\/div>\n<ul>\n<li>Atbalsta im\u016bnsist\u0113mas darb\u012bbu<\/li>\n<li>Aizsarg\u0101 \u0161\u016bnas no oksidat\u012bv\u0101 stresa<\/li>\n<\/ul>\n<div><\/div>\n<div><strong>D3 vitam\u012bns<\/strong><\/div>\n<div><\/div>\n<ul>\n<li>Veicina norm\u0101lu kaulu un musku\u013cu darb\u012bbu<\/li>\n<li>Pal\u012bdz uztur\u0113t norm\u0101lu im\u016bnsist\u0113mas aktivit\u0101ti<\/li>\n<\/ul>\n<div><\/div>\n<div><strong>E vitam\u012bns<\/strong><\/div>\n<div><\/div>\n<ul>\n<li>Pal\u012bdz aizsarg\u0101t \u0161\u016bnas no oksidat\u012bv\u0101 stresa<\/li>\n<\/ul>\n<div><\/div>\n<div><strong>Tiam\u012bns (B1 vitam\u012bns)<\/strong><\/div>\n<div><\/div>\n<ul>\n<li>Pal\u012bdz uztur\u0113t norm\u0101lu nervu sist\u0113mas darb\u012bbu<\/li>\n<li>Veicina norm\u0101lu ener\u0123ijas metabolismu<\/li>\n<\/ul>\n<div><\/div>\n<div><strong>Riboflav\u012bns (B2 vitam\u012bns)<\/strong><\/div>\n<div><\/div>\n<ul>\n<li>Pal\u012bdz uztur\u0113t norm\u0101lu \u0101das, acu un nervu sist\u0113mas darb\u012bbu<\/li>\n<li>Veicina ener\u0123ijas metabolismu<\/li>\n<\/ul>\n<div><\/div>\n<div><strong>Niac\u012bns (B3 vitam\u012bns)<\/strong><\/div>\n<div><\/div>\n<ul>\n<li>Pal\u012bdz uztur\u0113t norm\u0101lu \u0101das un nervu sist\u0113mas darb\u012bbu<\/li>\n<li>Veicina ener\u0123ijas metabolismu<\/li>\n<\/ul>\n<div><\/div>\n<div><strong>Pantot\u0113nsk\u0101be (B5)<\/strong><\/div>\n<div><\/div>\n<ul>\n<li>Pal\u012bdz mazin\u0101t nogurumu un nesp\u0113ku<\/li>\n<li>Veicina norm\u0101lu ener\u0123ijas metabolismu<\/li>\n<\/ul>\n<div><\/div>\n<div><strong>B6 vitam\u012bns<\/strong><\/div>\n<div><\/div>\n<ul>\n<li>Pal\u012bdz uztur\u0113t norm\u0101lu nervu sist\u0113mas darb\u012bbu<\/li>\n<li>Veicina norm\u0101lu olbaltumvielu un glikog\u0113na metabolismu<\/li>\n<\/ul>\n<div><\/div>\n<div><strong>Vitam\u012bns B12<\/strong><\/div>\n<div><\/div>\n<ul>\n<li>Veicina norm\u0101lu nervu sist\u0113mas darb\u012bbu<\/li>\n<li>Veicina noguruma mazin\u0101\u0161anu<\/li>\n<\/ul>\n<div><\/div>\n<div><strong>Folsk\u0101be<\/strong><\/div>\n<div><\/div>\n<ul>\n<li>Veicina norm\u0101lu asinsradi<\/li>\n<li>Mazina nogurumu<\/li>\n<\/ul>\n<div><\/div>\n<div><strong>Biot\u012bns<\/strong><\/div>\n<div><\/div>\n<ul>\n<li>Veicina norm\u0101lu matu, \u0101das un nagu vesel\u012bbu<\/li>\n<li>Veicina norm\u0101lu ener\u0123ijas metabolismu<\/li>\n<\/ul>\n<div><\/div>\n<div><strong>A vitam\u012bns<\/strong><\/div>\n<div><\/div>\n<ul>\n<li>Veicina norm\u0101lu redzi<\/li>\n<li>Veicina norm\u0101lu \u0101das vesel\u012bbu<\/li>\n<\/ul>\n<div><\/div>\n<div><strong>K\u0101lijs<\/strong><\/div>\n<div><\/div>\n<ul>\n<li>Veicina norm\u0101lu asinsspiedienu<\/li>\n<li>Veicina norm\u0101lu musku\u013cu darb\u012bbu<\/li>\n<\/ul>\n<div><strong>Kalcijs<\/strong><\/div>\n<div><\/div>\n<ul>\n<li>Veicina norm\u0101lu kaulu un zobu vesel\u012bbu<\/li>\n<li>Veicina norm\u0101lu musku\u013cu darb\u012bbu<\/li>\n<\/ul>\n<div><\/div>\n<div><strong>Magnijs<\/strong><\/div>\n<div><\/div>\n<ul>\n<li>Veicina norm\u0101lu musku\u013cu un nervu darb\u012bbu<\/li>\n<li>Veicina ener\u0123ijas metabolismu<\/li>\n<\/ul>\n<div><strong>Dzelzs<\/strong><\/div>\n<div><\/div>\n<ul>\n<li>Veicina norm\u0101lu sk\u0101bek\u013ca transport\u0113\u0161anu organism\u0101<\/li>\n<li>Veicina noguruma mazin\u0101\u0161anu<\/li>\n<\/ul>\n<div><\/div>\n<div><strong>Cinks<\/strong><\/div>\n<div><\/div>\n<ul>\n<li>Veicina norm\u0101lu im\u016bnsist\u0113mas darb\u012bbu<\/li>\n<li>Veicina norm\u0101lu \u0101das st\u0101vokli<\/li>\n<li>Aizsarg\u0101 \u0161\u016bnas no oksidat\u012bv\u0101 stresa<\/li>\n<\/ul>\n<div><\/div>\n<div><strong>Var\u0161<\/strong><\/div>\n<div><\/div>\n<ul>\n<li>Veicina norm\u0101lu nervu sist\u0113mas darb\u012bbu<\/li>\n<li>Veicina norm\u0101lu dzelzs l\u012bmeni vielmai\u0146a<\/li>\n<\/ul>\n<div><\/div>\n<div><strong>Mang\u0101ns<\/strong><\/div>\n<div><\/div>\n<ul>\n<li>Veicina norm\u0101lu kaulu veido\u0161anos<\/li>\n<li>Aizsarg\u0101 \u0161\u016bnas no oksidat\u012bv\u0101 stresa<\/li>\n<\/ul>\n<div><\/div>\n<div><strong>Sel\u0113ns<\/strong><\/div>\n<div><\/div>\n<ul>\n<li>Aizsarg\u0101 \u0161\u016bnas no oksidat\u012bv\u0101 stresa<\/li>\n<li>Veicina norm\u0101lu im\u016bnsist\u0113mas darb\u012bbu<\/li>\n<\/ul>\n<div><\/div>\n<div><strong>Hroms<\/strong><\/div>\n<div><\/div>\n<ul>\n<li>Veicina norm\u0101la cukura l\u012bme\u0146a uztur\u0113\u0161anu asin\u012bs<\/li>\n<\/ul>\n<div><\/div>\n<div><strong>Jods<\/strong><\/div>\n<div><\/div>\n<ul>\n<li>Veicina norm\u0101lu vairogdziedzera darb\u012bbu<\/li>\n<li>Veicina norm\u0101lu ener\u0123ijas ieguves vielmai\u0146u<\/li>\n<\/ul>\n","protected":false},"featured_media":42611,"comment_status":"open","ping_status":"closed","template":"","meta":{"inline_featured_image":false},"product_brand":[],"product_cat":[161,143],"product_tag":[],"class_list":{"0":"post-42748","1":"product","2":"type-product","3":"status-publish","4":"has-post-thumbnail","6":"product_cat-akcijas","7":"product_cat-vispareja-veseliba","9":"first","10":"instock","11":"sale","12":"shipping-taxable","13":"purchasable","14":"product-type-simple"},"_links":{"self":[{"href":"https:\/\/loosen.lt\/lv\/wp-json\/wp\/v2\/product\/42748","targetHints":{"allow":["GET"]}}],"collection":[{"href":"https:\/\/loosen.lt\/lv\/wp-json\/wp\/v2\/product"}],"about":[{"href":"https:\/\/loosen.lt\/lv\/wp-json\/wp\/v2\/types\/product"}],"replies":[{"embeddable":true,"href":"https:\/\/loosen.lt\/lv\/wp-json\/wp\/v2\/comments?post=42748"}],"wp:featuredmedia":[{"embeddable":true,"href":"https:\/\/loosen.lt\/lv\/wp-json\/wp\/v2\/media\/42611"}],"wp:attachment":[{"href":"https:\/\/loosen.lt\/lv\/wp-json\/wp\/v2\/media?parent=42748"}],"wp:term":[{"taxonomy":"product_brand","embeddable":true,"href":"https:\/\/loosen.lt\/lv\/wp-json\/wp\/v2\/product_brand?post=42748"},{"taxonomy":"product_cat","embeddable":true,"href":"https:\/\/loosen.lt\/lv\/wp-json\/wp\/v2\/product_cat?post=42748"},{"taxonomy":"product_tag","embeddable":true,"href":"https:\/\/loosen.lt\/lv\/wp-json\/wp\/v2\/product_tag?post=42748"}],"curies":[{"name":"wp","href":"https:\/\/api.w.org\/{rel}","templated":true}]}}