{"id":42786,"date":"2026-01-21T15:05:14","date_gmt":"2026-01-21T15:05:14","guid":{"rendered":"https:\/\/loosen.lt\/?post_type=product&#038;p=42786"},"modified":"2026-01-22T14:10:45","modified_gmt":"2026-01-22T14:10:45","slug":"natures-home-pektina-zelejkonfektes-imuno-pro-biotics-family-n60-kopija","status":"publish","type":"product","link":"https:\/\/loosen.lt\/lv\/produkts\/natures-home-pektina-zelejkonfektes-imuno-pro-biotics-family-n60-kopija\/","title":{"rendered":"Nature&#8217;s Home pekt\u012bna \u017eelejkonfektes IMUNO PRO-BIOTICS FAMILY N60 (Kopija)"},"content":{"rendered":"<p><strong>K\u0101p\u0113c izv\u0113l\u0113ties Imuno Pro-Biotics Family?<\/strong><\/p>\n<ul>\n<li>Prieks baud\u012bt katru dienu \u2013 ogu gar\u0161as gumijas konfektes, kuras labpr\u0101t \u0113d gan b\u0113rni, gan pieaugu\u0161ie<\/li>\n<li>Uzticams sast\u0101vs \u2013 tikai augstas kvalit\u0101tes sast\u0101vda\u013cas, kas atlas\u012btas efektivit\u0101tei un dro\u0161\u012bbai<\/li>\n<li>Visaptvero\u0161s atbalsts \u0137ermenim \u2014 sabalans\u0113ta kombin\u0101cija ikdienas imunit\u0101tes stiprin\u0101\u0161anai, ener\u0123ijas atbalstam un labsaj\u016btas rut\u012bnai<\/li>\n<\/ul>\n<p><strong>Sast\u0101vda\u013cas<\/strong>: glikozes s\u012brups, cukurs, \u016bdens, maltodekstr\u012bns, pekt\u012bns (dab\u012bgs biezin\u0101t\u0101js), citronsk\u0101be un trin\u0101trija citr\u0101ts (sk\u0101buma regul\u0113t\u0101ji), probioti\u0137u komplekss (Lactobacillus rhamnosus, Bifidobacterium lactis), niac\u012bns (nikot\u012bnam\u012bds), pantot\u0113nsk\u0101be (kalcija D-pantoten\u0101ts), B6 vitam\u012bns (piridoks\u012bna hidrohlor\u012bds), kokosriekstu un palmu e\u013c\u013cas (stabiliz\u0101cijai), dab\u012bga ogu gar\u0161a, antocian\u012bni (dab\u012bga kr\u0101sviela), karnaubas vasks (lip\u0161anas nov\u0113r\u0161anai).<\/p>\n<p>&nbsp;<\/p>\n<table>\n<tbody>\n<tr>\n<td width=\"188\"><strong>2 MARMEL\u0100DES (5 g) SATUR:<\/strong><\/td>\n<td width=\"188\">&nbsp;<\/td>\n<td width=\"188\"><strong>Nomin\u0101l\u0101 v\u0113rt\u012bba (RMV), %*<\/strong><\/td>\n<\/tr>\n<tr>\n<td width=\"188\">Niac\u012bns<\/td>\n<td width=\"188\">16mg NE<\/td>\n<td width=\"188\">100<\/td>\n<\/tr>\n<tr>\n<td width=\"188\">Pantot\u0113nsk\u0101be<\/td>\n<td width=\"188\">6mg<\/td>\n<td width=\"188\">100<\/td>\n<\/tr>\n<tr>\n<td width=\"188\">B6 vitam\u012bns<\/td>\n<td width=\"188\">1,4mg<\/td>\n<td width=\"188\">100<\/td>\n<\/tr>\n<tr>\n<td width=\"188\">Rhamnosus probiotisk\u0101s bakt\u0113rijas<\/td>\n<td width=\"188\">2 x 109 KVV<\/td>\n<td width=\"188\">**<\/td>\n<\/tr>\n<tr>\n<td width=\"188\">Lactis probiotisk\u0101s bakt\u0113rijas<\/td>\n<td width=\"188\">2 x 109 KVV<\/td>\n<td width=\"188\">**<\/td>\n<\/tr>\n<tr>\n<td width=\"188\">* \u2013 uzturv\u0113rt\u012bbas atsauces v\u0113rt\u012bba (NRV);<\/td>\n<td width=\"188\">&nbsp;<\/td>\n<td width=\"188\">&nbsp;<\/td>\n<\/tr>\n<tr>\n<td width=\"188\">**\u00a0\u2014\u00a0uzturv\u0113rt\u012bbas atsauces v\u0113rt\u012bba nav noteikta;<\/td>\n<td width=\"188\">&nbsp;<\/td>\n<td width=\"188\">&nbsp;<\/td>\n<\/tr>\n<tr>\n<td width=\"188\">*** \u2013 koloniju veidojo\u0161\u0101s vien\u012bbas;<\/td>\n<td width=\"188\">&nbsp;<\/td>\n<td width=\"188\">&nbsp;<\/td>\n<\/tr>\n<tr>\n<td width=\"188\">NE \u2013 niac\u012bna ekvivalents.<\/td>\n<td width=\"188\">&nbsp;<\/td>\n<td width=\"188\">&nbsp;<\/td>\n<\/tr>\n<\/tbody>\n<\/table>\n<p>&nbsp;<\/p>\n<p><strong>Lieto\u0161ana<\/strong>: Ieteicams lietot 2 \u017eelejkonfektes dien\u0101. Produkts ir piem\u0113rots b\u0113rniem no 3 gadu vecuma, k\u0101 ar\u012b ve\u0123et\u0101rie\u0161iem un veg\u0101niem.<\/p>\n<p>&nbsp;<\/p>\n<p><strong>Uzglab\u0101\u0161anas apst\u0101k\u013ci:<\/strong><\/p>\n<p>Uzglab\u0101t v\u0113s\u0101, saus\u0101 viet\u0101. Sarg\u0101t no b\u0113rniem.<\/p>\n<p>Ra\u017eot\u0101js: UAB &#8220;Domus Naturae&#8221;<\/p>\n<p>Neto daudzums: 150 g.<\/p>\n<p>Ieteicams l\u012bdz (der\u012bguma termi\u0146\u0161): Ieteicams l\u012bdz datums, kas nor\u0101d\u012bts iepakojuma s\u0101nos, aug\u0161pus\u0113 vai apak\u0161\u0101.<\/p>\n<p><strong>Br\u012bdin\u0101jums:<\/strong><\/p>\n<p>Uztura bag\u0101tin\u0101t\u0101js nav \u0113dienreizes aizvietot\u0101js. Svar\u012bgs ir daudzveid\u012bgs un sabalans\u0113ts uzturs un vesel\u012bgs dz\u012bvesveids. Ja esat gr\u016btniece, barojat b\u0113rnu ar kr\u016bti vai lietojat citas z\u0101les, pirms lieto\u0161anas konsult\u0113jieties ar \u0101rstu vai farmaceitu. Nep\u0101rsniedziet ieteicamo devu.<\/p>\n","protected":false},"excerpt":{"rendered":"<p>Imuno Pro-Biotics Family ir augstas kvalit\u0101tes, ogu gar\u0161as probiotisk\u0101s gumijas konfektes visai \u0123imenei.<\/p>\n<p>&nbsp;<\/p>\n<p><strong>Galven\u0101s iez\u012bmes:<\/strong><\/p>\n<ul>\n<li>Veicina norm\u0101lu ener\u0123ijas metabolismu<\/li>\n<li>Pal\u012bdz mazin\u0101t nogurumu un nesp\u0113ku<\/li>\n<li>Atbalsta norm\u0101lu nervu sist\u0113mas darb\u012bbu un psiholo\u0123isk\u0101s funkcijas<\/li>\n<li>Veicina norm\u0101lu gar\u012bgo aktivit\u0101ti<\/li>\n<li>Pal\u012bdz uztur\u0113t vesel\u012bgu \u0101du un g\u013cot\u0101das<\/li>\n<li>Stiprina norm\u0101lu im\u016bnsist\u0113mas darb\u012bbu<\/li>\n<li>Veicina norm\u0101lu sarkano asins\u0137ermen\u012b\u0161u veido\u0161anos<\/li>\n<li>Veicina hormon\u0101l\u0101s aktivit\u0101tes regul\u0113\u0161anu<\/li>\n<\/ul>\n","protected":false},"featured_media":42783,"comment_status":"open","ping_status":"closed","template":"","meta":{"inline_featured_image":false},"product_brand":[],"product_cat":[157],"product_tag":[],"class_list":{"0":"post-42786","1":"product","2":"type-product","3":"status-publish","4":"has-post-thumbnail","6":"product_cat-gremosana-un-zarnas","8":"first","9":"instock","10":"shipping-taxable","11":"purchasable","12":"product-type-simple"},"_links":{"self":[{"href":"https:\/\/loosen.lt\/lv\/wp-json\/wp\/v2\/product\/42786","targetHints":{"allow":["GET"]}}],"collection":[{"href":"https:\/\/loosen.lt\/lv\/wp-json\/wp\/v2\/product"}],"about":[{"href":"https:\/\/loosen.lt\/lv\/wp-json\/wp\/v2\/types\/product"}],"replies":[{"embeddable":true,"href":"https:\/\/loosen.lt\/lv\/wp-json\/wp\/v2\/comments?post=42786"}],"wp:featuredmedia":[{"embeddable":true,"href":"https:\/\/loosen.lt\/lv\/wp-json\/wp\/v2\/media\/42783"}],"wp:attachment":[{"href":"https:\/\/loosen.lt\/lv\/wp-json\/wp\/v2\/media?parent=42786"}],"wp:term":[{"taxonomy":"product_brand","embeddable":true,"href":"https:\/\/loosen.lt\/lv\/wp-json\/wp\/v2\/product_brand?post=42786"},{"taxonomy":"product_cat","embeddable":true,"href":"https:\/\/loosen.lt\/lv\/wp-json\/wp\/v2\/product_cat?post=42786"},{"taxonomy":"product_tag","embeddable":true,"href":"https:\/\/loosen.lt\/lv\/wp-json\/wp\/v2\/product_tag?post=42786"}],"curies":[{"name":"wp","href":"https:\/\/api.w.org\/{rel}","templated":true}]}}