{"id":42803,"date":"2026-01-22T14:14:10","date_gmt":"2026-01-22T14:14:10","guid":{"rendered":"https:\/\/loosen.lt\/produktas\/natures-home-naktssveces-un-gurkenes-ella-60-kapsulas\/"},"modified":"2026-01-22T14:14:10","modified_gmt":"2026-01-22T14:14:10","slug":"natures-home-naktssveces-un-gurkenes-ella-60-kapsulas","status":"publish","type":"product","link":"https:\/\/loosen.lt\/lv\/produkts\/natures-home-naktssveces-un-gurkenes-ella-60-kapsulas\/","title":{"rendered":"Nature&#8217;s Home naktssveces un gur\u0137enes e\u013c\u013ca &#8211; 60 kapsulas"},"content":{"rendered":"<p><strong>Sast\u0101vda\u013cas<\/strong>: naktssveces (Oenothera biennis L.) s\u0113klu e\u013c\u013ca, gur\u0137enes (Borago officinalis L.) s\u0113klu e\u013c\u013ca, \u017eelat\u012bns, mitrin\u0101t\u0101js glicer\u012bns, D-alfa-tokoferilacet\u0101ts, antioksidanti \u2013 koncentr\u0113ts tokoferola ekstrakts, L-askorbilpalmit\u0101ts un propilgall\u0101ts.<\/p>\n<table>\n<tbody>\n<tr>\n<td width=\"160\">VIENA KAPSULA SATUR:<\/td>\n<td width=\"160\">&nbsp;<\/td>\n<td width=\"160\">&nbsp;<\/td>\n<td width=\"160\">Nomin\u0101l\u0101 v\u0113rt\u012bba*, %<\/td>\n<\/tr>\n<tr>\n<td width=\"160\">Naktssveces e\u013c\u013ca,<\/td>\n<td width=\"160\">&nbsp;<\/td>\n<td width=\"160\">250mg<\/td>\n<td width=\"160\">**<\/td>\n<\/tr>\n<tr>\n<td width=\"160\">kas satur<\/td>\n<td width=\"160\">Gamma-linol\u0113nsk\u0101be<\/td>\n<td width=\"160\">25mg<\/td>\n<td width=\"160\">**<\/td>\n<\/tr>\n<tr>\n<td width=\"160\">Bor\u0101\u017eas s\u0113klu e\u013c\u013ca,<\/td>\n<td width=\"160\">&nbsp;<\/td>\n<td width=\"160\">250mg<\/td>\n<td width=\"160\">**<\/td>\n<\/tr>\n<tr>\n<td width=\"160\">kas satur<\/td>\n<td width=\"160\">Gamma-linol\u0113nsk\u0101be<\/td>\n<td width=\"160\">50mg<\/td>\n<td width=\"160\">**<\/td>\n<\/tr>\n<tr>\n<td width=\"160\">E vitam\u012bns<\/td>\n<td width=\"160\">&nbsp;<\/td>\n<td width=\"160\">6,7mg<\/td>\n<td width=\"160\">**<\/td>\n<\/tr>\n<tr>\n<td width=\"160\">* \u2013 uzturv\u0113rt\u012bbas atsauces v\u0113rt\u012bba (NRV);<\/td>\n<td width=\"160\">&nbsp;<\/td>\n<td width=\"160\">&nbsp;<\/td>\n<td width=\"160\">56<\/td>\n<\/tr>\n<tr>\n<td width=\"160\">** \u2013 uzturv\u0113rt\u012bbas atsauces v\u0113rt\u012bba nav noteikta.<\/td>\n<td width=\"160\">&nbsp;<\/td>\n<td width=\"160\">&nbsp;<\/td>\n<td width=\"160\">&nbsp;<\/td>\n<\/tr>\n<\/tbody>\n<\/table>\n<p>&nbsp;<\/p>\n<div><strong>Lieto\u0161ana<\/strong>: Lietot 1 kapsulu dien\u0101. Piem\u0113rots b\u0113rniem, kas vec\u0101ki par 12 gadiem.<\/div>\n<div><\/div>\n<div><strong>Uzglab\u0101\u0161anas apst\u0101k\u013ci:<\/strong><\/div>\n<div><\/div>\n<div>Uzglab\u0101t v\u0113s\u0101, saus\u0101 viet\u0101. Sarg\u0101t no b\u0113rniem.<\/div>\n<div>Ra\u017eot\u0101js: UAB \u201cDomus Naturae\u201d<\/div>\n<div>Neto svars: 42,7 g.<\/div>\n<div>Ieteicams l\u012bdz (der\u012bguma termi\u0146\u0161): ieteicams l\u012bdz datumam, kas nor\u0101d\u012bts iepakojuma s\u0101nos, aug\u0161pus\u0113 vai apak\u0161\u0101.<\/div>\n<div><\/div>\n<div><strong>Br\u012bdin\u0101jums:<\/strong><\/div>\n<div><\/div>\n<div>Uztura bag\u0101tin\u0101t\u0101js neaizst\u0101j uzturu. Svar\u012bgs ir daudzveid\u012bgs un sabalans\u0113ts uzturs un vesel\u012bgs dz\u012bvesveids. Ja esat gr\u016btniece, barojat b\u0113rnu ar kr\u016bti vai lietojat citas z\u0101les, pirms lieto\u0161anas konsult\u0113jieties ar \u0101rstu vai farmaceitu. Nep\u0101rsniedziet ieteicamo devu.<\/div>\n","protected":false},"excerpt":{"rendered":"<div>Naktssveces un gur\u0137enes e\u013c\u013cas mais\u012bjums \u2013 dab\u012bgs komplekss, kas bag\u0101ts ar omega-6 tauksk\u0101b\u0113m.<\/div>\n<div><\/div>\n<div><strong>Galven\u0101s \u012bpa\u0161\u012bbas:<\/strong><\/div>\n<div><\/div>\n<div><strong>Naktssveces un gur\u0137enes e\u013c\u013cas iedarb\u012bba:<\/strong><\/div>\n<div><\/div>\n<ul>\n<li>Atbalsta labu fizisko labsaj\u016btu menstru\u0101ciju laik\u0101<\/li>\n<li>Regul\u0113 hormon\u0101lo aktivit\u0101ti<\/li>\n<li>Uztur \u0101das st\u0101vokli<\/li>\n<\/ul>\n<div><\/div>\n<div><strong>E vitam\u012bns:<\/strong><\/div>\n<div><\/div>\n<ul>\n<li>Aizsarg\u0101 \u0161\u016bnas no oksidat\u012bviem boj\u0101jumiem<\/li>\n<\/ul>\n","protected":false},"featured_media":41123,"comment_status":"open","ping_status":"closed","template":"","meta":{"inline_featured_image":false},"product_brand":[],"product_cat":[161,145],"product_tag":[],"class_list":{"0":"post-42803","1":"product","2":"type-product","3":"status-publish","4":"has-post-thumbnail","6":"product_cat-akcijas","7":"product_cat-gan","9":"first","10":"outofstock","11":"sale","12":"shipping-taxable","13":"purchasable","14":"product-type-simple"},"_links":{"self":[{"href":"https:\/\/loosen.lt\/lv\/wp-json\/wp\/v2\/product\/42803","targetHints":{"allow":["GET"]}}],"collection":[{"href":"https:\/\/loosen.lt\/lv\/wp-json\/wp\/v2\/product"}],"about":[{"href":"https:\/\/loosen.lt\/lv\/wp-json\/wp\/v2\/types\/product"}],"replies":[{"embeddable":true,"href":"https:\/\/loosen.lt\/lv\/wp-json\/wp\/v2\/comments?post=42803"}],"wp:featuredmedia":[{"embeddable":true,"href":"https:\/\/loosen.lt\/lv\/wp-json\/wp\/v2\/media\/41123"}],"wp:attachment":[{"href":"https:\/\/loosen.lt\/lv\/wp-json\/wp\/v2\/media?parent=42803"}],"wp:term":[{"taxonomy":"product_brand","embeddable":true,"href":"https:\/\/loosen.lt\/lv\/wp-json\/wp\/v2\/product_brand?post=42803"},{"taxonomy":"product_cat","embeddable":true,"href":"https:\/\/loosen.lt\/lv\/wp-json\/wp\/v2\/product_cat?post=42803"},{"taxonomy":"product_tag","embeddable":true,"href":"https:\/\/loosen.lt\/lv\/wp-json\/wp\/v2\/product_tag?post=42803"}],"curies":[{"name":"wp","href":"https:\/\/api.w.org\/{rel}","templated":true}]}}