{"id":42806,"date":"2026-01-22T14:06:38","date_gmt":"2026-01-22T14:06:38","guid":{"rendered":"https:\/\/loosen.lt\/produktas\/natures-house-kiniesu-kordicepss-750-mg-90-kapsulas\/"},"modified":"2026-01-22T14:06:38","modified_gmt":"2026-01-22T14:06:38","slug":"natures-house-kiniesu-kordicepss-750-mg-90-kapsulas","status":"publish","type":"product","link":"https:\/\/loosen.lt\/lv\/produkts\/natures-house-kiniesu-kordicepss-750-mg-90-kapsulas\/","title":{"rendered":"Nature&#8217;s House \u0137\u012bnie\u0161u kordicepss 750 mg &#8211; 90 kapsulas"},"content":{"rendered":"<p><strong>Sast\u0101vda\u013cas<\/strong>: kalcija fosf\u0101ts (pildviela), Cordyceps sinensis mic\u0113lija ekstrakts attiec\u012bb\u0101 4:1, mikrokrist\u0101lisk\u0101 celuloze (pildviela), table\u0161u apvalka sast\u0101vda\u013cas: polidekstroze un hidroksipropilmetilceluloze (glaz\u016bras vielas), maltodekstr\u012bns, kalcija karbon\u0101ts (kr\u0101sviela), pupi\u0146u gumija (stabilizators), tauksk\u0101bju magnija s\u0101ls (glaz\u016bras viela), k\u0101 ar\u012b pretsalipes vielas &#8211; sil\u012bcija dioks\u012bds un tauksk\u0101bju magnija s\u0101ls.<\/p>\n<table>\n<tbody>\n<tr>\n<td width=\"160\">Viena tablete satur<\/td>\n<td width=\"160\">&nbsp;<\/td>\n<\/tr>\n<tr>\n<td width=\"160\">\u0136\u012bnas kordicepsa mic\u0113lija ekstrakts,<\/td>\n<td width=\"160\">187,5mg<\/td>\n<\/tr>\n<tr>\n<td width=\"160\">Kas ir l\u012bdzv\u0113rt\u012bgs \u0137\u012bnie\u0161u kordicepsam<\/td>\n<td width=\"160\">750mg<\/td>\n<\/tr>\n<\/tbody>\n<\/table>\n<p>&nbsp;<\/p>\n<div><strong>Lieto\u0161ana<\/strong>: lietot vienu tableti dien\u0101. Var lietot b\u0113rni no 6 gadu vecuma.<\/div>\n<div><\/div>\n<div><strong>Uzglab\u0101\u0161anas apst\u0101k\u013ci:<\/strong><\/div>\n<div><\/div>\n<div>Uzglab\u0101t v\u0113s\u0101, saus\u0101 viet\u0101. Sarg\u0101t no b\u0113rniem.<\/div>\n<div><\/div>\n<div>Ra\u017eot\u0101js: UAB \u201cDomus Naturae\u201d<\/div>\n<div>Neto daudzums: 50,1 g.<\/div>\n<div>Ieteicams l\u012bdz (der\u012bguma termi\u0146\u0161): ieteicams l\u012bdz datumam, kas nor\u0101d\u012bts iepakojuma s\u0101nos, aug\u0161pus\u0113 vai apak\u0161\u0101.<\/div>\n<div><\/div>\n<div><strong>Br\u012bdin\u0101jums:<\/strong><\/div>\n<div><\/div>\n<div>Uztura bag\u0101tin\u0101t\u0101js neaizst\u0101j uzturu. Svar\u012bgs ir daudzveid\u012bgs un sabalans\u0113ts uzturs un vesel\u012bgs dz\u012bvesveids. Ja esat gr\u016btniece, barojat b\u0113rnu ar kr\u016bti vai lietojat citas z\u0101les, pirms lieto\u0161anas konsult\u0113jieties ar \u0101rstu vai farmaceitu. Nep\u0101rsniedziet ieteicamo devu.<\/div>\n","protected":false},"excerpt":{"rendered":"<div>Nature&#8217;s Home \u0137\u012bnie\u0161u kordicepss ir s\u0113n\u012b\u0161u izcelsmes uztura bag\u0101tin\u0101t\u0101js, kas paredz\u0113ts ikdienas uztura papildin\u0101\u0161anai.<\/div>\n<div><\/div>\n<div><strong>Galven\u0101s \u012bpa\u0161\u012bbas:<\/strong><\/div>\n<div><\/div>\n<ul>\n<li>S\u0113n\u012b\u0161u izcelsmes sast\u0101vda\u013ca<\/li>\n<li>Tradicion\u0101li lietots Austrum\u0101zijas kult\u016br\u0101s<\/li>\n<li>Piem\u0113rots cilv\u0113kiem ar akt\u012bvu dz\u012bvesveidu<\/li>\n<li>Uztura bag\u0101tin\u0101t\u0101js, kas paredz\u0113ts ikdienas uztura papildin\u0101\u0161anai<\/li>\n<\/ul>\n","protected":false},"featured_media":42779,"comment_status":"open","ping_status":"closed","template":"","meta":{"inline_featured_image":false},"product_brand":[],"product_cat":[161,144],"product_tag":[],"class_list":{"0":"post-42806","1":"product","2":"type-product","3":"status-publish","4":"has-post-thumbnail","6":"product_cat-akcijas","7":"product_cat-energija","9":"first","10":"instock","11":"sale","12":"shipping-taxable","13":"purchasable","14":"product-type-simple"},"_links":{"self":[{"href":"https:\/\/loosen.lt\/lv\/wp-json\/wp\/v2\/product\/42806","targetHints":{"allow":["GET"]}}],"collection":[{"href":"https:\/\/loosen.lt\/lv\/wp-json\/wp\/v2\/product"}],"about":[{"href":"https:\/\/loosen.lt\/lv\/wp-json\/wp\/v2\/types\/product"}],"replies":[{"embeddable":true,"href":"https:\/\/loosen.lt\/lv\/wp-json\/wp\/v2\/comments?post=42806"}],"wp:featuredmedia":[{"embeddable":true,"href":"https:\/\/loosen.lt\/lv\/wp-json\/wp\/v2\/media\/42779"}],"wp:attachment":[{"href":"https:\/\/loosen.lt\/lv\/wp-json\/wp\/v2\/media?parent=42806"}],"wp:term":[{"taxonomy":"product_brand","embeddable":true,"href":"https:\/\/loosen.lt\/lv\/wp-json\/wp\/v2\/product_brand?post=42806"},{"taxonomy":"product_cat","embeddable":true,"href":"https:\/\/loosen.lt\/lv\/wp-json\/wp\/v2\/product_cat?post=42806"},{"taxonomy":"product_tag","embeddable":true,"href":"https:\/\/loosen.lt\/lv\/wp-json\/wp\/v2\/product_tag?post=42806"}],"curies":[{"name":"wp","href":"https:\/\/api.w.org\/{rel}","templated":true}]}}