{"id":42808,"date":"2026-01-22T14:00:45","date_gmt":"2026-01-22T14:00:45","guid":{"rendered":"https:\/\/loosen.lt\/produktas\/natures-home-antioksidantu-komplekss-60-kapsulas\/"},"modified":"2026-01-22T14:00:45","modified_gmt":"2026-01-22T14:00:45","slug":"natures-home-antioksidantu-komplekss-60-kapsulas","status":"publish","type":"product","link":"https:\/\/loosen.lt\/lv\/produkts\/natures-home-antioksidantu-komplekss-60-kapsulas\/","title":{"rendered":"Nature&#8217;s Home antioksidantu komplekss &#8211; 60 kapsulas"},"content":{"rendered":"<p><strong>Sast\u0101vda\u013cas<\/strong>: za\u013c\u0101s t\u0113jas (Camellia sinensis) lapu ekstrakts, kas satur (-)-epigalokateh\u012bna-3-gall\u0101tu (EGCG); kapsulas apvalks, kas izgatavots no hidroksipropilmetilcelulozes; v\u012bnogu kauli\u0146u ekstrakts (Vitis vinifera), kas satur oligoproantocianid\u012bnus (OPC); acerolas (Malpighia glabra L.\/Malpighia punicifolia L.) aug\u013cu ekstrakts; L-askorb\u012bnsk\u0101be (C vitam\u012bns); mikrokrist\u0101lisk\u0101 celuloze k\u0101 pildviela; beta-karot\u012bns; cinka bisglicin\u0101ts; Jap\u0101nas soforas (Sophora japonica) pumpuru un ziedu ekstrakti; DL-alfa-tokoferilacet\u0101ts (E vitam\u012bns); sel\u0113na metion\u012bns; sojas pupi\u0146u sak\u0146u ekstrakts; tauksk\u0101bju magnija s\u0101\u013ci un sil\u012bcija dioks\u012bds, ko izmanto, lai regul\u0113tu kapsulas lip\u012bgumu.<\/p>\n<table>\n<tbody>\n<tr>\n<td width=\"160\">Daudzums vien\u0101 kapsul\u0101<\/td>\n<td width=\"160\">&nbsp;<\/td>\n<td width=\"160\">&nbsp;<\/td>\n<td width=\"160\">Nomin\u0101l\u0101 v\u0113rt\u012bba*, %<\/td>\n<\/tr>\n<tr>\n<td width=\"160\">Za\u013c\u0101s t\u0113jas lapu ekstrakts,<\/td>\n<td width=\"160\">&nbsp;<\/td>\n<td width=\"160\">125mg<\/td>\n<td width=\"160\">**<\/td>\n<\/tr>\n<tr>\n<td width=\"160\">&nbsp;<\/td>\n<td width=\"160\">kas satur polifenolus,<\/td>\n<td width=\"160\">118,75mg<\/td>\n<td width=\"160\">**<\/td>\n<\/tr>\n<tr>\n<td width=\"160\">&nbsp;<\/td>\n<td width=\"160\">tostarp kateh\u012bni,<\/td>\n<td width=\"160\">87,5mg<\/td>\n<td width=\"160\">**<\/td>\n<\/tr>\n<tr>\n<td width=\"160\">&nbsp;<\/td>\n<td width=\"160\">No tiem EGCG<\/td>\n<td width=\"160\">56,25mg<\/td>\n<td width=\"160\">**<\/td>\n<\/tr>\n<tr>\n<td width=\"160\">V\u012bnogu kauli\u0146u ekstrakts,<\/td>\n<td width=\"160\">&nbsp;<\/td>\n<td width=\"160\">100mg<\/td>\n<td width=\"160\">**<\/td>\n<\/tr>\n<tr>\n<td width=\"160\">&nbsp;<\/td>\n<td width=\"160\">kas satur OPC,<\/td>\n<td width=\"160\">95mg<\/td>\n<td width=\"160\">**<\/td>\n<\/tr>\n<tr>\n<td width=\"160\">&nbsp;<\/td>\n<td width=\"160\">resveratrols<\/td>\n<td width=\"160\">5mg<\/td>\n<td width=\"160\">**<\/td>\n<\/tr>\n<tr>\n<td width=\"160\">Malpighia pubescens aug\u013cu ekstrakts,<\/td>\n<td width=\"160\">&nbsp;<\/td>\n<td width=\"160\">100mg<\/td>\n<td width=\"160\">**<\/td>\n<\/tr>\n<tr>\n<td width=\"160\">&nbsp;<\/td>\n<td width=\"160\">kas satur C vitam\u012bnu<\/td>\n<td width=\"160\">50mg<\/td>\n<td width=\"160\">62,5<\/td>\n<\/tr>\n<tr>\n<td width=\"160\">Kvercet\u012bns<\/td>\n<td width=\"160\">&nbsp;<\/td>\n<td width=\"160\">20mg<\/td>\n<td width=\"160\">**<\/td>\n<\/tr>\n<tr>\n<td width=\"160\">Rut\u012bna<\/td>\n<td width=\"160\">&nbsp;<\/td>\n<td width=\"160\">20mg<\/td>\n<td width=\"160\">**<\/td>\n<\/tr>\n<tr>\n<td width=\"160\">Resveratrols<\/td>\n<td width=\"160\">&nbsp;<\/td>\n<td width=\"160\">9,8mg<\/td>\n<td width=\"160\">**<\/td>\n<\/tr>\n<tr>\n<td width=\"160\">C vitam\u012bns<\/td>\n<td width=\"160\">&nbsp;<\/td>\n<td width=\"160\">100mg<\/td>\n<td width=\"160\">125<\/td>\n<\/tr>\n<tr>\n<td width=\"160\">Sel\u0113ns<\/td>\n<td width=\"160\">&nbsp;<\/td>\n<td width=\"160\">60 \u00b5g<\/td>\n<td width=\"160\">109<\/td>\n<\/tr>\n<tr>\n<td width=\"160\">Cinks<\/td>\n<td width=\"160\">&nbsp;<\/td>\n<td width=\"160\">10mg<\/td>\n<td width=\"160\">100<\/td>\n<\/tr>\n<tr>\n<td width=\"160\">E vitam\u012bns<\/td>\n<td width=\"160\">&nbsp;<\/td>\n<td width=\"160\">10 mg \u03b1-TE<\/td>\n<td width=\"160\">83,3<\/td>\n<\/tr>\n<tr>\n<td width=\"160\">A vitam\u012bns<\/td>\n<td width=\"160\">&nbsp;<\/td>\n<td width=\"160\">0,6 mg RE<\/td>\n<td width=\"160\">75<\/td>\n<\/tr>\n<tr>\n<td width=\"160\">* \u2013 uzturv\u0113rt\u012bbas atsauces v\u0113rt\u012bba (NRV);<\/td>\n<td width=\"160\">&nbsp;<\/td>\n<td width=\"160\">&nbsp;<\/td>\n<td width=\"160\">&nbsp;<\/td>\n<\/tr>\n<tr>\n<td width=\"160\">** \u2013 uzturv\u0113rt\u012bbas atsauces v\u0113rt\u012bba nav noteikta.<\/td>\n<td width=\"160\">&nbsp;<\/td>\n<td width=\"160\">&nbsp;<\/td>\n<td width=\"160\">&nbsp;<\/td>\n<\/tr>\n<\/tbody>\n<\/table>\n<div><strong>Lieto\u0161ana<\/strong>: Ieteicams lietot vienu kapsulu dien\u0101. (-)-epigalokateh\u012bna-3-gal\u0101ta (EGCG) dienas deva nedr\u012bkst p\u0101rsniegt 800 mg.<\/div>\n<div><\/div>\n<div><strong>Uzglab\u0101\u0161anas apst\u0101k\u013ci:<\/strong><\/div>\n<div><\/div>\n<div>Uzglab\u0101t v\u0113s\u0101, saus\u0101 viet\u0101. Sarg\u0101t no b\u0113rniem.<\/div>\n<div><\/div>\n<div>Ra\u017eot\u0101js: UAB \u201eDomus Naturae\u201c<\/div>\n<div>Neto daudzums: 46,8 g.<\/div>\n<div>Ieteicams l\u012bdz (der\u012bguma termi\u0146\u0161): ieteicams l\u012bdz datumam, kas nor\u0101d\u012bts iepakojuma s\u0101nos, aug\u0161pus\u0113 vai apak\u0161\u0101.<\/div>\n<div><\/div>\n<div><strong>Br\u012bdin\u0101jums:<\/strong><\/div>\n<div><\/div>\n<div>Uztura bag\u0101tin\u0101t\u0101js neaizst\u0101j uzturu. Svar\u012bgs ir daudzveid\u012bgs un sabalans\u0113ts uzturs un vesel\u012bgs dz\u012bvesveids. Ja esat gr\u016btniece, barojat b\u0113rnu ar kr\u016bti vai lietojat citas z\u0101les, pirms lieto\u0161anas konsult\u0113jieties ar \u0101rstu vai farmaceitu. Nep\u0101rsniedziet ieteicamo devu.<\/div>\n","protected":false},"excerpt":{"rendered":"<div>Nature&#8217;s Home antioksidantu komplekss &#8211; augu ekstraktu kapsulas ar vitam\u012bniem un miner\u0101lviel\u0101m<\/div>\n<div><\/div>\n<div><strong>Galven\u0101s \u012bpa\u0161\u012bbas:<\/strong><\/div>\n<div><\/div>\n<div><strong>C vitam\u012bns<\/strong><\/div>\n<div><\/div>\n<ul>\n<li>Atbalsta norm\u0101lu im\u016bnsist\u0113mas darb\u012bbu<\/li>\n<li>Pal\u012bdz aizsarg\u0101t \u0161\u016bnas no oksidat\u012bv\u0101 stresa<\/li>\n<li>Piedal\u0101s kolag\u0113na sint\u0113z\u0113, kas nepiecie\u0161ams norm\u0101lai \u0101das, zobu, kaulu un asinsvadu darb\u012bbai<\/li>\n<\/ul>\n<div><\/div>\n<div><strong>E vitam\u012bns<\/strong><\/div>\n<div><\/div>\n<ul>\n<li>Atbalsta \u0161\u016bnu aizsardz\u012bbu pret oksidat\u012bvo stresu<\/li>\n<\/ul>\n<div><\/div>\n<div><strong>A vitam\u012bns<\/strong><\/div>\n<div><\/div>\n<ul>\n<li>Atbalsta norm\u0101lu redzes darb\u012bbu.<\/li>\n<li>Piedal\u0101s im\u016bnsist\u0113mas darb\u012bb\u0101<\/li>\n<\/ul>\n<div><\/div>\n<div><strong>Cinks<\/strong><\/div>\n<div><\/div>\n<ul>\n<li>Atbalsta norm\u0101lu im\u016bnsist\u0113mas darb\u012bbu<\/li>\n<li>Piedal\u0101s \u0161\u016bnu dal\u012b\u0161an\u0101s proces\u0101<\/li>\n<li>Pal\u012bdz uztur\u0113t norm\u0101lu \u0101das, matu, nagu darb\u012bbu<\/li>\n<\/ul>\n<div><\/div>\n<div><strong>Sel\u0113ns<\/strong><\/div>\n<div><\/div>\n<ul>\n<li>Atbalsta norm\u0101lu vairogdziedzera darb\u012bbu<\/li>\n<\/ul>\n<div>Piedal\u0101s \u0161\u016bnu aizsardz\u012bb\u0101 pret oksidat\u012bvo stresu<\/div>\n","protected":false},"featured_media":42772,"comment_status":"open","ping_status":"closed","template":"","meta":{"inline_featured_image":false},"product_brand":[],"product_cat":[161,147],"product_tag":[],"class_list":{"0":"post-42808","1":"product","2":"type-product","3":"status-publish","4":"has-post-thumbnail","6":"product_cat-akcijas","7":"product_cat-ilgmuziba","9":"first","10":"instock","11":"sale","12":"shipping-taxable","13":"purchasable","14":"product-type-simple"},"_links":{"self":[{"href":"https:\/\/loosen.lt\/lv\/wp-json\/wp\/v2\/product\/42808","targetHints":{"allow":["GET"]}}],"collection":[{"href":"https:\/\/loosen.lt\/lv\/wp-json\/wp\/v2\/product"}],"about":[{"href":"https:\/\/loosen.lt\/lv\/wp-json\/wp\/v2\/types\/product"}],"replies":[{"embeddable":true,"href":"https:\/\/loosen.lt\/lv\/wp-json\/wp\/v2\/comments?post=42808"}],"wp:featuredmedia":[{"embeddable":true,"href":"https:\/\/loosen.lt\/lv\/wp-json\/wp\/v2\/media\/42772"}],"wp:attachment":[{"href":"https:\/\/loosen.lt\/lv\/wp-json\/wp\/v2\/media?parent=42808"}],"wp:term":[{"taxonomy":"product_brand","embeddable":true,"href":"https:\/\/loosen.lt\/lv\/wp-json\/wp\/v2\/product_brand?post=42808"},{"taxonomy":"product_cat","embeddable":true,"href":"https:\/\/loosen.lt\/lv\/wp-json\/wp\/v2\/product_cat?post=42808"},{"taxonomy":"product_tag","embeddable":true,"href":"https:\/\/loosen.lt\/lv\/wp-json\/wp\/v2\/product_tag?post=42808"}],"curies":[{"name":"wp","href":"https:\/\/api.w.org\/{rel}","templated":true}]}}