{"id":42810,"date":"2026-01-22T13:56:45","date_gmt":"2026-01-22T13:56:45","guid":{"rendered":"https:\/\/loosen.lt\/produktas\/natures-house-kolagens-skaistumam-90-kapsulas\/"},"modified":"2026-01-22T13:56:45","modified_gmt":"2026-01-22T13:56:45","slug":"natures-house-kolagens-skaistumam-90-kapsulas","status":"publish","type":"product","link":"https:\/\/loosen.lt\/lv\/produkts\/natures-house-kolagens-skaistumam-90-kapsulas\/","title":{"rendered":"Nature&#8217;s House kolag\u0113ns skaistumam &#8211; 90 kapsulas"},"content":{"rendered":"<p><strong>Sast\u0101vda\u013cas<\/strong>: hidroliz\u0113ts zivju kolag\u0113ns, kapsulas apvalks (\u017eelat\u012bns, att\u012br\u012bts \u016bdens, kr\u0101sviela dzelzs oks\u012bds), n\u0101trija hialuron\u0101ts, \u012bstu bambusa dzinumu ekstrakts, L-askorb\u012bnsk\u0101be, cinka sulf\u0101ts, mikrokrist\u0101lisk\u0101 celuloze, pretsalipes viela (tauksk\u0101bju magnija s\u0101ls), retinilacet\u0101ts, n\u0101trija selen\u012bts un D-biot\u012bns.<\/p>\n<p>&nbsp;<\/p>\n<table>\n<tbody>\n<tr>\n<td width=\"160\">Viena kapsula satur<\/td>\n<td width=\"160\">&nbsp;<\/td>\n<td width=\"160\">Nomin\u0101l\u0101 v\u0113rt\u012bba*, %<\/td>\n<\/tr>\n<tr>\n<td width=\"160\">Hidroliz\u0113ts kolag\u0113ns<\/td>\n<td width=\"160\">500mg<\/td>\n<td width=\"160\">**<\/td>\n<\/tr>\n<tr>\n<td width=\"160\">Hialuronsk\u0101be<\/td>\n<td width=\"160\">92,5mg<\/td>\n<td width=\"160\">**<\/td>\n<\/tr>\n<tr>\n<td width=\"160\">\u012asts bambusa ekstrakts,<\/td>\n<td width=\"160\">20mg<\/td>\n<td width=\"160\">**<\/td>\n<\/tr>\n<tr>\n<td width=\"160\">kas satur sil\u012bciju<\/td>\n<td width=\"160\">15mg<\/td>\n<td width=\"160\">**<\/td>\n<\/tr>\n<tr>\n<td width=\"160\">Biot\u012bns<\/td>\n<td width=\"160\">50 \u00b5g<\/td>\n<td width=\"160\">100<\/td>\n<\/tr>\n<tr>\n<td width=\"160\">Cinks<\/td>\n<td width=\"160\">5mg<\/td>\n<td width=\"160\">50<\/td>\n<\/tr>\n<tr>\n<td width=\"160\">Sel\u0113ns<\/td>\n<td width=\"160\">27,5 \u00b5g<\/td>\n<td width=\"160\">50<\/td>\n<\/tr>\n<tr>\n<td width=\"160\">A vitam\u012bns<\/td>\n<td width=\"160\">400 \u00b5g RE<\/td>\n<td width=\"160\">50<\/td>\n<\/tr>\n<tr>\n<td width=\"160\">C vitam\u012bns<\/td>\n<td width=\"160\">15mg<\/td>\n<td width=\"160\">18,75<\/td>\n<\/tr>\n<\/tbody>\n<\/table>\n<div>* \u2013 atsauces uzturv\u0113rt\u012bba (RMV).<\/div>\n<div><\/div>\n<div>** \u2013 atsauces uzturv\u0113rt\u012bba nav noteikta.<\/div>\n<div><\/div>\n<div><strong>Lieto\u0161ana<\/strong>: ieteicams lietot vienu kapsulu dien\u0101, piem\u0113rots b\u0113rniem no 6 gadu vecuma.<\/div>\n<div><\/div>\n<div><strong>Uzglab\u0101\u0161anas apst\u0101k\u013ci:<\/strong><\/div>\n<div><\/div>\n<div>Uzglab\u0101t v\u0113s\u0101, saus\u0101 viet\u0101. Sarg\u0101t no b\u0113rniem.<\/div>\n<div><\/div>\n<div>Ra\u017eot\u0101js: UAB \u201cDomus Naturae\u201d<\/div>\n<div>Neto daudzums: 71,1 g.<\/div>\n<div>Ieteicams l\u012bdz (der\u012bguma termi\u0146\u0161): vislab\u0101k izlietot l\u012bdz datumam, kas nor\u0101d\u012bts iepakojuma s\u0101nos, aug\u0161pus\u0113 vai apak\u0161\u0101.<\/div>\n<div><\/div>\n<div><strong>Br\u012bdin\u0101jums:<\/strong><\/div>\n<div><\/div>\n<div>Uztura bag\u0101tin\u0101t\u0101js neaizst\u0101j p\u0101rtiku. Svar\u012bgs ir daudzveid\u012bgs un sabalans\u0113ts uzturs un vesel\u012bgs dz\u012bvesveids. Ja esat gr\u016btniece, barojat b\u0113rnu ar kr\u016bti vai lietojat citas z\u0101les, pirms lieto\u0161anas konsult\u0113jieties ar \u0101rstu vai farmaceitu. Nep\u0101rsniedziet ieteicamo devu.<\/div>\n","protected":false},"excerpt":{"rendered":"<div>Nature&#8217;s Home KOLAG\u0112NS SKAISTUMAM &#8211; uztura bag\u0101tin\u0101t\u0101js ikdienas uzturam<\/div>\n<div><\/div>\n<div><strong>Galven\u0101s \u012bpa\u0161\u012bbas:<\/strong><\/div>\n<div><\/div>\n<div><strong>Biot\u012bns<\/strong><\/div>\n<div><\/div>\n<ul>\n<li>Pal\u012bdz uztur\u0113t norm\u0101lu \u0101das, matu un nagu st\u0101vokli<\/li>\n<\/ul>\n<div><\/div>\n<div><strong>Cinks<\/strong><\/div>\n<div><\/div>\n<ul>\n<li>Pal\u012bdz uztur\u0113t norm\u0101lu \u0101das, matu un nagu st\u0101vokli, norm\u0101lu DNS sint\u0113zi, im\u016bnsist\u0113mu<\/li>\n<\/ul>\n<div><\/div>\n<div><strong>Sel\u0113ns<\/strong><\/div>\n<div><\/div>\n<ul>\n<li>Pal\u012bdz uztur\u0113t norm\u0101lu \u0101das un matu st\u0101vokli, norm\u0101lu vairogdziedzera darb\u012bbu, imunit\u0101ti<\/li>\n<\/ul>\n<div><\/div>\n<div><strong>A vitam\u012bns<\/strong><\/div>\n<div><\/div>\n<ul>\n<li>Pal\u012bdz uztur\u0113t norm\u0101lu \u0101das un redzes funkciju<\/li>\n<\/ul>\n<div><\/div>\n<div><strong>C vitam\u012bns<\/strong><\/div>\n<div><\/div>\n<ul>\n<li>Pal\u012bdz uztur\u0113t norm\u0101lu kolag\u0113na sint\u0113zi \u0101dai, norm\u0101lu kaulu, smaganu, skrim\u0161\u013cu, asinsvadu darb\u012bbu<\/li>\n<\/ul>\n","protected":false},"featured_media":42768,"comment_status":"open","ping_status":"closed","template":"","meta":{"inline_featured_image":false},"product_brand":[],"product_cat":[161,145],"product_tag":[],"class_list":{"0":"post-42810","1":"product","2":"type-product","3":"status-publish","4":"has-post-thumbnail","6":"product_cat-akcijas","7":"product_cat-gan","9":"first","10":"instock","11":"sale","12":"shipping-taxable","13":"purchasable","14":"product-type-simple"},"_links":{"self":[{"href":"https:\/\/loosen.lt\/lv\/wp-json\/wp\/v2\/product\/42810","targetHints":{"allow":["GET"]}}],"collection":[{"href":"https:\/\/loosen.lt\/lv\/wp-json\/wp\/v2\/product"}],"about":[{"href":"https:\/\/loosen.lt\/lv\/wp-json\/wp\/v2\/types\/product"}],"replies":[{"embeddable":true,"href":"https:\/\/loosen.lt\/lv\/wp-json\/wp\/v2\/comments?post=42810"}],"wp:featuredmedia":[{"embeddable":true,"href":"https:\/\/loosen.lt\/lv\/wp-json\/wp\/v2\/media\/42768"}],"wp:attachment":[{"href":"https:\/\/loosen.lt\/lv\/wp-json\/wp\/v2\/media?parent=42810"}],"wp:term":[{"taxonomy":"product_brand","embeddable":true,"href":"https:\/\/loosen.lt\/lv\/wp-json\/wp\/v2\/product_brand?post=42810"},{"taxonomy":"product_cat","embeddable":true,"href":"https:\/\/loosen.lt\/lv\/wp-json\/wp\/v2\/product_cat?post=42810"},{"taxonomy":"product_tag","embeddable":true,"href":"https:\/\/loosen.lt\/lv\/wp-json\/wp\/v2\/product_tag?post=42810"}],"curies":[{"name":"wp","href":"https:\/\/api.w.org\/{rel}","templated":true}]}}