{"id":42812,"date":"2026-01-22T13:48:46","date_gmt":"2026-01-22T13:48:46","guid":{"rendered":"https:\/\/loosen.lt\/produktas\/natures-home-relax-complexmelatonins-90-kapsulas\/"},"modified":"2026-01-22T13:48:46","modified_gmt":"2026-01-22T13:48:46","slug":"natures-home-relax-complexmelatonins-90-kapsulas","status":"publish","type":"product","link":"https:\/\/loosen.lt\/lv\/produkts\/natures-home-relax-complexmelatonins-90-kapsulas\/","title":{"rendered":"Nature&#8217;s Home RELAX COMPLEX+MELATONINS &#8211; 90 kapsulas"},"content":{"rendered":"<p><strong>Sast\u0101vda\u013cas<\/strong>: Melisas (Melissa officinalis) lapu ekstrakts, \u017eelat\u012bns, baldri\u0101na (Valeriana Officinalis) sak\u0146u ekstrakts, pildviela mikrokrist\u0101lisk\u0101 celuloze, api\u0146a (Humulus lupulus) \u010diekuru ekstrakts, sarkan\u0101s pasifloras (Passiflora incarnata) ziedu ekstrakts, grifonijas (Griffonia implicifolia) s\u0113klu ekstrakts, nikot\u012bnam\u012bds (niac\u012bns), pretsalipes vielas tauksk\u0101bju magnija s\u0101\u013ci un sil\u012bcija dioks\u012bds, cianokobalam\u012bns, piridoks\u012bna hidrohlor\u012bds, tiam\u012bna hidrohlor\u012bds, riboflav\u012bns, melaton\u012bns.<\/p>\n<p>&nbsp;<\/p>\n<table>\n<tbody>\n<tr>\n<td width=\"160\">VIENA KAPSULA SATUR: RMV*, %<\/td>\n<td width=\"160\">&nbsp;<\/td>\n<td width=\"160\">&nbsp;<\/td>\n<\/tr>\n<tr>\n<td width=\"160\">Citronmelisas ekstrakts,<\/td>\n<td width=\"160\">100mg<\/td>\n<td width=\"160\">**<\/td>\n<\/tr>\n<tr>\n<td width=\"160\">kas satur rozmar\u012bnsk\u0101bi<\/td>\n<td width=\"160\">2.50mg<\/td>\n<td width=\"160\">**<\/td>\n<\/tr>\n<tr>\n<td width=\"160\">Valerijas ekstrakts,<\/td>\n<td width=\"160\">75.0mg<\/td>\n<td width=\"160\">**<\/td>\n<\/tr>\n<tr>\n<td width=\"160\">kas satur valer\u012bnsk\u0101bi<\/td>\n<td width=\"160\">0.60mg<\/td>\n<td width=\"160\">**<\/td>\n<\/tr>\n<tr>\n<td width=\"160\">Parast\u0101 api\u0146a ekstrakts<\/td>\n<td width=\"160\">50.0mg<\/td>\n<td width=\"160\">**<\/td>\n<\/tr>\n<tr>\n<td width=\"160\">Sarkan\u0101s pasifloras ekstrakts,<\/td>\n<td width=\"160\">50.0mg<\/td>\n<td width=\"160\">**<\/td>\n<\/tr>\n<tr>\n<td width=\"160\">kas satur flavono\u012bdus<\/td>\n<td width=\"160\">2.00mg<\/td>\n<td width=\"160\">**<\/td>\n<\/tr>\n<tr>\n<td width=\"160\">Grifonijas ekstrakts,<\/td>\n<td width=\"160\">50.0mg<\/td>\n<td width=\"160\">**<\/td>\n<\/tr>\n<tr>\n<td width=\"160\">satur 5-hidroksitriptof\u0101nu<\/td>\n<td width=\"160\">12.5mg<\/td>\n<td width=\"160\">**<\/td>\n<\/tr>\n<tr>\n<td width=\"160\">Tiam\u012bns (B1 vitam\u012bns)<\/td>\n<td width=\"160\">1.10mg<\/td>\n<td width=\"160\">100<\/td>\n<\/tr>\n<tr>\n<td width=\"160\">Riboflav\u012bns (B2 vitam\u012bns)<\/td>\n<td width=\"160\">1.0mg<\/td>\n<td width=\"160\">100<\/td>\n<\/tr>\n<tr>\n<td width=\"160\">Niac\u012bns (B3 vitam\u012bns)<\/td>\n<td width=\"160\">16,0 mg NE<\/td>\n<td width=\"160\">100<\/td>\n<\/tr>\n<tr>\n<td width=\"160\">B6 vitam\u012bns<\/td>\n<td width=\"160\">1.40mg<\/td>\n<td width=\"160\">100<\/td>\n<\/tr>\n<tr>\n<td width=\"160\">Vitam\u012bns B12<\/td>\n<td width=\"160\">2,50 \u00b5g<\/td>\n<td width=\"160\">100<\/td>\n<\/tr>\n<tr>\n<td width=\"160\">Melaton\u012bns<\/td>\n<td width=\"160\">1mg<\/td>\n<td width=\"160\">**<\/td>\n<\/tr>\n<tr>\n<td width=\"160\">* \u2013 atsauces uzturv\u0113rt\u012bba (RNV).<\/td>\n<td width=\"160\">&nbsp;<\/td>\n<td width=\"160\">&nbsp;<\/td>\n<\/tr>\n<tr>\n<td width=\"160\">** \u2013 uzturv\u0113rt\u012bbas atsauces v\u0113rt\u012bba nav noteikta.<\/td>\n<td width=\"160\">&nbsp;<\/td>\n<td width=\"160\">&nbsp;<\/td>\n<\/tr>\n<\/tbody>\n<\/table>\n<p>&nbsp;<\/p>\n<div><strong>Lieto\u0161ana<\/strong>: Ieteicams lietot vienu kapsulu dien\u0101, piem\u0113rots b\u0113rniem no 6 gadu vecuma; lab\u0101kam miega efektam &#8211; pusstundu pirms gul\u0113tie\u0161anas.<\/div>\n<div><\/div>\n<div><strong>Uzglab\u0101\u0161anas apst\u0101k\u013ci:<\/strong><\/div>\n<div><\/div>\n<div>Uzglab\u0101t v\u0113s\u0101, saus\u0101 viet\u0101. Sarg\u0101t no b\u0113rniem.<\/div>\n<div><\/div>\n<div>Ra\u017eot\u0101js: UAB &#8220;Domus Naturae&#8221;<\/div>\n<div>Neto daudzums: 47,7 g.<\/div>\n<div>Ieteicams l\u012bdz (der\u012bguma termi\u0146\u0161): vislab\u0101k izlietot l\u012bdz datumam, kas nor\u0101d\u012bts iepakojuma s\u0101nos, aug\u0161pus\u0113 vai apak\u0161\u0101.<\/div>\n<div><\/div>\n<div><strong>Br\u012bdin\u0101jums:<\/strong><\/div>\n<div><\/div>\n<div>Uztura bag\u0101tin\u0101t\u0101js neaizst\u0101j uzturu. Svar\u012bgs ir daudzveid\u012bgs un sabalans\u0113ts uzturs un vesel\u012bgs dz\u012bvesveids. Ja esat gr\u016btniece, barojat b\u0113rnu ar kr\u016bti vai lietojat citas z\u0101les, pirms lieto\u0161anas konsult\u0113jieties ar \u0101rstu vai farmaceitu. Nep\u0101rsniedziet ieteicamo devu.<\/div>\n","protected":false},"excerpt":{"rendered":"<div>RELAKS\u0100CIJAS KOMPLEKSS + MELATON\u012aNS \u2013 uztura bag\u0101tin\u0101t\u0101js lab\u0101kai atp\u016btai<\/div>\n<div><\/div>\n<div><strong>Galven\u0101s \u012bpa\u0161\u012bbas:<\/strong><\/div>\n<div><\/div>\n<ul>\n<li>Pal\u012bdz mazin\u0101t noguruma un nesp\u0113ka saj\u016btu<\/li>\n<li>Pal\u012bdz uztur\u0113t norm\u0101lu ener\u0123ijas metabolismu, nervu sist\u0113mas darb\u012bbu, psiholo\u0123isk\u0101s funkcijas<\/li>\n<\/ul>\n","protected":false},"featured_media":42764,"comment_status":"open","ping_status":"closed","template":"","meta":{"inline_featured_image":false},"product_brand":[],"product_cat":[161,151],"product_tag":[],"class_list":{"0":"post-42812","1":"product","2":"type-product","3":"status-publish","4":"has-post-thumbnail","6":"product_cat-akcijas","7":"product_cat-nervu-sistema","9":"first","10":"instock","11":"sale","12":"shipping-taxable","13":"purchasable","14":"product-type-simple"},"_links":{"self":[{"href":"https:\/\/loosen.lt\/lv\/wp-json\/wp\/v2\/product\/42812","targetHints":{"allow":["GET"]}}],"collection":[{"href":"https:\/\/loosen.lt\/lv\/wp-json\/wp\/v2\/product"}],"about":[{"href":"https:\/\/loosen.lt\/lv\/wp-json\/wp\/v2\/types\/product"}],"replies":[{"embeddable":true,"href":"https:\/\/loosen.lt\/lv\/wp-json\/wp\/v2\/comments?post=42812"}],"wp:featuredmedia":[{"embeddable":true,"href":"https:\/\/loosen.lt\/lv\/wp-json\/wp\/v2\/media\/42764"}],"wp:attachment":[{"href":"https:\/\/loosen.lt\/lv\/wp-json\/wp\/v2\/media?parent=42812"}],"wp:term":[{"taxonomy":"product_brand","embeddable":true,"href":"https:\/\/loosen.lt\/lv\/wp-json\/wp\/v2\/product_brand?post=42812"},{"taxonomy":"product_cat","embeddable":true,"href":"https:\/\/loosen.lt\/lv\/wp-json\/wp\/v2\/product_cat?post=42812"},{"taxonomy":"product_tag","embeddable":true,"href":"https:\/\/loosen.lt\/lv\/wp-json\/wp\/v2\/product_tag?post=42812"}],"curies":[{"name":"wp","href":"https:\/\/api.w.org\/{rel}","templated":true}]}}