{"id":42815,"date":"2026-01-22T13:44:28","date_gmt":"2026-01-22T13:44:28","guid":{"rendered":"https:\/\/loosen.lt\/produktas\/natures-home-komplekss-holesterina-lidzsvaram-60-kapsulas\/"},"modified":"2026-01-22T13:44:28","modified_gmt":"2026-01-22T13:44:28","slug":"natures-home-komplekss-holesterina-lidzsvaram-60-kapsulas","status":"publish","type":"product","link":"https:\/\/loosen.lt\/lv\/produkts\/natures-home-komplekss-holesterina-lidzsvaram-60-kapsulas\/","title":{"rendered":"Nature&#8217;s Home komplekss holester\u012bna l\u012bdzsvaram &#8211; 60 kapsulas"},"content":{"rendered":"<p><strong>Sast\u0101vda\u013cas<\/strong>: Indijas miramoras (Commiphora mukul Engl.) sve\u0137u sausais ekstrakts, kurkumas (Curcuma longa L.) sakne\u0146u sausais ekstrakts, balt\u0101s ce\u013cmallapas (Plantago ovata Forssk.) pulveris, ve\u0123et\u0101r\u0101s kapsulas apvalks (hidroksipropilmetilceluloze), api\u0146u (Humulus lupulus L.) rogas sausais ekstrakts, fitoster\u012bnu komplekss, mikrokrist\u0101lisk\u0101 celuloze k\u0101 pildviela un tauksk\u0101bju magnija s\u0101\u013ci un sil\u012bcija dioks\u012bds k\u0101 l\u012bmviela<\/p>\n<table>\n<tbody>\n<tr>\n<td width=\"160\">VIENA KAPSULA SATUR:<\/td>\n<td width=\"160\">&nbsp;<\/td>\n<td width=\"160\">&nbsp;<\/td>\n<\/tr>\n<tr>\n<td width=\"160\">Indijas miramedum sve\u0137u ekstrakts,<\/td>\n<td width=\"160\">&nbsp;<\/td>\n<td width=\"160\">120mg<\/td>\n<\/tr>\n<tr>\n<td width=\"160\">&nbsp;<\/td>\n<td width=\"160\">satur stero\u012bdus<\/td>\n<td width=\"160\">3mg<\/td>\n<\/tr>\n<tr>\n<td width=\"160\">Kurkumas sakne\u0146u ekstrakts,<\/td>\n<td width=\"160\">&nbsp;<\/td>\n<td width=\"160\">100mg<\/td>\n<\/tr>\n<tr>\n<td width=\"160\">&nbsp;<\/td>\n<td width=\"160\">kas satur kurkum\u012bnu<\/td>\n<td width=\"160\">40mg<\/td>\n<\/tr>\n<tr>\n<td width=\"160\">B\u0101lgans plant\u0101na pulveris<\/td>\n<td width=\"160\">&nbsp;<\/td>\n<td width=\"160\">100mg<\/td>\n<\/tr>\n<tr>\n<td width=\"160\">Parast\u0101 api\u0146u rogas ekstrakts,<\/td>\n<td width=\"160\">&nbsp;<\/td>\n<td width=\"160\">75mg<\/td>\n<\/tr>\n<tr>\n<td width=\"160\">&nbsp;<\/td>\n<td width=\"160\">kas satur flavonus<\/td>\n<td width=\"160\">3mg<\/td>\n<\/tr>\n<tr>\n<td width=\"160\">Fitoster\u012bni<\/td>\n<td width=\"160\">&nbsp;<\/td>\n<td width=\"160\">71,25mg<\/td>\n<\/tr>\n<\/tbody>\n<\/table>\n<p>&nbsp;<\/p>\n<div><strong>Lieto\u0161ana<\/strong>: Ieteicams lietot vienu kapsulu dien\u0101. Produkts ir piem\u0113rots b\u0113rniem, kas vec\u0101ki par 12 gadiem, k\u0101 ar\u012b ve\u0123et\u0101rie\u0161iem un veg\u0101niem.<\/div>\n<div><\/div>\n<div><strong>Uzglab\u0101\u0161anas apst\u0101k\u013ci:<\/strong><\/div>\n<div><\/div>\n<div>Uzglab\u0101t v\u0113s\u0101, saus\u0101 viet\u0101. Sarg\u0101t no b\u0113rniem.<\/div>\n<div><\/div>\n<div>Ra\u017eot\u0101js: UAB &#8220;Domus Naturae&#8221;<\/div>\n<div><\/div>\n<div>Neto svars: 36 g g.<\/div>\n<div><\/div>\n<div>Ieteicams l\u012bdz (der\u012bguma termi\u0146\u0161): vislab\u0101k izlietot l\u012bdz datumam, kas nor\u0101d\u012bts iepakojuma s\u0101nos, aug\u0161pus\u0113 vai apak\u0161\u0101.<\/div>\n<div><\/div>\n<div><strong>Br\u012bdin\u0101jums:<\/strong><\/div>\n<div><\/div>\n<div>Uztura bag\u0101tin\u0101t\u0101js neaizst\u0101j uzturu. Svar\u012bgs ir daudzveid\u012bgs un sabalans\u0113ts uzturs un vesel\u012bgs dz\u012bvesveids. Ja esat gr\u016btniece, barojat b\u0113rnu ar kr\u016bti vai lietojat citas z\u0101les, pirms lieto\u0161anas konsult\u0113jieties ar \u0101rstu vai farmaceitu. Nep\u0101rsniedziet ieteicamo devu.<\/div>\n","protected":false},"excerpt":{"rendered":"<div>&#8220;Holester\u012bna l\u012bdzsvaram&#8221; ir \u012bpa\u0161s uztura bag\u0101tin\u0101t\u0101js, kas pal\u012bdz uztur\u0113t norm\u0101lu holester\u012bna l\u012bmeni asin\u012bs un stiprina sirds un asinsrites vesel\u012bbu.<\/div>\n<div><\/div>\n<div><strong>Galven\u0101s \u012bpa\u0161\u012bbas:<\/strong><\/div>\n<div><\/div>\n<ul>\n<li><strong>Indijas mirte:<\/strong> parast\u0101 kurkuma, balt\u0101 plant\u0101ne un parastie api\u0146i veicina norm\u0101la holester\u012bna l\u012bme\u0146a uztur\u0113\u0161anu asin\u012bs<\/li>\n<li><strong>Parast\u0101 kurkuma:<\/strong> atbalsta ar\u012b vesel\u012bgu sirds, asinsvadu un aknu darb\u012bbu<\/li>\n<li><strong>Balt\u0101 plant\u0101ne:<\/strong> pal\u012bdz nodro\u0161in\u0101t pareizu asinsrites darb\u012bbu<\/li>\n<\/ul>\n","protected":false},"featured_media":41068,"comment_status":"open","ping_status":"closed","template":"","meta":{"inline_featured_image":false},"product_brand":[],"product_cat":[161,158],"product_tag":[],"class_list":{"0":"post-42815","1":"product","2":"type-product","3":"status-publish","4":"has-post-thumbnail","6":"product_cat-akcijas","7":"product_cat-sirds-un-asins-plusma","9":"first","10":"instock","11":"sale","12":"shipping-taxable","13":"purchasable","14":"product-type-simple"},"_links":{"self":[{"href":"https:\/\/loosen.lt\/lv\/wp-json\/wp\/v2\/product\/42815","targetHints":{"allow":["GET"]}}],"collection":[{"href":"https:\/\/loosen.lt\/lv\/wp-json\/wp\/v2\/product"}],"about":[{"href":"https:\/\/loosen.lt\/lv\/wp-json\/wp\/v2\/types\/product"}],"replies":[{"embeddable":true,"href":"https:\/\/loosen.lt\/lv\/wp-json\/wp\/v2\/comments?post=42815"}],"wp:featuredmedia":[{"embeddable":true,"href":"https:\/\/loosen.lt\/lv\/wp-json\/wp\/v2\/media\/41068"}],"wp:attachment":[{"href":"https:\/\/loosen.lt\/lv\/wp-json\/wp\/v2\/media?parent=42815"}],"wp:term":[{"taxonomy":"product_brand","embeddable":true,"href":"https:\/\/loosen.lt\/lv\/wp-json\/wp\/v2\/product_brand?post=42815"},{"taxonomy":"product_cat","embeddable":true,"href":"https:\/\/loosen.lt\/lv\/wp-json\/wp\/v2\/product_cat?post=42815"},{"taxonomy":"product_tag","embeddable":true,"href":"https:\/\/loosen.lt\/lv\/wp-json\/wp\/v2\/product_tag?post=42815"}],"curies":[{"name":"wp","href":"https:\/\/api.w.org\/{rel}","templated":true}]}}