{"id":42847,"date":"2026-02-11T17:25:16","date_gmt":"2026-02-11T17:25:16","guid":{"rendered":"https:\/\/loosen.lt\/produktas\/natures-house-vermeles-60-kapsulas\/"},"modified":"2026-02-11T17:25:16","modified_gmt":"2026-02-11T17:25:16","slug":"natures-house-vermeles-60-kapsulas","status":"publish","type":"product","link":"https:\/\/loosen.lt\/lv\/produkts\/natures-house-vermeles-60-kapsulas\/","title":{"rendered":"Nature&#8217;s House v\u0113rmeles &#8211; 60 kapsulas"},"content":{"rendered":"<p><strong>Sast\u0101vda\u013cas<\/strong>: v\u0113rmeles (Artemisia absinthium) sausais ekstrakts, augu kapsula (hidroksipropilmetilceluloze), pretsalipes vielas \u2013 kalcija fosf\u0101ts, mikrokrist\u0101lisk\u0101 celuloze, tauksk\u0101bju magnija s\u0101\u013ci un sil\u012bcija dioks\u012bds.<\/p>\n<table>\n<tbody>\n<tr>\n<td width=\"160\">Viena kapsula satur:<\/td>\n<td width=\"160\">&nbsp;<\/td>\n<\/tr>\n<tr>\n<td width=\"160\">V\u0113rmeles (Artemisia absinthium) gar\u0161augu sausais ekstrakts<\/td>\n<td width=\"160\">415mg<\/td>\n<\/tr>\n<\/tbody>\n<\/table>\n<p>&nbsp;<\/p>\n<div><strong>Lieto\u0161ana<\/strong>: Ieteicams lietot vienu kapsulu dien\u0101. Piem\u0113rots ve\u0123et\u0101rie\u0161iem un veg\u0101niem.<\/div>\n<div><\/div>\n<div><strong>Uzglab\u0101\u0161anas apst\u0101k\u013ci:<\/strong><\/div>\n<div><\/div>\n<div>Uzglab\u0101t v\u0113s\u0101, saus\u0101 viet\u0101. Sarg\u0101t no b\u0113rniem.<\/div>\n<div>Ra\u017eot\u0101js: UAB \u201eDomus Naturae\u201c<\/div>\n<div>Neto daudzums: 38 g.<\/div>\n<div>Ieteicams l\u012bdz (der\u012bguma termi\u0146\u0161): Ieteicams l\u012bdz datumam, kas nor\u0101d\u012bts iepakojuma s\u0101nos, aug\u0161pus\u0113 vai apak\u0161\u0101.<\/div>\n<div><\/div>\n<div><strong>Br\u012bdin\u0101jums:<\/strong><\/div>\n<div><\/div>\n<div>Uztura bag\u0101tin\u0101t\u0101js neaizst\u0101j uzturu. Svar\u012bgs ir daudzveid\u012bgs un sabalans\u0113ts uzturs un vesel\u012bgs dz\u012bvesveids. Ja esat gr\u016btniece, barojat b\u0113rnu ar kr\u016bti vai lietojat citas z\u0101les, pirms lieto\u0161anas konsult\u0113jieties ar \u0101rstu vai farmaceitu. Nep\u0101rsniedziet ieteicamo devu.<\/div>\n","protected":false},"excerpt":{"rendered":"<div>Nature&#8217;s Home Wormwood \u2013 augstas kvalit\u0101tes uztura bag\u0101tin\u0101t\u0101js ar v\u0113rmeles (Artemisia absinthium) sauso ekstraktu<\/div>\n<div><\/div>\n<div><strong>Galven\u0101s \u012bpa\u0161\u012bbas:<\/strong><\/div>\n<div><\/div>\n<ul>\n<li>Satur v\u0113rmeles (Artemisia absinthium) sauso ekstraktu<\/li>\n<li>Augu izcelsmes uztura bag\u0101tin\u0101t\u0101js<\/li>\n<li>Augs, ko jau sen izmanto tradicion\u0101laj\u0101 medic\u012bn\u0101<\/li>\n<li>Labi paz\u012bstams augs tradicion\u0101laj\u0101 z\u0101\u013cu terapij\u0101<\/li>\n<li>R\u016bgts augs, ko nov\u0113rt\u0113 t\u0101 dabisko \u012bpa\u0161\u012bbu d\u0113\u013c<\/li>\n<\/ul>\n","protected":false},"featured_media":42832,"comment_status":"open","ping_status":"closed","template":"","meta":{"inline_featured_image":false},"product_brand":[],"product_cat":[157],"product_tag":[],"class_list":{"0":"post-42847","1":"product","2":"type-product","3":"status-publish","4":"has-post-thumbnail","6":"product_cat-gremosana-un-zarnas","8":"first","9":"instock","10":"shipping-taxable","11":"purchasable","12":"product-type-simple"},"_links":{"self":[{"href":"https:\/\/loosen.lt\/lv\/wp-json\/wp\/v2\/product\/42847","targetHints":{"allow":["GET"]}}],"collection":[{"href":"https:\/\/loosen.lt\/lv\/wp-json\/wp\/v2\/product"}],"about":[{"href":"https:\/\/loosen.lt\/lv\/wp-json\/wp\/v2\/types\/product"}],"replies":[{"embeddable":true,"href":"https:\/\/loosen.lt\/lv\/wp-json\/wp\/v2\/comments?post=42847"}],"wp:featuredmedia":[{"embeddable":true,"href":"https:\/\/loosen.lt\/lv\/wp-json\/wp\/v2\/media\/42832"}],"wp:attachment":[{"href":"https:\/\/loosen.lt\/lv\/wp-json\/wp\/v2\/media?parent=42847"}],"wp:term":[{"taxonomy":"product_brand","embeddable":true,"href":"https:\/\/loosen.lt\/lv\/wp-json\/wp\/v2\/product_brand?post=42847"},{"taxonomy":"product_cat","embeddable":true,"href":"https:\/\/loosen.lt\/lv\/wp-json\/wp\/v2\/product_cat?post=42847"},{"taxonomy":"product_tag","embeddable":true,"href":"https:\/\/loosen.lt\/lv\/wp-json\/wp\/v2\/product_tag?post=42847"}],"curies":[{"name":"wp","href":"https:\/\/api.w.org\/{rel}","templated":true}]}}