{"id":42967,"date":"2026-03-27T16:31:34","date_gmt":"2026-03-27T16:31:34","guid":{"rendered":"https:\/\/loosen.lt\/produktas\/vitalharmony-c-vitamins-1000-mg-90-kapsulas\/"},"modified":"2026-03-27T16:31:34","modified_gmt":"2026-03-27T16:31:34","slug":"vitalharmony-c-vitamins-1000-mg-90-kapsulas","status":"publish","type":"product","link":"https:\/\/loosen.lt\/lv\/produkts\/vitalharmony-c-vitamins-1000-mg-90-kapsulas\/","title":{"rendered":"VitalHarmony C vitam\u012bns 1000 mg &#8211; 90 kapsulas"},"content":{"rendered":"<div><strong>Sast\u0101vda\u013cas<\/strong>: C vitam\u012bns (L-askorb\u012bnsk\u0101be), kapsulas apvalks, \u017eelat\u012bns, att\u012br\u012bts \u016bdens.<\/div>\n<div><\/div>\n<div><strong>Var satur\u0113t alerg\u0113nu p\u0113das:<\/strong> pienu (ieskaitot laktozi), soju, zemesriekstus un citus riekstus, sezama s\u0113klas, glut\u0113nu saturo\u0161us graudaugus, olas, v\u0113\u017eveid\u012bgos un zivis.<\/div>\n<div><\/div>\n<div>\n<table>\n<tbody>\n<tr>\n<td width=\"214\">Uzturv\u0113rt\u012bba<\/td>\n<td width=\"214\">Daudzums 1 kapsul\u0101<\/td>\n<td width=\"214\">%RMV*<\/td>\n<\/tr>\n<tr>\n<td width=\"214\">C vitam\u012bns (L-askorb\u012bnsk\u0101be)<\/td>\n<td width=\"214\">1000mg<\/td>\n<td width=\"214\">1250%<\/td>\n<\/tr>\n<\/tbody>\n<\/table>\n<\/div>\n<p>&nbsp;<\/p>\n<div>*RMV \u2013 atsauces uzturv\u0113rt\u012bba<\/div>\n<div><\/div>\n<div><strong>Deva<\/strong>: Ieteicams lietot vienu kapsulu dien\u0101, uzdzerot pietiekamu daudzumu \u016bdens.<\/div>\n<div><\/div>\n<div><strong>Uzglab\u0101\u0161anas apst\u0101k\u013ci:<\/strong><\/div>\n<div><\/div>\n<div>Uzglab\u0101t v\u0113s\u0101, saus\u0101 viet\u0101. Sarg\u0101t no b\u0113rniem.<\/div>\n<div><\/div>\n<div>Ra\u017eot\u0101js: SIA Matrixsoftlabs<\/div>\n<div>Neto daudzums: 100 g.<\/div>\n<div>Ieteicams l\u012bdz (der\u012bguma termi\u0146\u0161): ieteicams l\u012bdz datumam, kas nor\u0101d\u012bts iepakojuma s\u0101nos, aug\u0161pus\u0113 vai apak\u0161\u0101.<\/div>\n<div><\/div>\n<div><strong>Br\u012bdin\u0101jums:<\/strong><\/div>\n<div><\/div>\n<div>Uztura bag\u0101tin\u0101t\u0101js neaizst\u0101j uzturu. Svar\u012bgs ir daudzveid\u012bgs un sabalans\u0113ts uzturs un vesel\u012bgs dz\u012bvesveids. Ja esat gr\u016btniece, barojat b\u0113rnu ar kr\u016bti vai lietojat citas z\u0101les, pirms lieto\u0161anas konsult\u0113jieties ar \u0101rstu vai farmaceitu. Nep\u0101rsniedziet ieteicamo devu.<\/div>\n","protected":false},"excerpt":{"rendered":"<div>VitalHarmony C vitam\u012bns 1000 mg &#8211; augstas kvalit\u0101tes uztura bag\u0101tin\u0101t\u0101js<\/div>\n<div><\/div>\n<div><strong>Galven\u0101s \u012bpa\u0161\u012bbas:<\/strong><\/div>\n<div><\/div>\n<ul>\n<li>Atbalsta norm\u0101lu im\u016bnsist\u0113mas darb\u012bbu<\/li>\n<li>Aizsarg\u0101 \u0161\u016bnas no kait\u012bg\u0101 oksidat\u012bv\u0101 stresa<\/li>\n<li>Nodro\u0161ina norm\u0101lu ener\u0123ijas metabolismu<\/li>\n<li>Atbalsta noguruma un nesp\u0113ka saj\u016btu<\/li>\n<li>Atbalsta nervu sist\u0113mas darb\u012bbu un psiholo\u0123isko l\u012bdzsvaru<\/li>\n<li>Veicina kolag\u0113na veido\u0161anos<\/li>\n<\/ul>\n","protected":false},"featured_media":42957,"comment_status":"open","ping_status":"closed","template":"","meta":{"inline_featured_image":false},"product_brand":[],"product_cat":[161,148],"product_tag":[],"class_list":{"0":"post-42967","1":"product","2":"type-product","3":"status-publish","4":"has-post-thumbnail","6":"product_cat-akcijas","7":"product_cat-imunitate","9":"first","10":"instock","11":"sale","12":"shipping-taxable","13":"purchasable","14":"product-type-simple"},"_links":{"self":[{"href":"https:\/\/loosen.lt\/lv\/wp-json\/wp\/v2\/product\/42967","targetHints":{"allow":["GET"]}}],"collection":[{"href":"https:\/\/loosen.lt\/lv\/wp-json\/wp\/v2\/product"}],"about":[{"href":"https:\/\/loosen.lt\/lv\/wp-json\/wp\/v2\/types\/product"}],"replies":[{"embeddable":true,"href":"https:\/\/loosen.lt\/lv\/wp-json\/wp\/v2\/comments?post=42967"}],"wp:featuredmedia":[{"embeddable":true,"href":"https:\/\/loosen.lt\/lv\/wp-json\/wp\/v2\/media\/42957"}],"wp:attachment":[{"href":"https:\/\/loosen.lt\/lv\/wp-json\/wp\/v2\/media?parent=42967"}],"wp:term":[{"taxonomy":"product_brand","embeddable":true,"href":"https:\/\/loosen.lt\/lv\/wp-json\/wp\/v2\/product_brand?post=42967"},{"taxonomy":"product_cat","embeddable":true,"href":"https:\/\/loosen.lt\/lv\/wp-json\/wp\/v2\/product_cat?post=42967"},{"taxonomy":"product_tag","embeddable":true,"href":"https:\/\/loosen.lt\/lv\/wp-json\/wp\/v2\/product_tag?post=42967"}],"curies":[{"name":"wp","href":"https:\/\/api.w.org\/{rel}","templated":true}]}}