{"id":42971,"date":"2026-03-27T16:26:59","date_gmt":"2026-03-27T16:26:59","guid":{"rendered":"https:\/\/loosen.lt\/produktas\/vitalharmony-kalcijs-d3-90-kapsulas\/"},"modified":"2026-03-27T16:26:59","modified_gmt":"2026-03-27T16:26:59","slug":"vitalharmony-kalcijs-d3-90-kapsulas","status":"publish","type":"product","link":"https:\/\/loosen.lt\/lv\/produkts\/vitalharmony-kalcijs-d3-90-kapsulas\/","title":{"rendered":"VitalHarmony Kalcijs + D3 &#8211; 90 kapsulas"},"content":{"rendered":"<p><strong>Sast\u0101vda\u013cas<\/strong>: kalcijs (kalcija citr\u0101ts), D3 vitam\u012bns (holekalciferols), kapsulas apvalks: liellopu \u017eelat\u012bns, att\u012br\u012bts \u016bdens.<\/p>\n<table>\n<tbody>\n<tr>\n<td width=\"214\">Uzturv\u0113rt\u012bba<\/td>\n<td width=\"214\">Daudzums vien\u0101 kapsul\u0101<\/td>\n<td width=\"214\">%RMV*<\/td>\n<\/tr>\n<tr>\n<td width=\"214\">Kalcija citr\u0101ts<\/td>\n<td width=\"214\">1527mg<\/td>\n<td width=\"214\">&nbsp;<\/td>\n<\/tr>\n<tr>\n<td width=\"214\">No t\u0101 kalcijs<\/td>\n<td width=\"214\">360mg<\/td>\n<td width=\"214\">50%<\/td>\n<\/tr>\n<tr>\n<td width=\"214\">D3 vitam\u012bns (holekalciferols)<\/td>\n<td width=\"214\">5 \u00b5g (200 SV)<\/td>\n<td width=\"214\">100%<\/td>\n<\/tr>\n<\/tbody>\n<\/table>\n<p>&nbsp;<\/p>\n<div>*RMV \u2013 atsauces uzturv\u0113rt\u012bba<\/div>\n<div><\/div>\n<div><strong>Deva<\/strong>: Lietojiet vienu kapsulu dien\u0101, uzdzerot pietiekamu daudzumu \u016bdens.<\/div>\n<div><\/div>\n<div><strong>Uzglab\u0101\u0161anas apst\u0101k\u013ci:<\/strong><\/div>\n<div><\/div>\n<div>Uzglab\u0101t v\u0113s\u0101, saus\u0101 viet\u0101. Sarg\u0101t no b\u0113rniem.<\/div>\n<div><\/div>\n<div>Ra\u017eot\u0101js: SIA Matrixsoftlabs<\/div>\n<div>Neto daudzums: 83 g.<\/div>\n<div>Ieteicams l\u012bdz (der\u012bguma termi\u0146\u0161): ieteicams l\u012bdz datumam, kas nor\u0101d\u012bts iepakojuma s\u0101nos, aug\u0161pus\u0113 vai apak\u0161\u0101.<\/div>\n<div><\/div>\n<div><strong>Br\u012bdin\u0101jums:<\/strong><\/div>\n<div><\/div>\n<div>Uztura bag\u0101tin\u0101t\u0101js neaizst\u0101j uzturu. Svar\u012bgs ir daudzveid\u012bgs un sabalans\u0113ts uzturs un vesel\u012bgs dz\u012bvesveids. Ja esat gr\u016btniece, barojat b\u0113rnu ar kr\u016bti vai lietojat citas z\u0101les, pirms lieto\u0161anas konsult\u0113jieties ar \u0101rstu vai farmaceitu. Nep\u0101rsniedziet ieteicamo devu.<\/div>\n","protected":false},"excerpt":{"rendered":"<p>Sast\u0101vda\u013cas: kalcijs (kalcija citr\u0101ts), D3 vitam\u012bns (holekalciferols), kapsulas apvalks: liellopu \u017eelat\u012bns, att\u012br\u012bts \u016bdens. Uzturv\u0113rt\u012bba Daudzums vien\u0101 kapsul\u0101 %RMV* Kalcija citr\u0101ts 1527mg &nbsp; No t\u0101 kalcijs 360mg 50% D3 vitam\u012bns (holekalciferols) 5 \u00b5g (200 SV) 100% &nbsp; *RMV \u2013 atsauces uzturv\u0113rt\u012bba Deva: Lietojiet vienu kapsulu dien\u0101, uzdzerot pietiekamu daudzumu \u016bdens. Uzglab\u0101\u0161anas apst\u0101k\u013ci: Uzglab\u0101t v\u0113s\u0101, saus\u0101 viet\u0101. [&#8230;]\n","protected":false},"featured_media":42949,"comment_status":"open","ping_status":"closed","template":"","meta":{"inline_featured_image":false},"product_brand":[],"product_cat":[161,149],"product_tag":[],"class_list":{"0":"post-42971","1":"product","2":"type-product","3":"status-publish","4":"has-post-thumbnail","6":"product_cat-akcijas","7":"product_cat-kauli-un-locitavas","9":"first","10":"instock","11":"sale","12":"shipping-taxable","13":"purchasable","14":"product-type-simple"},"_links":{"self":[{"href":"https:\/\/loosen.lt\/lv\/wp-json\/wp\/v2\/product\/42971","targetHints":{"allow":["GET"]}}],"collection":[{"href":"https:\/\/loosen.lt\/lv\/wp-json\/wp\/v2\/product"}],"about":[{"href":"https:\/\/loosen.lt\/lv\/wp-json\/wp\/v2\/types\/product"}],"replies":[{"embeddable":true,"href":"https:\/\/loosen.lt\/lv\/wp-json\/wp\/v2\/comments?post=42971"}],"wp:featuredmedia":[{"embeddable":true,"href":"https:\/\/loosen.lt\/lv\/wp-json\/wp\/v2\/media\/42949"}],"wp:attachment":[{"href":"https:\/\/loosen.lt\/lv\/wp-json\/wp\/v2\/media?parent=42971"}],"wp:term":[{"taxonomy":"product_brand","embeddable":true,"href":"https:\/\/loosen.lt\/lv\/wp-json\/wp\/v2\/product_brand?post=42971"},{"taxonomy":"product_cat","embeddable":true,"href":"https:\/\/loosen.lt\/lv\/wp-json\/wp\/v2\/product_cat?post=42971"},{"taxonomy":"product_tag","embeddable":true,"href":"https:\/\/loosen.lt\/lv\/wp-json\/wp\/v2\/product_tag?post=42971"}],"curies":[{"name":"wp","href":"https:\/\/api.w.org\/{rel}","templated":true}]}}